{"id":930,"date":"2016-01-18T07:49:35","date_gmt":"2016-01-18T07:49:35","guid":{"rendered":"https:\/\/walhalla.fi\/sv\/?page_id=930"},"modified":"2026-02-04T18:38:26","modified_gmt":"2026-02-04T16:38:26","slug":"kuukauden","status":"publish","type":"page","link":"https:\/\/walhalla.fi\/sv\/verksamhet\/kuukauden\/","title":{"rendered":"M\u00e5nadens nordiska film"},"content":{"rendered":"\n<style type=\"text\/css\" data-created_by=\"avia_inline_auto\" id=\"style-css-av-16vwyq-519cc9458b64558d9e2f29aa11814bce\">\n.flex_column.av-16vwyq-519cc9458b64558d9e2f29aa11814bce{\nborder-radius:0px 0px 0px 0px;\n-webkit-border-radius:0px 0px 0px 0px;\n-moz-border-radius:0px 0px 0px 0px;\n}\n<\/style>\n<div class='flex_column av-16vwyq-519cc9458b64558d9e2f29aa11814bce av_three_fifth  avia-builder-el-0  el_before_av_two_fifth  avia-builder-el-first  first flex_column_div av-zero-column-padding '   ><section  class='av_textblock_section av-kesc0nlk-22f811dc3fed46c85b12bb915bef1af6'  itemscope=\"itemscope\" itemtype=\"https:\/\/schema.org\/CreativeWork\" ><div class='avia_textblock'  itemprop=\"text\" ><h1>M\u00e5nadens nordiska film 2026<\/h1>\n<p><strong>BJ\u00d6RNEBORG ESBO JOENSUU LAHTIS TAMMERFORS TAVASTEHUS TORNIOHAPARANDA ULE\u00c5BORG VASA \u00c5BO<\/strong><\/p>\n<p>M\u00e5nadens nordiska film presenterar prisbel\u00f6nta nordiska filmp\u00e4rlor och br\u00e4nnande aktuella ber\u00e4ttelser fr\u00e5n olika delar av Norden.\u00a0 Serien visas p\u00e5 tio orter fr\u00e5n januari till maj.<\/p>\n<p>S\u00e5som tidigare, varierar programmet ortvis eftersom vi vill skr\u00e4ddarsy den enligt lokala \u00f6nskem\u00e5l. Walhalla visar den br\u00e4nnande aktuella gr\u00f6nl\u00e4ndska dokument\u00e4ren <em>WALLS &#8211; AKINNI INUK,<\/em> vilket gl\u00e4der oss eftersom filmen inte kommer att s\u00e4ttas upp kommersiellt p\u00e5 biograferna i Finland. I programmet finns ocks\u00e5 svenska <em>KRONPRINSEN OCH TYRANNENS \u00c5TERKOMST <\/em>f\u00f6r skolgrupper och norska skoldramafilmen <em>ARMAND<\/em>. Dessutom har vi \u00e4ran att visa den f\u00e4r\u00f6iska filmen och vinnaren av Nordiska r\u00e5dets filmpris 2025\u00a0<em>THE LAST PARADISE ON EARTH.\u00a0<\/em><\/p>\n<p>F\u00f6rhandsanm\u00e4lda skolgrupper har fritt intr\u00e4de till visningarna. Vi bjuder bl.a. p\u00e5 den f\u00f6rsta samiska ungdomsfilmen\u00a0<em>BIRU UNJ\u00c1RGA\u00a0<\/em>och den danska ungdomsdramat\u00a0<em>HONEY.\u00a0<\/em><\/p>\n<p>Serien m\u00f6jligg\u00f6rs av ett v\u00e4lutarbetat samarbete, som vi utvecklat under \u00e5rens lopp. Id\u00e9n med serien \u00e4r att fr\u00e4mja nordisk film i hela landet.<em><br \/>\n<\/em><\/p>\n<p>Visningsplatser &amp; samarbetspartners:<\/p>\n<p>Bj\u00f6rneborg: Kulturhuset Fiini<br \/>\nEsbo: Hanaholmens kulturcentrum<br \/>\nTavastehus: Kino Tavast ry, BioRex Verkatehdas<br \/>\nJoensuu: Elokuvateatterikeskus Tapio, Pohjois-Karjalan alueellinen elokuvayhdistys ry &amp; Pohjola-Norden<br \/>\nLahtis: Kino Iiris, P\u00e4ij\u00e4t-H\u00e4meen elokuvakeskus ry<br \/>\nUle\u00e5borg: Elokuvateatteri Studio, Oulun elokuvakeskus<br \/>\nTammerfors: Arthouse Cinema Niagara, Pirkanmaan elokuvakeskus<br \/>\nTorne\u00e5Haparanda: Aineen taidemuseo, Pohjola-Norden<br \/>\n\u00c5bo: Kino Kilta, Varsinais-Suomen elokuvakeskus<br \/>\nVasa: Kino Ritz<\/p>\n<p>Serien arrangeras av Walhalla rf, Svenska nu, Pohjola-Norden och Nordisk kulturkontakt.<\/p>\n<p>Tack till alla samarbetspartners och v\u00e4lkomna p\u00e5 bio!<\/p>\n<\/div><\/section><\/div>\n<style type=\"text\/css\" data-created_by=\"avia_inline_auto\" id=\"style-css-av-42fju-7deedf9e61cc065f30f11b2da0d45c0c\">\n.flex_column.av-42fju-7deedf9e61cc065f30f11b2da0d45c0c{\nborder-radius:0px 0px 0px 0px;\n-webkit-border-radius:0px 0px 0px 0px;\n-moz-border-radius:0px 0px 0px 0px;\n}\n<\/style>\n<div class='flex_column av-42fju-7deedf9e61cc065f30f11b2da0d45c0c av_two_fifth  avia-builder-el-2  el_after_av_three_fifth  avia-builder-el-last  flex_column_div av-zero-column-padding '   ><p>\n<style type=\"text\/css\" data-created_by=\"avia_inline_auto\" id=\"style-css-av-yx1sy-ef1369a5014d566055f4d9b5de449fde\">\n.avia-image-container.av-yx1sy-ef1369a5014d566055f4d9b5de449fde .av-image-caption-overlay-center{\ncolor:#ffffff;\n}\n<\/style>\n<div  class='avia-image-container av-yx1sy-ef1369a5014d566055f4d9b5de449fde av-styling- avia-align-center  avia-builder-el-3  el_before_av_image  avia-builder-el-first '  itemprop=\"image\" itemscope=\"itemscope\" itemtype=\"https:\/\/schema.org\/ImageObject\" ><div class=\"avia-image-container-inner\"><div class=\"avia-image-overlay-wrap\"><img decoding=\"async\" class='wp-image-4489 avia-img-lazy-loading-not-4489 avia_image' src=\"https:\/\/walhalla.fi\/wp-content\/uploads\/2024\/01\/MNF-logoFI_Kaari_RGB-300x125.png\" alt='' title='MNF-logo+FI_Kaari_RGB'  height=\"125\" width=\"300\"  itemprop=\"thumbnailUrl\" srcset=\"https:\/\/walhalla.fi\/wp-content\/uploads\/2024\/01\/MNF-logoFI_Kaari_RGB-300x125.png 300w, https:\/\/walhalla.fi\/wp-content\/uploads\/2024\/01\/MNF-logoFI_Kaari_RGB-768x320.png 768w, https:\/\/walhalla.fi\/wp-content\/uploads\/2024\/01\/MNF-logoFI_Kaari_RGB-705x294.png 705w, https:\/\/walhalla.fi\/wp-content\/uploads\/2024\/01\/MNF-logoFI_Kaari_RGB.png 780w\" sizes=\"(max-width: 300px) 100vw, 300px\" \/><\/div><\/div><\/div><br \/>\n\n<style type=\"text\/css\" data-created_by=\"avia_inline_auto\" id=\"style-css-av-t894a-7bf6abd55987eaa71d2e5fcf0b4232a7\">\n.avia-image-container.av-t894a-7bf6abd55987eaa71d2e5fcf0b4232a7 .av-image-caption-overlay-center{\ncolor:#ffffff;\n}\n<\/style>\n<div  class='avia-image-container av-t894a-7bf6abd55987eaa71d2e5fcf0b4232a7 av-styling- avia-align-center  avia-builder-el-4  el_after_av_image  el_before_av_image '  itemprop=\"image\" itemscope=\"itemscope\" itemtype=\"https:\/\/schema.org\/ImageObject\" ><div class=\"avia-image-container-inner\"><div class=\"avia-image-overlay-wrap\"><img decoding=\"async\" class='wp-image-5483 avia-img-lazy-loading-not-5483 avia_image' src=\"https:\/\/walhalla.fi\/wp-content\/uploads\/2026\/01\/VB_Vi_ar_bast_3-300x228.jpg\" alt='' title='VB_Vi_ar_bast_3'  height=\"228\" width=\"300\"  itemprop=\"thumbnailUrl\" srcset=\"https:\/\/walhalla.fi\/wp-content\/uploads\/2026\/01\/VB_Vi_ar_bast_3-300x228.jpg 300w, https:\/\/walhalla.fi\/wp-content\/uploads\/2026\/01\/VB_Vi_ar_bast_3-1030x782.jpg 1030w, https:\/\/walhalla.fi\/wp-content\/uploads\/2026\/01\/VB_Vi_ar_bast_3-768x583.jpg 768w, https:\/\/walhalla.fi\/wp-content\/uploads\/2026\/01\/VB_Vi_ar_bast_3-705x535.jpg 705w, https:\/\/walhalla.fi\/wp-content\/uploads\/2026\/01\/VB_Vi_ar_bast_3.jpg 1400w\" sizes=\"(max-width: 300px) 100vw, 300px\" \/><\/div><\/div><\/div><br \/>\n\n<style type=\"text\/css\" data-created_by=\"avia_inline_auto\" id=\"style-css-av-kauwi-389b67fa3be777e35db286e5972d8745\">\n.avia-image-container.av-kauwi-389b67fa3be777e35db286e5972d8745 .av-image-caption-overlay-center{\ncolor:#ffffff;\n}\n<\/style>\n<div  class='avia-image-container av-kauwi-389b67fa3be777e35db286e5972d8745 av-styling- avia-align-center  avia-builder-el-5  el_after_av_image  el_before_av_image '  itemprop=\"image\" itemscope=\"itemscope\" itemtype=\"https:\/\/schema.org\/ImageObject\" ><div class=\"avia-image-container-inner\"><div class=\"avia-image-overlay-wrap\"><img decoding=\"async\" class='wp-image-5479 avia-img-lazy-loading-not-5479 avia_image' src=\"https:\/\/walhalla.fi\/wp-content\/uploads\/2026\/01\/00_WALLS_MAIN_NEW-300x169.jpg\" alt='' title='00_WALLS_MAIN_NEW'  height=\"169\" width=\"300\"  itemprop=\"thumbnailUrl\" srcset=\"https:\/\/walhalla.fi\/wp-content\/uploads\/2026\/01\/00_WALLS_MAIN_NEW-300x169.jpg 300w, https:\/\/walhalla.fi\/wp-content\/uploads\/2026\/01\/00_WALLS_MAIN_NEW-1030x579.jpg 1030w, https:\/\/walhalla.fi\/wp-content\/uploads\/2026\/01\/00_WALLS_MAIN_NEW-768x432.jpg 768w, https:\/\/walhalla.fi\/wp-content\/uploads\/2026\/01\/00_WALLS_MAIN_NEW-1536x864.jpg 1536w, https:\/\/walhalla.fi\/wp-content\/uploads\/2026\/01\/00_WALLS_MAIN_NEW-2048x1152.jpg 2048w, https:\/\/walhalla.fi\/wp-content\/uploads\/2026\/01\/00_WALLS_MAIN_NEW-1500x844.jpg 1500w, https:\/\/walhalla.fi\/wp-content\/uploads\/2026\/01\/00_WALLS_MAIN_NEW-705x396.jpg 705w\" sizes=\"(max-width: 300px) 100vw, 300px\" \/><\/div><\/div><\/div><br \/>\n\n<style type=\"text\/css\" data-created_by=\"avia_inline_auto\" id=\"style-css-av-cq5ru-23de521bb4425f092d1ac506a7254f8e\">\n.avia-image-container.av-cq5ru-23de521bb4425f092d1ac506a7254f8e .av-image-caption-overlay-center{\ncolor:#ffffff;\n}\n<\/style>\n<div  class='avia-image-container av-cq5ru-23de521bb4425f092d1ac506a7254f8e av-styling- avia-align-center  avia-builder-el-6  el_after_av_image  el_before_av_image '  itemprop=\"image\" itemscope=\"itemscope\" itemtype=\"https:\/\/schema.org\/ImageObject\" ><div class=\"avia-image-container-inner\"><div class=\"avia-image-overlay-wrap\"><img decoding=\"async\" class='wp-image-5496 avia-img-lazy-loading-not-5496 avia_image' src=\"https:\/\/walhalla.fi\/wp-content\/uploads\/2026\/01\/SENTIMENTAL-VALUE_-MER-FILM_Stellan_Skarsgard_Elle_Fanning_Credit_Kasper-Tuxen_1920x1080_-300x169.jpg\" alt='' title='SENTIMENTAL-VALUE_-MER-FILM_Stellan_Skarsgard_Elle_Fanning_Credit_Kasper-Tuxen_1920x1080_'  height=\"169\" width=\"300\"  itemprop=\"thumbnailUrl\" srcset=\"https:\/\/walhalla.fi\/wp-content\/uploads\/2026\/01\/SENTIMENTAL-VALUE_-MER-FILM_Stellan_Skarsgard_Elle_Fanning_Credit_Kasper-Tuxen_1920x1080_-300x169.jpg 300w, https:\/\/walhalla.fi\/wp-content\/uploads\/2026\/01\/SENTIMENTAL-VALUE_-MER-FILM_Stellan_Skarsgard_Elle_Fanning_Credit_Kasper-Tuxen_1920x1080_-1030x579.jpg 1030w, https:\/\/walhalla.fi\/wp-content\/uploads\/2026\/01\/SENTIMENTAL-VALUE_-MER-FILM_Stellan_Skarsgard_Elle_Fanning_Credit_Kasper-Tuxen_1920x1080_-768x432.jpg 768w, https:\/\/walhalla.fi\/wp-content\/uploads\/2026\/01\/SENTIMENTAL-VALUE_-MER-FILM_Stellan_Skarsgard_Elle_Fanning_Credit_Kasper-Tuxen_1920x1080_-1536x864.jpg 1536w, https:\/\/walhalla.fi\/wp-content\/uploads\/2026\/01\/SENTIMENTAL-VALUE_-MER-FILM_Stellan_Skarsgard_Elle_Fanning_Credit_Kasper-Tuxen_1920x1080_-1500x844.jpg 1500w, https:\/\/walhalla.fi\/wp-content\/uploads\/2026\/01\/SENTIMENTAL-VALUE_-MER-FILM_Stellan_Skarsgard_Elle_Fanning_Credit_Kasper-Tuxen_1920x1080_-705x397.jpg 705w, https:\/\/walhalla.fi\/wp-content\/uploads\/2026\/01\/SENTIMENTAL-VALUE_-MER-FILM_Stellan_Skarsgard_Elle_Fanning_Credit_Kasper-Tuxen_1920x1080_.jpg 1920w\" sizes=\"(max-width: 300px) 100vw, 300px\" \/><\/div><\/div><\/div><br \/>\n\n<style type=\"text\/css\" data-created_by=\"avia_inline_auto\" id=\"style-css-av-kesc12pd-8d6fccc23a19e820f6651af1103367d4\">\n.avia-image-container.av-kesc12pd-8d6fccc23a19e820f6651af1103367d4 .av-image-caption-overlay-center{\ncolor:#ffffff;\n}\n<\/style>\n<div  class='avia-image-container av-kesc12pd-8d6fccc23a19e820f6651af1103367d4 av-styling- avia-align-center  avia-builder-el-7  el_after_av_image  avia-builder-el-last '  itemprop=\"image\" itemscope=\"itemscope\" itemtype=\"https:\/\/schema.org\/ImageObject\" ><div class=\"avia-image-container-inner\"><div class=\"avia-image-overlay-wrap\"><img decoding=\"async\" class='wp-image-5493 avia-img-lazy-loading-not-5493 avia_image' src=\"https:\/\/walhalla.fi\/wp-content\/uploads\/2026\/01\/The-Last-Paradise-on-Earth-300x169.jpg\" alt='' title='The-Last-Paradise-on-Earth'  height=\"169\" width=\"300\"  itemprop=\"thumbnailUrl\" srcset=\"https:\/\/walhalla.fi\/wp-content\/uploads\/2026\/01\/The-Last-Paradise-on-Earth-300x169.jpg 300w, https:\/\/walhalla.fi\/wp-content\/uploads\/2026\/01\/The-Last-Paradise-on-Earth-1030x579.jpg 1030w, https:\/\/walhalla.fi\/wp-content\/uploads\/2026\/01\/The-Last-Paradise-on-Earth-768x432.jpg 768w, https:\/\/walhalla.fi\/wp-content\/uploads\/2026\/01\/The-Last-Paradise-on-Earth-1536x864.jpg 1536w, https:\/\/walhalla.fi\/wp-content\/uploads\/2026\/01\/The-Last-Paradise-on-Earth-1500x844.jpg 1500w, https:\/\/walhalla.fi\/wp-content\/uploads\/2026\/01\/The-Last-Paradise-on-Earth-705x397.jpg 705w, https:\/\/walhalla.fi\/wp-content\/uploads\/2026\/01\/The-Last-Paradise-on-Earth.jpg 1600w\" sizes=\"(max-width: 300px) 100vw, 300px\" \/><\/div><\/div><\/div><\/p><\/div><\/p>\n","protected":false},"excerpt":{"rendered":"","protected":false},"author":4,"featured_media":0,"parent":765,"menu_order":0,"comment_status":"closed","ping_status":"closed","template":"","meta":[],"acf":[],"yoast_head":"<!-- This site is optimized with the Yoast SEO plugin v20.6 - https:\/\/yoast.com\/wordpress\/plugins\/seo\/ -->\n<title>M\u00e5nadens nordiska film - Walhalla<\/title>\n<meta name=\"robots\" content=\"index, follow, max-snippet:-1, max-image-preview:large, max-video-preview:-1\" \/>\n<link rel=\"canonical\" href=\"https:\/\/walhalla.fi\/sv\/verksamhet\/kuukauden\/\" \/>\n<meta property=\"og:locale\" content=\"sv_SE\" \/>\n<meta property=\"og:type\" content=\"article\" \/>\n<meta property=\"og:title\" content=\"M\u00e5nadens nordiska film - Walhalla\" \/>\n<meta property=\"og:url\" content=\"https:\/\/walhalla.fi\/sv\/verksamhet\/kuukauden\/\" \/>\n<meta property=\"og:site_name\" content=\"Walhalla\" \/>\n<meta property=\"article:modified_time\" content=\"2026-02-04T16:38:26+00:00\" \/>\n<meta name=\"twitter:card\" content=\"summary_large_image\" \/>\n<meta name=\"twitter:label1\" content=\"Ber\u00e4knad l\u00e4stid\" \/>\n\t<meta name=\"twitter:data1\" content=\"3 minuter\" \/>\n<script type=\"application\/ld+json\" class=\"yoast-schema-graph\">{\"@context\":\"https:\/\/schema.org\",\"@graph\":[{\"@type\":\"WebPage\",\"@id\":\"https:\/\/walhalla.fi\/sv\/verksamhet\/kuukauden\/\",\"url\":\"https:\/\/walhalla.fi\/sv\/verksamhet\/kuukauden\/\",\"name\":\"M\u00e5nadens nordiska film - Walhalla\",\"isPartOf\":{\"@id\":\"https:\/\/159.223.20.60\/#website\"},\"datePublished\":\"2016-01-18T07:49:35+00:00\",\"dateModified\":\"2026-02-04T16:38:26+00:00\",\"breadcrumb\":{\"@id\":\"https:\/\/walhalla.fi\/sv\/verksamhet\/kuukauden\/#breadcrumb\"},\"inLanguage\":\"sv-SE\",\"potentialAction\":[{\"@type\":\"ReadAction\",\"target\":[\"https:\/\/walhalla.fi\/sv\/verksamhet\/kuukauden\/\"]}]},{\"@type\":\"BreadcrumbList\",\"@id\":\"https:\/\/walhalla.fi\/sv\/verksamhet\/kuukauden\/#breadcrumb\",\"itemListElement\":[{\"@type\":\"ListItem\",\"position\":1,\"name\":\"Home\",\"item\":\"https:\/\/walhalla.fi\/sv\/hemsida\/\"},{\"@type\":\"ListItem\",\"position\":2,\"name\":\"Verksamhet\",\"item\":\"https:\/\/walhalla.fi\/sv\/verksamhet\/\"},{\"@type\":\"ListItem\",\"position\":3,\"name\":\"M\u00e5nadens nordiska film\"}]},{\"@type\":\"WebSite\",\"@id\":\"https:\/\/159.223.20.60\/#website\",\"url\":\"https:\/\/159.223.20.60\/\",\"name\":\"Walhalla\",\"description\":\"Nordisk filmbyr\u00e5\",\"potentialAction\":[{\"@type\":\"SearchAction\",\"target\":{\"@type\":\"EntryPoint\",\"urlTemplate\":\"https:\/\/159.223.20.60\/?s={search_term_string}\"},\"query-input\":\"required name=search_term_string\"}],\"inLanguage\":\"sv-SE\"}]}<\/script>\n<!-- \/ Yoast SEO plugin. -->","yoast_head_json":{"title":"M\u00e5nadens nordiska film - Walhalla","robots":{"index":"index","follow":"follow","max-snippet":"max-snippet:-1","max-image-preview":"max-image-preview:large","max-video-preview":"max-video-preview:-1"},"canonical":"https:\/\/walhalla.fi\/sv\/verksamhet\/kuukauden\/","og_locale":"sv_SE","og_type":"article","og_title":"M\u00e5nadens nordiska film - Walhalla","og_url":"https:\/\/walhalla.fi\/sv\/verksamhet\/kuukauden\/","og_site_name":"Walhalla","article_modified_time":"2026-02-04T16:38:26+00:00","twitter_card":"summary_large_image","twitter_misc":{"Ber\u00e4knad l\u00e4stid":"3 minuter"},"schema":{"@context":"https:\/\/schema.org","@graph":[{"@type":"WebPage","@id":"https:\/\/walhalla.fi\/sv\/verksamhet\/kuukauden\/","url":"https:\/\/walhalla.fi\/sv\/verksamhet\/kuukauden\/","name":"M\u00e5nadens nordiska film - Walhalla","isPartOf":{"@id":"https:\/\/159.223.20.60\/#website"},"datePublished":"2016-01-18T07:49:35+00:00","dateModified":"2026-02-04T16:38:26+00:00","breadcrumb":{"@id":"https:\/\/walhalla.fi\/sv\/verksamhet\/kuukauden\/#breadcrumb"},"inLanguage":"sv-SE","potentialAction":[{"@type":"ReadAction","target":["https:\/\/walhalla.fi\/sv\/verksamhet\/kuukauden\/"]}]},{"@type":"BreadcrumbList","@id":"https:\/\/walhalla.fi\/sv\/verksamhet\/kuukauden\/#breadcrumb","itemListElement":[{"@type":"ListItem","position":1,"name":"Home","item":"https:\/\/walhalla.fi\/sv\/hemsida\/"},{"@type":"ListItem","position":2,"name":"Verksamhet","item":"https:\/\/walhalla.fi\/sv\/verksamhet\/"},{"@type":"ListItem","position":3,"name":"M\u00e5nadens nordiska film"}]},{"@type":"WebSite","@id":"https:\/\/159.223.20.60\/#website","url":"https:\/\/159.223.20.60\/","name":"Walhalla","description":"Nordisk filmbyr\u00e5","potentialAction":[{"@type":"SearchAction","target":{"@type":"EntryPoint","urlTemplate":"https:\/\/159.223.20.60\/?s={search_term_string}"},"query-input":"required name=search_term_string"}],"inLanguage":"sv-SE"}]}},"_links":{"self":[{"href":"https:\/\/walhalla.fi\/sv\/wp-json\/wp\/v2\/pages\/930"}],"collection":[{"href":"https:\/\/walhalla.fi\/sv\/wp-json\/wp\/v2\/pages"}],"about":[{"href":"https:\/\/walhalla.fi\/sv\/wp-json\/wp\/v2\/types\/page"}],"author":[{"embeddable":true,"href":"https:\/\/walhalla.fi\/sv\/wp-json\/wp\/v2\/users\/4"}],"replies":[{"embeddable":true,"href":"https:\/\/walhalla.fi\/sv\/wp-json\/wp\/v2\/comments?post=930"}],"version-history":[{"count":5,"href":"https:\/\/walhalla.fi\/sv\/wp-json\/wp\/v2\/pages\/930\/revisions"}],"predecessor-version":[{"id":5530,"href":"https:\/\/walhalla.fi\/sv\/wp-json\/wp\/v2\/pages\/930\/revisions\/5530"}],"up":[{"embeddable":true,"href":"https:\/\/walhalla.fi\/sv\/wp-json\/wp\/v2\/pages\/765"}],"wp:attachment":[{"href":"https:\/\/walhalla.fi\/sv\/wp-json\/wp\/v2\/media?parent=930"}],"curies":[{"name":"wp","href":"https:\/\/api.w.org\/{rel}","templated":true}]}}