{"id":928,"date":"2016-01-18T07:53:24","date_gmt":"2016-01-18T07:53:24","guid":{"rendered":"https:\/\/walhalla.fi\/sv\/?page_id=928"},"modified":"2025-02-04T16:39:41","modified_gmt":"2025-02-04T14:39:41","slug":"alasivu","status":"publish","type":"page","link":"https:\/\/walhalla.fi\/sv\/verksamhet\/alasivu\/","title":{"rendered":"Filmoteket"},"content":{"rendered":"\n<style type=\"text\/css\" data-created_by=\"avia_inline_auto\" id=\"style-css-av-av_two_fifth-9497bbf8bff73ea4c6992cc17fa9ec36\">\n.flex_column.av-av_two_fifth-9497bbf8bff73ea4c6992cc17fa9ec36{\nborder-radius:0px 0px 0px 0px;\n-webkit-border-radius:0px 0px 0px 0px;\n-moz-border-radius:0px 0px 0px 0px;\n}\n<\/style>\n<div class='flex_column av-av_two_fifth-9497bbf8bff73ea4c6992cc17fa9ec36 av_two_fifth first flex_column_div av-zero-column-padding '   ><p>\n<style type=\"text\/css\" data-created_by=\"avia_inline_auto\" id=\"style-css-av-m6ql3vbo-53337324ce4f05a7b42f6c8d561c3660\">\n.avia-image-container.av-m6ql3vbo-53337324ce4f05a7b42f6c8d561c3660 .av-image-caption-overlay-center{\ncolor:#ffffff;\n}\n<\/style>\n<div  class='avia-image-container av-m6ql3vbo-53337324ce4f05a7b42f6c8d561c3660 av-styling-no-styling avia-align-center'  itemprop=\"image\" itemscope=\"itemscope\" itemtype=\"https:\/\/schema.org\/ImageObject\" ><div class=\"avia-image-container-inner\"><div class=\"avia-image-overlay-wrap\"><img decoding=\"async\" class='wp-image-5111 avia-img-lazy-loading-not-5111 avia_image' src=\"https:\/\/walhalla.fi\/wp-content\/uploads\/2025\/02\/Filmotek-300x169.png\" alt='' title='Filmotek'  height=\"169\" width=\"300\"  itemprop=\"thumbnailUrl\" srcset=\"https:\/\/walhalla.fi\/wp-content\/uploads\/2025\/02\/Filmotek-300x169.png 300w, https:\/\/walhalla.fi\/wp-content\/uploads\/2025\/02\/Filmotek-1030x579.png 1030w, https:\/\/walhalla.fi\/wp-content\/uploads\/2025\/02\/Filmotek-768x432.png 768w, https:\/\/walhalla.fi\/wp-content\/uploads\/2025\/02\/Filmotek-1536x864.png 1536w, https:\/\/walhalla.fi\/wp-content\/uploads\/2025\/02\/Filmotek-1500x844.png 1500w, https:\/\/walhalla.fi\/wp-content\/uploads\/2025\/02\/Filmotek-705x397.png 705w, https:\/\/walhalla.fi\/wp-content\/uploads\/2025\/02\/Filmotek.png 1920w\" sizes=\"(max-width: 300px) 100vw, 300px\" \/><\/div><\/div><\/div><br \/>\n\n<style type=\"text\/css\" data-created_by=\"avia_inline_auto\" id=\"style-css-av-m6ql4kad-c817971ffb8c0ce7c50d740a5006d914\">\n.avia-image-container.av-m6ql4kad-c817971ffb8c0ce7c50d740a5006d914 .av-image-caption-overlay-center{\ncolor:#ffffff;\n}\n<\/style>\n<div  class='avia-image-container av-m6ql4kad-c817971ffb8c0ce7c50d740a5006d914 av-styling-no-styling avia-align-center'  itemprop=\"image\" itemscope=\"itemscope\" itemtype=\"https:\/\/schema.org\/ImageObject\" ><div class=\"avia-image-container-inner\"><div class=\"avia-image-overlay-wrap\"><img decoding=\"async\" class='wp-image-4709 avia-img-lazy-loading-not-4709 avia_image' src=\"https:\/\/walhalla.fi\/wp-content\/uploads\/2024\/08\/lillzlatan_framegrabs_02_main-300x169.jpg\" alt='' title='lillzlatan_framegrabs_02_main'  height=\"169\" width=\"300\"  itemprop=\"thumbnailUrl\" srcset=\"https:\/\/walhalla.fi\/wp-content\/uploads\/2024\/08\/lillzlatan_framegrabs_02_main-300x169.jpg 300w, https:\/\/walhalla.fi\/wp-content\/uploads\/2024\/08\/lillzlatan_framegrabs_02_main-1030x579.jpg 1030w, https:\/\/walhalla.fi\/wp-content\/uploads\/2024\/08\/lillzlatan_framegrabs_02_main-768x432.jpg 768w, https:\/\/walhalla.fi\/wp-content\/uploads\/2024\/08\/lillzlatan_framegrabs_02_main-1536x864.jpg 1536w, https:\/\/walhalla.fi\/wp-content\/uploads\/2024\/08\/lillzlatan_framegrabs_02_main-1500x844.jpg 1500w, https:\/\/walhalla.fi\/wp-content\/uploads\/2024\/08\/lillzlatan_framegrabs_02_main-705x397.jpg 705w, https:\/\/walhalla.fi\/wp-content\/uploads\/2024\/08\/lillzlatan_framegrabs_02_main.jpg 1920w\" sizes=\"(max-width: 300px) 100vw, 300px\" \/><\/div><\/div><\/div><br \/>\n\n<style type=\"text\/css\" data-created_by=\"avia_inline_auto\" id=\"style-css-av-m6ql5j4o-dd55dcc436f50fa779157314d4e9c2fa\">\n.avia-image-container.av-m6ql5j4o-dd55dcc436f50fa779157314d4e9c2fa .av-image-caption-overlay-center{\ncolor:#ffffff;\n}\n<\/style>\n<div  class='avia-image-container av-m6ql5j4o-dd55dcc436f50fa779157314d4e9c2fa av-styling-no-styling avia-align-center'  itemprop=\"image\" itemscope=\"itemscope\" itemtype=\"https:\/\/schema.org\/ImageObject\" ><div class=\"avia-image-container-inner\"><div class=\"avia-image-overlay-wrap\"><img decoding=\"async\" class='wp-image-3749 avia-img-lazy-loading-not-3749 avia_image' src=\"https:\/\/walhalla.fi\/wp-content\/uploads\/2022\/10\/Buster_trollkarl_1000-300x200.jpg\" alt='' title='Buster_trollkarl_1000'  height=\"200\" width=\"300\"  itemprop=\"thumbnailUrl\" srcset=\"https:\/\/walhalla.fi\/wp-content\/uploads\/2022\/10\/Buster_trollkarl_1000-300x200.jpg 300w, https:\/\/walhalla.fi\/wp-content\/uploads\/2022\/10\/Buster_trollkarl_1000-768x511.jpg 768w, https:\/\/walhalla.fi\/wp-content\/uploads\/2022\/10\/Buster_trollkarl_1000-705x469.jpg 705w, https:\/\/walhalla.fi\/wp-content\/uploads\/2022\/10\/Buster_trollkarl_1000.jpg 1000w\" sizes=\"(max-width: 300px) 100vw, 300px\" \/><\/div><\/div><\/div><br \/>\n\n<style type=\"text\/css\" data-created_by=\"avia_inline_auto\" id=\"style-css-av-av_image-30e8f1ce104fcc6117cc0950e6220ff6\">\n.avia-image-container.av-av_image-30e8f1ce104fcc6117cc0950e6220ff6 .av-image-caption-overlay-center{\ncolor:#ffffff;\n}\n<\/style>\n<div  class='avia-image-container av-av_image-30e8f1ce104fcc6117cc0950e6220ff6 av-styling-no-styling avia-align-center'  itemprop=\"image\" itemscope=\"itemscope\" itemtype=\"https:\/\/schema.org\/ImageObject\" ><div class=\"avia-image-container-inner\"><div class=\"avia-image-overlay-wrap\"><img decoding=\"async\" class='wp-image-3830 avia-img-lazy-loading-not-3830 avia_image' src=\"https:\/\/walhalla.fi\/wp-content\/uploads\/2016\/01\/Vadelmavenepakolainen_400px-210x300.jpg\" alt='' title='Vadelmavenepakolainen_400px'  height=\"300\" width=\"210\"  itemprop=\"thumbnailUrl\" srcset=\"https:\/\/walhalla.fi\/wp-content\/uploads\/2016\/01\/Vadelmavenepakolainen_400px-210x300.jpg 210w, https:\/\/walhalla.fi\/wp-content\/uploads\/2016\/01\/Vadelmavenepakolainen_400px.jpg 400w\" sizes=\"(max-width: 210px) 100vw, 210px\" \/><\/div><\/div><\/div><\/p><\/div>\n<style type=\"text\/css\" data-created_by=\"avia_inline_auto\" id=\"style-css-av-av_three_fifth-9c1d454dc06f7247226bc4e8f931daae\">\n.flex_column.av-av_three_fifth-9c1d454dc06f7247226bc4e8f931daae{\nborder-radius:0px 0px 0px 0px;\n-webkit-border-radius:0px 0px 0px 0px;\n-moz-border-radius:0px 0px 0px 0px;\n}\n<\/style>\n<div class='flex_column av-av_three_fifth-9c1d454dc06f7247226bc4e8f931daae av_three_fifth  avia-builder-el-0  el_before_av_two_fifth  avia-builder-el-first  flex_column_div av-zero-column-padding '   ><section  class='av_textblock_section av-m6ql3bu5-ee7294a3edcc5a317563825fa3685321'  itemscope=\"itemscope\" itemtype=\"https:\/\/schema.org\/CreativeWork\" ><div class='avia_textblock'  itemprop=\"text\" ><h2>Filmoteket<\/h2>\n<p><strong>Visa filmer som en del av undervisningen<br \/>\n<\/strong><\/p>\n<p>L\u00e4rarna gillar denna redan m\u00e5ng\u00e5riga verksamhetsform! Genom Filmoteket f\u00e5r l\u00e4rare l\u00e5na nordiska filmer att visas i klassen inom ramen f\u00f6r undervisningen. Filmoteket finns tillg\u00e4ngligt p\u00e5 webben och uppr\u00e4tth\u00e5lls av Svenska nu, Pohjola-Norden och Walhalla. Filmurvalet v\u00e4xlar fr\u00e5n s\u00e4song till s\u00e4song, men vissa gamla godingar erbjuds \u00e5r efter \u00e5r. Filmerna kan streamas eller de finns att bokas som DVD\/blu-ray och de flesta har ett l\u00e4romaterial. Vi erbjuder filmer som norska Dancing Queen, svenska Lill-Zlatan och morbror raring och danska Busters v\u00e4rld. Vi erbjuder ocks\u00e5 filmer f\u00f6r \u00e4ldre elever, som En man som heter Ove, Miss Viborg och Tigrar. M\u00e5lgruppen \u00e4r l\u00e5gstadier, h\u00f6gstadier, gymnasier och yrkesinstitut.<\/p>\n<p><a href=\"https:\/\/svenskanu.fi\/program\/filmoteket-lana-filmer-till-skolan\/\" target=\"_blank\" rel=\"noopener\">svenskanu.fi\/filmoteket\/<\/a><\/p>\n<\/div><\/section><\/div><\/p>\n","protected":false},"excerpt":{"rendered":"","protected":false},"author":4,"featured_media":0,"parent":765,"menu_order":0,"comment_status":"closed","ping_status":"closed","template":"","meta":[],"acf":[],"yoast_head":"<!-- This site is optimized with the Yoast SEO plugin v20.6 - https:\/\/yoast.com\/wordpress\/plugins\/seo\/ -->\n<title>Filmoteket - Walhalla<\/title>\n<meta name=\"robots\" content=\"index, follow, max-snippet:-1, max-image-preview:large, max-video-preview:-1\" \/>\n<link rel=\"canonical\" href=\"https:\/\/walhalla.fi\/sv\/verksamhet\/alasivu\/\" \/>\n<meta property=\"og:locale\" content=\"sv_SE\" \/>\n<meta property=\"og:type\" content=\"article\" \/>\n<meta property=\"og:title\" content=\"Filmoteket - Walhalla\" \/>\n<meta property=\"og:url\" content=\"https:\/\/walhalla.fi\/sv\/verksamhet\/alasivu\/\" \/>\n<meta property=\"og:site_name\" content=\"Walhalla\" \/>\n<meta property=\"article:modified_time\" content=\"2025-02-04T14:39:41+00:00\" \/>\n<meta name=\"twitter:card\" content=\"summary_large_image\" \/>\n<meta name=\"twitter:label1\" content=\"Ber\u00e4knad l\u00e4stid\" \/>\n\t<meta name=\"twitter:data1\" content=\"1 minut\" \/>\n<script type=\"application\/ld+json\" class=\"yoast-schema-graph\">{\"@context\":\"https:\/\/schema.org\",\"@graph\":[{\"@type\":\"WebPage\",\"@id\":\"https:\/\/walhalla.fi\/sv\/verksamhet\/alasivu\/\",\"url\":\"https:\/\/walhalla.fi\/sv\/verksamhet\/alasivu\/\",\"name\":\"Filmoteket - Walhalla\",\"isPartOf\":{\"@id\":\"https:\/\/159.223.20.60\/#website\"},\"datePublished\":\"2016-01-18T07:53:24+00:00\",\"dateModified\":\"2025-02-04T14:39:41+00:00\",\"breadcrumb\":{\"@id\":\"https:\/\/walhalla.fi\/sv\/verksamhet\/alasivu\/#breadcrumb\"},\"inLanguage\":\"sv-SE\",\"potentialAction\":[{\"@type\":\"ReadAction\",\"target\":[\"https:\/\/walhalla.fi\/sv\/verksamhet\/alasivu\/\"]}]},{\"@type\":\"BreadcrumbList\",\"@id\":\"https:\/\/walhalla.fi\/sv\/verksamhet\/alasivu\/#breadcrumb\",\"itemListElement\":[{\"@type\":\"ListItem\",\"position\":1,\"name\":\"Home\",\"item\":\"https:\/\/walhalla.fi\/sv\/hemsida\/\"},{\"@type\":\"ListItem\",\"position\":2,\"name\":\"Verksamhet\",\"item\":\"https:\/\/walhalla.fi\/sv\/verksamhet\/\"},{\"@type\":\"ListItem\",\"position\":3,\"name\":\"Filmoteket\"}]},{\"@type\":\"WebSite\",\"@id\":\"https:\/\/159.223.20.60\/#website\",\"url\":\"https:\/\/159.223.20.60\/\",\"name\":\"Walhalla\",\"description\":\"Nordisk filmbyr\u00e5\",\"potentialAction\":[{\"@type\":\"SearchAction\",\"target\":{\"@type\":\"EntryPoint\",\"urlTemplate\":\"https:\/\/159.223.20.60\/?s={search_term_string}\"},\"query-input\":\"required name=search_term_string\"}],\"inLanguage\":\"sv-SE\"}]}<\/script>\n<!-- \/ Yoast SEO plugin. -->","yoast_head_json":{"title":"Filmoteket - Walhalla","robots":{"index":"index","follow":"follow","max-snippet":"max-snippet:-1","max-image-preview":"max-image-preview:large","max-video-preview":"max-video-preview:-1"},"canonical":"https:\/\/walhalla.fi\/sv\/verksamhet\/alasivu\/","og_locale":"sv_SE","og_type":"article","og_title":"Filmoteket - Walhalla","og_url":"https:\/\/walhalla.fi\/sv\/verksamhet\/alasivu\/","og_site_name":"Walhalla","article_modified_time":"2025-02-04T14:39:41+00:00","twitter_card":"summary_large_image","twitter_misc":{"Ber\u00e4knad l\u00e4stid":"1 minut"},"schema":{"@context":"https:\/\/schema.org","@graph":[{"@type":"WebPage","@id":"https:\/\/walhalla.fi\/sv\/verksamhet\/alasivu\/","url":"https:\/\/walhalla.fi\/sv\/verksamhet\/alasivu\/","name":"Filmoteket - Walhalla","isPartOf":{"@id":"https:\/\/159.223.20.60\/#website"},"datePublished":"2016-01-18T07:53:24+00:00","dateModified":"2025-02-04T14:39:41+00:00","breadcrumb":{"@id":"https:\/\/walhalla.fi\/sv\/verksamhet\/alasivu\/#breadcrumb"},"inLanguage":"sv-SE","potentialAction":[{"@type":"ReadAction","target":["https:\/\/walhalla.fi\/sv\/verksamhet\/alasivu\/"]}]},{"@type":"BreadcrumbList","@id":"https:\/\/walhalla.fi\/sv\/verksamhet\/alasivu\/#breadcrumb","itemListElement":[{"@type":"ListItem","position":1,"name":"Home","item":"https:\/\/walhalla.fi\/sv\/hemsida\/"},{"@type":"ListItem","position":2,"name":"Verksamhet","item":"https:\/\/walhalla.fi\/sv\/verksamhet\/"},{"@type":"ListItem","position":3,"name":"Filmoteket"}]},{"@type":"WebSite","@id":"https:\/\/159.223.20.60\/#website","url":"https:\/\/159.223.20.60\/","name":"Walhalla","description":"Nordisk filmbyr\u00e5","potentialAction":[{"@type":"SearchAction","target":{"@type":"EntryPoint","urlTemplate":"https:\/\/159.223.20.60\/?s={search_term_string}"},"query-input":"required name=search_term_string"}],"inLanguage":"sv-SE"}]}},"_links":{"self":[{"href":"https:\/\/walhalla.fi\/sv\/wp-json\/wp\/v2\/pages\/928"}],"collection":[{"href":"https:\/\/walhalla.fi\/sv\/wp-json\/wp\/v2\/pages"}],"about":[{"href":"https:\/\/walhalla.fi\/sv\/wp-json\/wp\/v2\/types\/page"}],"author":[{"embeddable":true,"href":"https:\/\/walhalla.fi\/sv\/wp-json\/wp\/v2\/users\/4"}],"replies":[{"embeddable":true,"href":"https:\/\/walhalla.fi\/sv\/wp-json\/wp\/v2\/comments?post=928"}],"version-history":[{"count":2,"href":"https:\/\/walhalla.fi\/sv\/wp-json\/wp\/v2\/pages\/928\/revisions"}],"predecessor-version":[{"id":5119,"href":"https:\/\/walhalla.fi\/sv\/wp-json\/wp\/v2\/pages\/928\/revisions\/5119"}],"up":[{"embeddable":true,"href":"https:\/\/walhalla.fi\/sv\/wp-json\/wp\/v2\/pages\/765"}],"wp:attachment":[{"href":"https:\/\/walhalla.fi\/sv\/wp-json\/wp\/v2\/media?parent=928"}],"curies":[{"name":"wp","href":"https:\/\/api.w.org\/{rel}","templated":true}]}}