{"id":765,"date":"2015-11-24T09:59:14","date_gmt":"2015-11-24T09:59:14","guid":{"rendered":"https:\/\/walhalla.fi\/?page_id=765"},"modified":"2025-10-28T14:47:11","modified_gmt":"2025-10-28T12:47:11","slug":"verksamhet","status":"publish","type":"page","link":"https:\/\/walhalla.fi\/sv\/verksamhet\/","title":{"rendered":"Verksamhet"},"content":{"rendered":"\n<style type=\"text\/css\" data-created_by=\"avia_inline_auto\" id=\"style-css-av-m4nlp-2b28d42361fd15fc2fc665041367de05\">\n.flex_column.av-m4nlp-2b28d42361fd15fc2fc665041367de05{\nborder-radius:0px 0px 0px 0px;\n-webkit-border-radius:0px 0px 0px 0px;\n-moz-border-radius:0px 0px 0px 0px;\n}\n<\/style>\n<div class='flex_column av-m4nlp-2b28d42361fd15fc2fc665041367de05 av_three_fifth  avia-builder-el-0  el_before_av_two_fifth  avia-builder-el-first  first flex_column_div av-zero-column-padding '   ><section  class='av_textblock_section av-lwgmk5c1-25b3b3b20b191d1ee0febb7882498681'  itemscope=\"itemscope\" itemtype=\"https:\/\/schema.org\/CreativeWork\" ><div class='avia_textblock'  itemprop=\"text\" ><h2>WALHALLAS VERKSAMHET<\/h2>\n<p>Walhalla fr\u00e4mjar nordisk film i Finland. Verksamhet baserar sig fr\u00e4mst p\u00e5 att\u00a0visa nordiska filmer i olika sammanhang runt om i landet. Detta sker i praktiken dels genom diverse projekt och dels genom regelbundet samarbete med samarbetspartners, s\u00e5som lokala filmfestivaler, kommuner och kulturorganisationer. Bekanta dig g\u00e4rna med v\u00e5r verksamhet och v\u00e4lkommen att ta del av den!<\/p>\n<h3><strong>Walhallas verksamhet st\u00f6ds av:<\/strong><\/h3>\n<p>Svenska kulturfonden<\/p>\n<p>Konstsamfundet<\/p>\n<p>Sveriges Ambassad i Finland<\/p>\n<p>Kulturfonden Sverige-Finland<\/p>\n<p>Kulturfonden Island-Finland<\/p>\n<p>Kulturfonden Danmark-Finland<\/p>\n<p>Kulturfonden Norge-Finland<\/p>\n<p>Emelie och Rudolf Gesellius stiftelse<\/p>\n<p>William Thurings stiftelse<\/p>\n<p>Aktiastiftelsen Vasa<\/p>\n<p><a href=\"https:\/\/walhalla.fi\/wp-content\/uploads\/2025\/03\/Svenska_kulturfonden_logo_svart_transparent_RGB.png\"><img decoding=\"async\" loading=\"lazy\" class=\"alignnone wp-image-5150\" src=\"https:\/\/walhalla.fi\/wp-content\/uploads\/2025\/03\/Svenska_kulturfonden_logo_svart_transparent_RGB-282x300.png\" alt=\"\" width=\"149\" height=\"158\" srcset=\"https:\/\/walhalla.fi\/wp-content\/uploads\/2025\/03\/Svenska_kulturfonden_logo_svart_transparent_RGB-282x300.png 282w, https:\/\/walhalla.fi\/wp-content\/uploads\/2025\/03\/Svenska_kulturfonden_logo_svart_transparent_RGB-768x816.png 768w, https:\/\/walhalla.fi\/wp-content\/uploads\/2025\/03\/Svenska_kulturfonden_logo_svart_transparent_RGB-664x705.png 664w, https:\/\/walhalla.fi\/wp-content\/uploads\/2025\/03\/Svenska_kulturfonden_logo_svart_transparent_RGB.png 800w\" sizes=\"(max-width: 149px) 100vw, 149px\" \/><\/a><br \/>\n<a href=\"https:\/\/walhalla.fi\/wp-content\/uploads\/2025\/03\/basic-form-black.png\"><img decoding=\"async\" loading=\"lazy\" class=\"alignnone wp-image-5152\" src=\"https:\/\/walhalla.fi\/wp-content\/uploads\/2025\/03\/basic-form-black-300x140.png\" alt=\"\" width=\"161\" height=\"75\" srcset=\"https:\/\/walhalla.fi\/wp-content\/uploads\/2025\/03\/basic-form-black-300x140.png 300w, https:\/\/walhalla.fi\/wp-content\/uploads\/2025\/03\/basic-form-black-1030x479.png 1030w, https:\/\/walhalla.fi\/wp-content\/uploads\/2025\/03\/basic-form-black-768x357.png 768w, https:\/\/walhalla.fi\/wp-content\/uploads\/2025\/03\/basic-form-black-1536x714.png 1536w, https:\/\/walhalla.fi\/wp-content\/uploads\/2025\/03\/basic-form-black-1500x698.png 1500w, https:\/\/walhalla.fi\/wp-content\/uploads\/2025\/03\/basic-form-black-705x328.png 705w, https:\/\/walhalla.fi\/wp-content\/uploads\/2025\/03\/basic-form-black.png 1600w\" sizes=\"(max-width: 161px) 100vw, 161px\" \/><\/a><\/p>\n<p><a href=\"https:\/\/walhalla.fi\/wp-content\/uploads\/2025\/10\/SVERIGES-AMBASSAD_HELSINGFORS_RGB-1.png\"><img decoding=\"async\" loading=\"lazy\" class=\"alignnone wp-image-5304\" src=\"https:\/\/walhalla.fi\/wp-content\/uploads\/2025\/10\/SVERIGES-AMBASSAD_HELSINGFORS_RGB-1-300x81.png\" alt=\"\" width=\"241\" height=\"65\" srcset=\"https:\/\/walhalla.fi\/wp-content\/uploads\/2025\/10\/SVERIGES-AMBASSAD_HELSINGFORS_RGB-1-300x81.png 300w, https:\/\/walhalla.fi\/wp-content\/uploads\/2025\/10\/SVERIGES-AMBASSAD_HELSINGFORS_RGB-1.png 525w\" sizes=\"(max-width: 241px) 100vw, 241px\" \/><\/a><\/p>\n<p><a href=\"https:\/\/walhalla.fi\/wp-content\/uploads\/2025\/10\/Gesellius-Stiftelse_Symboltext_black_RGB-1.png\"><img decoding=\"async\" loading=\"lazy\" class=\"alignnone wp-image-5308\" src=\"https:\/\/walhalla.fi\/wp-content\/uploads\/2025\/10\/Gesellius-Stiftelse_Symboltext_black_RGB-1-300x300.png\" alt=\"\" width=\"138\" height=\"138\" srcset=\"https:\/\/walhalla.fi\/wp-content\/uploads\/2025\/10\/Gesellius-Stiftelse_Symboltext_black_RGB-1-300x300.png 300w, https:\/\/walhalla.fi\/wp-content\/uploads\/2025\/10\/Gesellius-Stiftelse_Symboltext_black_RGB-1-1030x1030.png 1030w, https:\/\/walhalla.fi\/wp-content\/uploads\/2025\/10\/Gesellius-Stiftelse_Symboltext_black_RGB-1-80x80.png 80w, https:\/\/walhalla.fi\/wp-content\/uploads\/2025\/10\/Gesellius-Stiftelse_Symboltext_black_RGB-1-768x768.png 768w, https:\/\/walhalla.fi\/wp-content\/uploads\/2025\/10\/Gesellius-Stiftelse_Symboltext_black_RGB-1-1536x1536.png 1536w, https:\/\/walhalla.fi\/wp-content\/uploads\/2025\/10\/Gesellius-Stiftelse_Symboltext_black_RGB-1-36x36.png 36w, https:\/\/walhalla.fi\/wp-content\/uploads\/2025\/10\/Gesellius-Stiftelse_Symboltext_black_RGB-1-180x180.png 180w, https:\/\/walhalla.fi\/wp-content\/uploads\/2025\/10\/Gesellius-Stiftelse_Symboltext_black_RGB-1-1500x1500.png 1500w, https:\/\/walhalla.fi\/wp-content\/uploads\/2025\/10\/Gesellius-Stiftelse_Symboltext_black_RGB-1-705x705.png 705w\" sizes=\"(max-width: 138px) 100vw, 138px\" \/><\/a><br \/>\n<a href=\"https:\/\/walhalla.fi\/wp-content\/uploads\/2025\/10\/thuring.jpg\"><img decoding=\"async\" loading=\"lazy\" class=\"alignnone wp-image-5306\" src=\"https:\/\/walhalla.fi\/wp-content\/uploads\/2025\/10\/thuring-300x56.jpg\" alt=\"\" width=\"166\" height=\"31\" srcset=\"https:\/\/walhalla.fi\/wp-content\/uploads\/2025\/10\/thuring-300x56.jpg 300w, https:\/\/walhalla.fi\/wp-content\/uploads\/2025\/10\/thuring-705x132.jpg 705w, https:\/\/walhalla.fi\/wp-content\/uploads\/2025\/10\/thuring.jpg 750w\" sizes=\"(max-width: 166px) 100vw, 166px\" \/><\/a><\/p>\n<h2><\/h2>\n<\/div><\/section><\/div>\n<style type=\"text\/css\" data-created_by=\"avia_inline_auto\" id=\"style-css-av-e35j9-09bd314f76bf42f1f62a7e1812098145\">\n.flex_column.av-e35j9-09bd314f76bf42f1f62a7e1812098145{\nborder-radius:0px 0px 0px 0px;\n-webkit-border-radius:0px 0px 0px 0px;\n-moz-border-radius:0px 0px 0px 0px;\n}\n<\/style>\n<div class='flex_column av-e35j9-09bd314f76bf42f1f62a7e1812098145 av_two_fifth  avia-builder-el-2  el_after_av_three_fifth  avia-builder-el-last  flex_column_div av-zero-column-padding '   ><p>\n<style type=\"text\/css\" data-created_by=\"avia_inline_auto\" id=\"style-css-av-a6kkt-15c55e5a6e9894e5393159a0a4b56b92\">\n.avia-image-container.av-a6kkt-15c55e5a6e9894e5393159a0a4b56b92 .av-image-caption-overlay-center{\ncolor:#ffffff;\n}\n<\/style>\n<div  class='avia-image-container av-a6kkt-15c55e5a6e9894e5393159a0a4b56b92 av-styling-no-styling avia-align-center  avia-builder-el-3  el_before_av_image  avia-builder-el-first '  itemprop=\"image\" itemscope=\"itemscope\" itemtype=\"https:\/\/schema.org\/ImageObject\" ><div class=\"avia-image-container-inner\"><div class=\"avia-image-overlay-wrap\"><img decoding=\"async\" class='wp-image-4489 avia-img-lazy-loading-not-4489 avia_image' src=\"https:\/\/walhalla.fi\/wp-content\/uploads\/2024\/01\/MNF-logoFI_Kaari_RGB-300x125.png\" alt='' title='MNF-logo+FI_Kaari_RGB'  height=\"125\" width=\"300\"  itemprop=\"thumbnailUrl\" srcset=\"https:\/\/walhalla.fi\/wp-content\/uploads\/2024\/01\/MNF-logoFI_Kaari_RGB-300x125.png 300w, https:\/\/walhalla.fi\/wp-content\/uploads\/2024\/01\/MNF-logoFI_Kaari_RGB-768x320.png 768w, https:\/\/walhalla.fi\/wp-content\/uploads\/2024\/01\/MNF-logoFI_Kaari_RGB-705x294.png 705w, https:\/\/walhalla.fi\/wp-content\/uploads\/2024\/01\/MNF-logoFI_Kaari_RGB.png 780w\" sizes=\"(max-width: 300px) 100vw, 300px\" \/><\/div><\/div><\/div><br \/>\n\n<style type=\"text\/css\" data-created_by=\"avia_inline_auto\" id=\"style-css-av-75jf9-bfa93418c96590aa6ecfa8b8798cdbe6\">\n.avia-image-container.av-75jf9-bfa93418c96590aa6ecfa8b8798cdbe6 .av-image-caption-overlay-center{\ncolor:#ffffff;\n}\n<\/style>\n<div  class='avia-image-container av-75jf9-bfa93418c96590aa6ecfa8b8798cdbe6 av-styling-no-styling avia-align-center  avia-builder-el-4  el_after_av_image  el_before_av_image '  itemprop=\"image\" itemscope=\"itemscope\" itemtype=\"https:\/\/schema.org\/ImageObject\" ><div class=\"avia-image-container-inner\"><div class=\"avia-image-overlay-wrap\"><img decoding=\"async\" class='wp-image-5000 avia-img-lazy-loading-not-5000 avia_image' src=\"https:\/\/walhalla.fi\/wp-content\/uploads\/2025\/01\/photo1_big-300x169.jpg\" alt='' title='photo1_big'  height=\"169\" width=\"300\"  itemprop=\"thumbnailUrl\" srcset=\"https:\/\/walhalla.fi\/wp-content\/uploads\/2025\/01\/photo1_big-300x169.jpg 300w, https:\/\/walhalla.fi\/wp-content\/uploads\/2025\/01\/photo1_big-768x432.jpg 768w, https:\/\/walhalla.fi\/wp-content\/uploads\/2025\/01\/photo1_big-705x396.jpg 705w, https:\/\/walhalla.fi\/wp-content\/uploads\/2025\/01\/photo1_big.jpg 1000w\" sizes=\"(max-width: 300px) 100vw, 300px\" \/><\/div><\/div><\/div><br \/>\n\n<style type=\"text\/css\" data-created_by=\"avia_inline_auto\" id=\"style-css-av-m8wyb20o-b766a836d0c3b145cccb2a2ff54ccf82\">\n.avia-image-container.av-m8wyb20o-b766a836d0c3b145cccb2a2ff54ccf82 .av-image-caption-overlay-center{\ncolor:#ffffff;\n}\n<\/style>\n<div  class='avia-image-container av-m8wyb20o-b766a836d0c3b145cccb2a2ff54ccf82 av-styling-no-styling avia-align-center  avia-builder-el-5  el_after_av_image  el_before_av_image '  itemprop=\"image\" itemscope=\"itemscope\" itemtype=\"https:\/\/schema.org\/ImageObject\" ><div class=\"avia-image-container-inner\"><div class=\"avia-image-overlay-wrap\"><img decoding=\"async\" class='wp-image-4709 avia-img-lazy-loading-not-4709 avia_image' src=\"https:\/\/walhalla.fi\/wp-content\/uploads\/2024\/08\/lillzlatan_framegrabs_02_main-300x169.jpg\" alt='' title='lillzlatan_framegrabs_02_main'  height=\"169\" width=\"300\"  itemprop=\"thumbnailUrl\" srcset=\"https:\/\/walhalla.fi\/wp-content\/uploads\/2024\/08\/lillzlatan_framegrabs_02_main-300x169.jpg 300w, https:\/\/walhalla.fi\/wp-content\/uploads\/2024\/08\/lillzlatan_framegrabs_02_main-1030x579.jpg 1030w, https:\/\/walhalla.fi\/wp-content\/uploads\/2024\/08\/lillzlatan_framegrabs_02_main-768x432.jpg 768w, https:\/\/walhalla.fi\/wp-content\/uploads\/2024\/08\/lillzlatan_framegrabs_02_main-1536x864.jpg 1536w, https:\/\/walhalla.fi\/wp-content\/uploads\/2024\/08\/lillzlatan_framegrabs_02_main-1500x844.jpg 1500w, https:\/\/walhalla.fi\/wp-content\/uploads\/2024\/08\/lillzlatan_framegrabs_02_main-705x397.jpg 705w, https:\/\/walhalla.fi\/wp-content\/uploads\/2024\/08\/lillzlatan_framegrabs_02_main.jpg 1920w\" sizes=\"(max-width: 300px) 100vw, 300px\" \/><\/div><\/div><\/div><br \/>\n\n<style type=\"text\/css\" data-created_by=\"avia_inline_auto\" id=\"style-css-av-m8wybfr9-5dab4181d8935d2909bcf5e778369e35\">\n.avia-image-container.av-m8wybfr9-5dab4181d8935d2909bcf5e778369e35 .av-image-caption-overlay-center{\ncolor:#ffffff;\n}\n<\/style>\n<div  class='avia-image-container av-m8wybfr9-5dab4181d8935d2909bcf5e778369e35 av-styling-no-styling avia-align-center  avia-builder-el-6  el_after_av_image  el_before_av_image '  itemprop=\"image\" itemscope=\"itemscope\" itemtype=\"https:\/\/schema.org\/ImageObject\" ><div class=\"avia-image-container-inner\"><div class=\"avia-image-overlay-wrap\"><img decoding=\"async\" class='wp-image-4652 avia-img-lazy-loading-not-4652 avia_image' src=\"https:\/\/walhalla.fi\/wp-content\/uploads\/2024\/05\/003_Pia_lehto_harald_antskog_DSF4757-3-225x300.jpg\" alt='' title='003_Pia_lehto_harald_antskog_DSF4757 3'  height=\"300\" width=\"225\"  itemprop=\"thumbnailUrl\" srcset=\"https:\/\/walhalla.fi\/wp-content\/uploads\/2024\/05\/003_Pia_lehto_harald_antskog_DSF4757-3-225x300.jpg 225w, https:\/\/walhalla.fi\/wp-content\/uploads\/2024\/05\/003_Pia_lehto_harald_antskog_DSF4757-3-773x1030.jpg 773w, https:\/\/walhalla.fi\/wp-content\/uploads\/2024\/05\/003_Pia_lehto_harald_antskog_DSF4757-3-768x1024.jpg 768w, https:\/\/walhalla.fi\/wp-content\/uploads\/2024\/05\/003_Pia_lehto_harald_antskog_DSF4757-3-1152x1536.jpg 1152w, https:\/\/walhalla.fi\/wp-content\/uploads\/2024\/05\/003_Pia_lehto_harald_antskog_DSF4757-3-1125x1500.jpg 1125w, https:\/\/walhalla.fi\/wp-content\/uploads\/2024\/05\/003_Pia_lehto_harald_antskog_DSF4757-3-529x705.jpg 529w, https:\/\/walhalla.fi\/wp-content\/uploads\/2024\/05\/003_Pia_lehto_harald_antskog_DSF4757-3.jpg 1536w\" sizes=\"(max-width: 225px) 100vw, 225px\" \/><\/div><\/div><\/div><br \/>\n\n<style type=\"text\/css\" data-created_by=\"avia_inline_auto\" id=\"style-css-av-m8wybw19-45a72ffa695718e33f22d6d84e28fba6\">\n.avia-image-container.av-m8wybw19-45a72ffa695718e33f22d6d84e28fba6 .av-image-caption-overlay-center{\ncolor:#ffffff;\n}\n<\/style>\n<div  class='avia-image-container av-m8wybw19-45a72ffa695718e33f22d6d84e28fba6 av-styling-no-styling avia-align-center  avia-builder-el-7  el_after_av_image  el_before_av_image '  itemprop=\"image\" itemscope=\"itemscope\" itemtype=\"https:\/\/schema.org\/ImageObject\" ><div class=\"avia-image-container-inner\"><div class=\"avia-image-overlay-wrap\"><img decoding=\"async\" class='wp-image-4665 avia-img-lazy-loading-not-4665 avia_image' src=\"https:\/\/walhalla.fi\/wp-content\/uploads\/2024\/05\/011_harald_antskog_DSF7157-1-240x300.jpg\" alt='' title='011_harald_antskog_DSF7157 1'  height=\"300\" width=\"240\"  itemprop=\"thumbnailUrl\" srcset=\"https:\/\/walhalla.fi\/wp-content\/uploads\/2024\/05\/011_harald_antskog_DSF7157-1-240x300.jpg 240w, https:\/\/walhalla.fi\/wp-content\/uploads\/2024\/05\/011_harald_antskog_DSF7157-1-824x1030.jpg 824w, https:\/\/walhalla.fi\/wp-content\/uploads\/2024\/05\/011_harald_antskog_DSF7157-1-768x960.jpg 768w, https:\/\/walhalla.fi\/wp-content\/uploads\/2024\/05\/011_harald_antskog_DSF7157-1-1229x1536.jpg 1229w, https:\/\/walhalla.fi\/wp-content\/uploads\/2024\/05\/011_harald_antskog_DSF7157-1-1200x1500.jpg 1200w, https:\/\/walhalla.fi\/wp-content\/uploads\/2024\/05\/011_harald_antskog_DSF7157-1-564x705.jpg 564w, https:\/\/walhalla.fi\/wp-content\/uploads\/2024\/05\/011_harald_antskog_DSF7157-1.jpg 1638w\" sizes=\"(max-width: 240px) 100vw, 240px\" \/><\/div><\/div><\/div><br \/>\n\n<style type=\"text\/css\" data-created_by=\"avia_inline_auto\" id=\"style-css-av-m8wycchf-727bf14089c9a9a080f59ca5a3aa74f8\">\n.avia-image-container.av-m8wycchf-727bf14089c9a9a080f59ca5a3aa74f8 .av-image-caption-overlay-center{\ncolor:#ffffff;\n}\n<\/style>\n<div  class='avia-image-container av-m8wycchf-727bf14089c9a9a080f59ca5a3aa74f8 av-styling-no-styling avia-align-center  avia-builder-el-8  el_after_av_image  avia-builder-el-last '  itemprop=\"image\" itemscope=\"itemscope\" itemtype=\"https:\/\/schema.org\/ImageObject\" ><div class=\"avia-image-container-inner\"><div class=\"avia-image-overlay-wrap\"><img decoding=\"async\" class='wp-image-4549 avia-img-lazy-loading-not-4549 avia_image' src=\"https:\/\/walhalla.fi\/wp-content\/uploads\/2024\/02\/POHJOISMAISET-ELOKUVAHELMET-212x300.png\" alt='' title='POHJOISMAISET ELOKUVAHELMET'  height=\"300\" width=\"212\"  itemprop=\"thumbnailUrl\" srcset=\"https:\/\/walhalla.fi\/wp-content\/uploads\/2024\/02\/POHJOISMAISET-ELOKUVAHELMET-212x300.png 212w, https:\/\/walhalla.fi\/wp-content\/uploads\/2024\/02\/POHJOISMAISET-ELOKUVAHELMET-728x1030.png 728w, https:\/\/walhalla.fi\/wp-content\/uploads\/2024\/02\/POHJOISMAISET-ELOKUVAHELMET-768x1086.png 768w, https:\/\/walhalla.fi\/wp-content\/uploads\/2024\/02\/POHJOISMAISET-ELOKUVAHELMET-1086x1536.png 1086w, https:\/\/walhalla.fi\/wp-content\/uploads\/2024\/02\/POHJOISMAISET-ELOKUVAHELMET-1448x2048.png 1448w, https:\/\/walhalla.fi\/wp-content\/uploads\/2024\/02\/POHJOISMAISET-ELOKUVAHELMET-1060x1500.png 1060w, https:\/\/walhalla.fi\/wp-content\/uploads\/2024\/02\/POHJOISMAISET-ELOKUVAHELMET-498x705.png 498w, https:\/\/walhalla.fi\/wp-content\/uploads\/2024\/02\/POHJOISMAISET-ELOKUVAHELMET.png 1587w\" sizes=\"(max-width: 212px) 100vw, 212px\" \/><\/div><\/div><\/div><\/p><\/div><\/p>\n","protected":false},"excerpt":{"rendered":"","protected":false},"author":2,"featured_media":0,"parent":0,"menu_order":0,"comment_status":"closed","ping_status":"closed","template":"","meta":[],"acf":[],"yoast_head":"<!-- This site is optimized with the Yoast SEO plugin v20.6 - https:\/\/yoast.com\/wordpress\/plugins\/seo\/ -->\n<title>Verksamhet - Walhalla<\/title>\n<meta name=\"robots\" content=\"index, follow, max-snippet:-1, max-image-preview:large, max-video-preview:-1\" \/>\n<link rel=\"canonical\" href=\"https:\/\/walhalla.fi\/sv\/verksamhet\/\" \/>\n<meta property=\"og:locale\" content=\"sv_SE\" \/>\n<meta property=\"og:type\" content=\"article\" \/>\n<meta property=\"og:title\" content=\"Verksamhet - Walhalla\" \/>\n<meta property=\"og:url\" content=\"https:\/\/walhalla.fi\/sv\/verksamhet\/\" \/>\n<meta property=\"og:site_name\" content=\"Walhalla\" \/>\n<meta property=\"article:modified_time\" content=\"2025-10-28T12:47:11+00:00\" \/>\n<meta property=\"og:image\" content=\"https:\/\/walhalla.fi\/wp-content\/uploads\/2025\/03\/Svenska_kulturfonden_logo_svart_transparent_RGB-282x300.png\" \/>\n<meta name=\"twitter:card\" content=\"summary_large_image\" \/>\n<meta name=\"twitter:label1\" content=\"Ber\u00e4knad l\u00e4stid\" \/>\n\t<meta name=\"twitter:data1\" content=\"3 minuter\" \/>\n<script type=\"application\/ld+json\" class=\"yoast-schema-graph\">{\"@context\":\"https:\/\/schema.org\",\"@graph\":[{\"@type\":\"WebPage\",\"@id\":\"https:\/\/walhalla.fi\/sv\/verksamhet\/\",\"url\":\"https:\/\/walhalla.fi\/sv\/verksamhet\/\",\"name\":\"Verksamhet - Walhalla\",\"isPartOf\":{\"@id\":\"https:\/\/159.223.20.60\/#website\"},\"datePublished\":\"2015-11-24T09:59:14+00:00\",\"dateModified\":\"2025-10-28T12:47:11+00:00\",\"breadcrumb\":{\"@id\":\"https:\/\/walhalla.fi\/sv\/verksamhet\/#breadcrumb\"},\"inLanguage\":\"sv-SE\",\"potentialAction\":[{\"@type\":\"ReadAction\",\"target\":[\"https:\/\/walhalla.fi\/sv\/verksamhet\/\"]}]},{\"@type\":\"BreadcrumbList\",\"@id\":\"https:\/\/walhalla.fi\/sv\/verksamhet\/#breadcrumb\",\"itemListElement\":[{\"@type\":\"ListItem\",\"position\":1,\"name\":\"Home\",\"item\":\"https:\/\/walhalla.fi\/sv\/hemsida\/\"},{\"@type\":\"ListItem\",\"position\":2,\"name\":\"Verksamhet\"}]},{\"@type\":\"WebSite\",\"@id\":\"https:\/\/159.223.20.60\/#website\",\"url\":\"https:\/\/159.223.20.60\/\",\"name\":\"Walhalla\",\"description\":\"Nordisk filmbyr\u00e5\",\"potentialAction\":[{\"@type\":\"SearchAction\",\"target\":{\"@type\":\"EntryPoint\",\"urlTemplate\":\"https:\/\/159.223.20.60\/?s={search_term_string}\"},\"query-input\":\"required name=search_term_string\"}],\"inLanguage\":\"sv-SE\"}]}<\/script>\n<!-- \/ Yoast SEO plugin. -->","yoast_head_json":{"title":"Verksamhet - Walhalla","robots":{"index":"index","follow":"follow","max-snippet":"max-snippet:-1","max-image-preview":"max-image-preview:large","max-video-preview":"max-video-preview:-1"},"canonical":"https:\/\/walhalla.fi\/sv\/verksamhet\/","og_locale":"sv_SE","og_type":"article","og_title":"Verksamhet - Walhalla","og_url":"https:\/\/walhalla.fi\/sv\/verksamhet\/","og_site_name":"Walhalla","article_modified_time":"2025-10-28T12:47:11+00:00","og_image":[{"url":"https:\/\/walhalla.fi\/wp-content\/uploads\/2025\/03\/Svenska_kulturfonden_logo_svart_transparent_RGB-282x300.png"}],"twitter_card":"summary_large_image","twitter_misc":{"Ber\u00e4knad l\u00e4stid":"3 minuter"},"schema":{"@context":"https:\/\/schema.org","@graph":[{"@type":"WebPage","@id":"https:\/\/walhalla.fi\/sv\/verksamhet\/","url":"https:\/\/walhalla.fi\/sv\/verksamhet\/","name":"Verksamhet - Walhalla","isPartOf":{"@id":"https:\/\/159.223.20.60\/#website"},"datePublished":"2015-11-24T09:59:14+00:00","dateModified":"2025-10-28T12:47:11+00:00","breadcrumb":{"@id":"https:\/\/walhalla.fi\/sv\/verksamhet\/#breadcrumb"},"inLanguage":"sv-SE","potentialAction":[{"@type":"ReadAction","target":["https:\/\/walhalla.fi\/sv\/verksamhet\/"]}]},{"@type":"BreadcrumbList","@id":"https:\/\/walhalla.fi\/sv\/verksamhet\/#breadcrumb","itemListElement":[{"@type":"ListItem","position":1,"name":"Home","item":"https:\/\/walhalla.fi\/sv\/hemsida\/"},{"@type":"ListItem","position":2,"name":"Verksamhet"}]},{"@type":"WebSite","@id":"https:\/\/159.223.20.60\/#website","url":"https:\/\/159.223.20.60\/","name":"Walhalla","description":"Nordisk filmbyr\u00e5","potentialAction":[{"@type":"SearchAction","target":{"@type":"EntryPoint","urlTemplate":"https:\/\/159.223.20.60\/?s={search_term_string}"},"query-input":"required name=search_term_string"}],"inLanguage":"sv-SE"}]}},"_links":{"self":[{"href":"https:\/\/walhalla.fi\/sv\/wp-json\/wp\/v2\/pages\/765"}],"collection":[{"href":"https:\/\/walhalla.fi\/sv\/wp-json\/wp\/v2\/pages"}],"about":[{"href":"https:\/\/walhalla.fi\/sv\/wp-json\/wp\/v2\/types\/page"}],"author":[{"embeddable":true,"href":"https:\/\/walhalla.fi\/sv\/wp-json\/wp\/v2\/users\/2"}],"replies":[{"embeddable":true,"href":"https:\/\/walhalla.fi\/sv\/wp-json\/wp\/v2\/comments?post=765"}],"version-history":[{"count":5,"href":"https:\/\/walhalla.fi\/sv\/wp-json\/wp\/v2\/pages\/765\/revisions"}],"predecessor-version":[{"id":5159,"href":"https:\/\/walhalla.fi\/sv\/wp-json\/wp\/v2\/pages\/765\/revisions\/5159"}],"wp:attachment":[{"href":"https:\/\/walhalla.fi\/sv\/wp-json\/wp\/v2\/media?parent=765"}],"curies":[{"name":"wp","href":"https:\/\/api.w.org\/{rel}","templated":true}]}}