{"id":763,"date":"2015-11-24T09:59:07","date_gmt":"2015-11-24T09:59:07","guid":{"rendered":"https:\/\/walhalla.fi\/?page_id=763"},"modified":"2020-03-12T14:18:16","modified_gmt":"2020-03-12T12:18:16","slug":"walhalla","status":"publish","type":"page","link":"https:\/\/walhalla.fi\/sv\/walhalla\/","title":{"rendered":"Walhalla"},"content":{"rendered":"\n<style type=\"text\/css\" data-created_by=\"avia_inline_auto\" id=\"style-css-av-av_one_full-9497bbf8bff73ea4c6992cc17fa9ec36\">\n.flex_column.av-av_one_full-9497bbf8bff73ea4c6992cc17fa9ec36{\nborder-radius:0px 0px 0px 0px;\n-webkit-border-radius:0px 0px 0px 0px;\n-moz-border-radius:0px 0px 0px 0px;\n}\n<\/style>\n<div class='flex_column av-av_one_full-9497bbf8bff73ea4c6992cc17fa9ec36 av_one_full  avia-builder-el-0  avia-builder-el-no-sibling  first flex_column_div av-zero-column-padding '   ><section  class='av_textblock_section av-av_textblock-2bd894dbf2e4bf2c4acf98ce4fbf94aa'  itemscope=\"itemscope\" itemtype=\"https:\/\/schema.org\/CreativeWork\" ><div class='avia_textblock'  itemprop=\"text\" ><p>Walhalla \u00e4r en filmf\u00f6rening som i \u00f6ver 40 \u00e5r jobbat med att befr\u00e4mja nordisk film i Finland. Walhalla \u00e4r en sj\u00e4lvst\u00e4ndig, landsomfattande filmf\u00f6rening som samarbetar med m\u00e5nga instanser i hela landet. Verksamheten riktar sig inte enbart till medlemmarna utan fr\u00e4mst till allm\u00e4nheten. Verksamheten fokuserar p\u00e5 filmvisning och i samband med den diverse f\u00f6rel\u00e4sningar, temahelheter, bes\u00f6k av nordiska g\u00e4ster inom branschen samt filmpedagogik i olika former.<\/p>\n<p>Walhalla str\u00e4var efter att v\u00e4cka tittarnas intresse f\u00f6r nordisk film.\u00a0Walhallas verksamhet str\u00e4cker sig \u00f6ver hela Finland och ett specialfokus ligger p\u00e5 enspr\u00e5kigt finska orter d\u00e4r filmutbudet \u00e4r litet.<\/p>\n<p>Walhallas samarbetspartners \u00e4r bl.a. Pohjola-Norden, de regionala filmcentren, Svenska nu, Hanaholmens kulturcentrum, Kulturkontakt Nord samt filmfestivaler och diverse kulturorganisationer i hela landet.<\/p>\n<p>Walhallas verksamhet m\u00f6jligg\u00f6rs av verksamhetsbidrag fr\u00e5n undervisnings- och kulturministeriet samt bidrag fr\u00e5n Kulturfonden f\u00f6r Finland och Sverige, Kulturfonden f\u00f6r Finland och Danmark, Kulturfonden f\u00f6r Finland och Norge samt Kulturfonden Island-Finland.<\/p>\n<\/div><\/section><\/div>\n","protected":false},"excerpt":{"rendered":"","protected":false},"author":2,"featured_media":0,"parent":0,"menu_order":0,"comment_status":"closed","ping_status":"closed","template":"","meta":[],"acf":[],"yoast_head":"<!-- This site is optimized with the Yoast SEO plugin v20.6 - https:\/\/yoast.com\/wordpress\/plugins\/seo\/ -->\n<title>Walhalla - Walhalla<\/title>\n<meta name=\"robots\" content=\"index, follow, max-snippet:-1, max-image-preview:large, max-video-preview:-1\" \/>\n<link rel=\"canonical\" href=\"https:\/\/159.223.20.60\/sv\/walhalla\/\" \/>\n<meta property=\"og:locale\" content=\"sv_SE\" \/>\n<meta property=\"og:type\" content=\"article\" \/>\n<meta property=\"og:title\" content=\"Walhalla - Walhalla\" \/>\n<meta property=\"og:url\" content=\"https:\/\/159.223.20.60\/sv\/walhalla\/\" \/>\n<meta property=\"og:site_name\" content=\"Walhalla\" \/>\n<meta property=\"article:modified_time\" content=\"2020-03-12T12:18:16+00:00\" \/>\n<meta name=\"twitter:card\" content=\"summary_large_image\" \/>\n<meta name=\"twitter:label1\" content=\"Ber\u00e4knad l\u00e4stid\" \/>\n\t<meta name=\"twitter:data1\" content=\"1 minut\" \/>\n<script type=\"application\/ld+json\" class=\"yoast-schema-graph\">{\"@context\":\"https:\/\/schema.org\",\"@graph\":[{\"@type\":\"WebPage\",\"@id\":\"https:\/\/159.223.20.60\/sv\/walhalla\/\",\"url\":\"https:\/\/159.223.20.60\/sv\/walhalla\/\",\"name\":\"Walhalla - Walhalla\",\"isPartOf\":{\"@id\":\"https:\/\/159.223.20.60\/#website\"},\"datePublished\":\"2015-11-24T09:59:07+00:00\",\"dateModified\":\"2020-03-12T12:18:16+00:00\",\"breadcrumb\":{\"@id\":\"https:\/\/159.223.20.60\/sv\/walhalla\/#breadcrumb\"},\"inLanguage\":\"sv-SE\",\"potentialAction\":[{\"@type\":\"ReadAction\",\"target\":[\"https:\/\/159.223.20.60\/sv\/walhalla\/\"]}]},{\"@type\":\"BreadcrumbList\",\"@id\":\"https:\/\/159.223.20.60\/sv\/walhalla\/#breadcrumb\",\"itemListElement\":[{\"@type\":\"ListItem\",\"position\":1,\"name\":\"Home\",\"item\":\"https:\/\/walhalla.fi\/sv\/hemsida\/\"},{\"@type\":\"ListItem\",\"position\":2,\"name\":\"Walhalla\"}]},{\"@type\":\"WebSite\",\"@id\":\"https:\/\/159.223.20.60\/#website\",\"url\":\"https:\/\/159.223.20.60\/\",\"name\":\"Walhalla\",\"description\":\"Nordisk filmbyr\u00e5\",\"potentialAction\":[{\"@type\":\"SearchAction\",\"target\":{\"@type\":\"EntryPoint\",\"urlTemplate\":\"https:\/\/159.223.20.60\/?s={search_term_string}\"},\"query-input\":\"required name=search_term_string\"}],\"inLanguage\":\"sv-SE\"}]}<\/script>\n<!-- \/ Yoast SEO plugin. -->","yoast_head_json":{"title":"Walhalla - Walhalla","robots":{"index":"index","follow":"follow","max-snippet":"max-snippet:-1","max-image-preview":"max-image-preview:large","max-video-preview":"max-video-preview:-1"},"canonical":"https:\/\/159.223.20.60\/sv\/walhalla\/","og_locale":"sv_SE","og_type":"article","og_title":"Walhalla - Walhalla","og_url":"https:\/\/159.223.20.60\/sv\/walhalla\/","og_site_name":"Walhalla","article_modified_time":"2020-03-12T12:18:16+00:00","twitter_card":"summary_large_image","twitter_misc":{"Ber\u00e4knad l\u00e4stid":"1 minut"},"schema":{"@context":"https:\/\/schema.org","@graph":[{"@type":"WebPage","@id":"https:\/\/159.223.20.60\/sv\/walhalla\/","url":"https:\/\/159.223.20.60\/sv\/walhalla\/","name":"Walhalla - Walhalla","isPartOf":{"@id":"https:\/\/159.223.20.60\/#website"},"datePublished":"2015-11-24T09:59:07+00:00","dateModified":"2020-03-12T12:18:16+00:00","breadcrumb":{"@id":"https:\/\/159.223.20.60\/sv\/walhalla\/#breadcrumb"},"inLanguage":"sv-SE","potentialAction":[{"@type":"ReadAction","target":["https:\/\/159.223.20.60\/sv\/walhalla\/"]}]},{"@type":"BreadcrumbList","@id":"https:\/\/159.223.20.60\/sv\/walhalla\/#breadcrumb","itemListElement":[{"@type":"ListItem","position":1,"name":"Home","item":"https:\/\/walhalla.fi\/sv\/hemsida\/"},{"@type":"ListItem","position":2,"name":"Walhalla"}]},{"@type":"WebSite","@id":"https:\/\/159.223.20.60\/#website","url":"https:\/\/159.223.20.60\/","name":"Walhalla","description":"Nordisk filmbyr\u00e5","potentialAction":[{"@type":"SearchAction","target":{"@type":"EntryPoint","urlTemplate":"https:\/\/159.223.20.60\/?s={search_term_string}"},"query-input":"required name=search_term_string"}],"inLanguage":"sv-SE"}]}},"_links":{"self":[{"href":"https:\/\/walhalla.fi\/sv\/wp-json\/wp\/v2\/pages\/763"}],"collection":[{"href":"https:\/\/walhalla.fi\/sv\/wp-json\/wp\/v2\/pages"}],"about":[{"href":"https:\/\/walhalla.fi\/sv\/wp-json\/wp\/v2\/types\/page"}],"author":[{"embeddable":true,"href":"https:\/\/walhalla.fi\/sv\/wp-json\/wp\/v2\/users\/2"}],"replies":[{"embeddable":true,"href":"https:\/\/walhalla.fi\/sv\/wp-json\/wp\/v2\/comments?post=763"}],"version-history":[{"count":0,"href":"https:\/\/walhalla.fi\/sv\/wp-json\/wp\/v2\/pages\/763\/revisions"}],"wp:attachment":[{"href":"https:\/\/walhalla.fi\/sv\/wp-json\/wp\/v2\/media?parent=763"}],"curies":[{"name":"wp","href":"https:\/\/api.w.org\/{rel}","templated":true}]}}