{"id":761,"date":"2015-11-24T09:16:47","date_gmt":"2015-11-24T09:16:47","guid":{"rendered":"https:\/\/walhalla.fi\/?page_id=761"},"modified":"2025-11-04T19:15:34","modified_gmt":"2025-11-04T17:15:34","slug":"hemsida","status":"publish","type":"page","link":"https:\/\/walhalla.fi\/sv\/","title":{"rendered":"Hem"},"content":{"rendered":"<div id='full_slider_1'  class='avia-fullwidth-slider main_color avia-shadow   avia-builder-el-0  el_before_av_three_fifth  avia-builder-el-first   container_wrap fullsize'  >\n<style type=\"text\/css\" data-created_by=\"avia_inline_auto\" id=\"style-css-av-kesam7pn-320ac4aa53aea2c7f866a9b7bce8ea67\">\n#top #wrap_all .avia-slideshow .av-slideshow-caption.av-kesam7pn-320ac4aa53aea2c7f866a9b7bce8ea67__1 .avia-caption-title{\nfont-size:30px;\n}\n#top .avia-slideshow .av-slideshow-caption.av-kesam7pn-320ac4aa53aea2c7f866a9b7bce8ea67__1 .avia-caption-content{\nfont-size:22px;\n}\n#top .avia-slideshow .av-slideshow-caption.av-kesam7pn-320ac4aa53aea2c7f866a9b7bce8ea67__1 .avia-caption-content p{\nfont-size:22px;\n}\n#top #wrap_all .avia-slideshow .av-slideshow-caption.av-kesam7pn-320ac4aa53aea2c7f866a9b7bce8ea67__4 .avia-caption-title{\nfont-size:30px;\n}\n#top .avia-slideshow .av-slideshow-caption.av-kesam7pn-320ac4aa53aea2c7f866a9b7bce8ea67__4 .avia-caption-content{\nfont-size:22px;\n}\n#top .avia-slideshow .av-slideshow-caption.av-kesam7pn-320ac4aa53aea2c7f866a9b7bce8ea67__4 .avia-caption-content p{\nfont-size:22px;\n}\n<\/style>\n<div  class='avia-slideshow av-kesam7pn-320ac4aa53aea2c7f866a9b7bce8ea67 av-control-minimal avia-slideshow-featured av_slideshow_full avia-slide-slider av-default-height-applied   avia-slideshow-1'  data-size='featured'  data-lightbox_size='large'  data-animation='slide'  data-conditional_play=''  data-ids='4966,4962,4709,840,4973'  data-video_counter='0'  data-autoplay='true'  data-bg_slider='false'  data-slide_height=''  data-handle='av_slideshow_full'  data-interval='5'  data-class=''  data-extra_class=' '  data-el_id=''  data-css_id=''  data-scroll_down=''  data-control_layout='av-control-minimal'  data-custom_markup=''  data-perma_caption=''  data-autoplay_stopper=''  data-image_attachment=''  data-min_height='0px'  data-lazy_loading='disabled'  data-default-height='28.666666666667'  data-stretch=''  data-src=''  data-position='top left'  data-repeat='no-repeat'  data-attach='scroll'  data-img_scrset=''  data-av-desktop-hide=''  data-av-medium-hide=''  data-av-small-hide=''  data-av-mini-hide=''  data-id=''  data-custom_class=''  data-template_class=''  data-av_uid='av-kesam7pn'  data-sc_version='1.0'  data-heading_tag=''  data-heading_class=''   itemprop=\"image\" itemscope=\"itemscope\" itemtype=\"https:\/\/schema.org\/ImageObject\" ><ul class='avia-slideshow-inner ' style='padding-bottom: 28.666666666667%;'><li  class='avia-slideshow-slide av-kesam7pn-320ac4aa53aea2c7f866a9b7bce8ea67__0  slide-1 ' ><div data-rel='slideshow-1' class='avia-slide-wrap '   ><div class='av-slideshow-caption av-kesam7pn-320ac4aa53aea2c7f866a9b7bce8ea67__0 caption_fullwidth caption_center'><div class=\"container caption_container\"><div class=\"slideshow_caption\"><div class=\"slideshow_inner_caption\"><div class=\"slideshow_align_caption\"><h2 class='avia-caption-title '  itemprop=\"name\" >Walhalla<\/h2><div class='avia-caption-content '  itemprop=\"description\" ><p>Walhalla sprider nordisk film i Finland<\/p>\n<\/div><a href='https:\/\/walhalla.fi\/sv\/verksamhet\/kuukauden\/'  class='avia-slideshow-button avia-button avia-color-light ' data-duration='800' data-easing='easeInOutQuad'>L\u00e4s mer<\/a><\/div><\/div><\/div><\/div><\/div><img decoding=\"async\" class=\"wp-image-4966 avia-img-lazy-loading-not-4966\"  src=\"https:\/\/walhalla.fi\/wp-content\/uploads\/2025\/01\/SE_photo4_big-1500x430.jpg\" width=\"1500\" height=\"430\" title='SE_photo4_big' alt=''  itemprop=\"thumbnailUrl\"   \/><\/div><\/li><li  class='avia-slideshow-slide av-kesam7pn-320ac4aa53aea2c7f866a9b7bce8ea67__1  slide-2 ' ><div data-rel='slideshow-1' class='avia-slide-wrap '   ><div class='av-slideshow-caption av-kesam7pn-320ac4aa53aea2c7f866a9b7bce8ea67__1 caption_fullwidth caption_center'><div class=\"container caption_container\"><div class=\"slideshow_caption\"><div class=\"slideshow_inner_caption\"><div class=\"slideshow_align_caption\"><h2 class='avia-caption-title '  itemprop=\"name\" >M\u00e5nadens nordiska film<\/h2><div class='avia-caption-content '  itemprop=\"description\" ><p>Se v\u00e5ra visningar i tio kommuner i hela Finland.<\/p>\n<\/div><a href='https:\/\/walhalla.fi\/sv\/verksamhet\/kuukauden\/'  class='avia-slideshow-button avia-button avia-color-light ' data-duration='800' data-easing='easeInOutQuad'>L\u00e4s mer<\/a><\/div><\/div><\/div><\/div><\/div><img decoding=\"async\" class=\"wp-image-4962 avia-img-lazy-loading-not-4962\"  src=\"https:\/\/walhalla.fi\/wp-content\/uploads\/2025\/01\/TC_Still2_Lin_Alluna-1500x430.jpg\" width=\"1500\" height=\"430\" title='TC_Still2_Lin_Alluna' alt=''  itemprop=\"thumbnailUrl\"   \/><\/div><\/li><li  class='avia-slideshow-slide av-kesam7pn-320ac4aa53aea2c7f866a9b7bce8ea67__2  slide-3 ' ><div data-rel='slideshow-1' class='avia-slide-wrap '   ><div class='av-slideshow-caption av-kesam7pn-320ac4aa53aea2c7f866a9b7bce8ea67__2 caption_fullwidth caption_center'><div class=\"container caption_container\"><div class=\"slideshow_caption\"><div class=\"slideshow_inner_caption\"><div class=\"slideshow_align_caption\"><h2 class='avia-caption-title '  itemprop=\"name\" >Filmkamraten<\/h2><div class='avia-caption-content '  itemprop=\"description\" ><p>Filmpedagogik p\u00e5 webben<\/p>\n<p>Fr\u00e5n \u00e5k 1 till andra stadiet<\/p>\n<\/div><a href='https:\/\/walhalla.fi\/sv\/verksamhet\/bokbio2\/topelius-200-prinsessan-lindagull\/'  class='avia-slideshow-button avia-button avia-color-light ' data-duration='800' data-easing='easeInOutQuad'>L\u00e4s mer<\/a><\/div><\/div><\/div><\/div><\/div><img decoding=\"async\" class=\"wp-image-4709 avia-img-lazy-loading-not-4709\"  src=\"https:\/\/walhalla.fi\/wp-content\/uploads\/2024\/08\/lillzlatan_framegrabs_02_main-1500x430.jpg\" width=\"1500\" height=\"430\" title='lillzlatan_framegrabs_02_main' alt=''  itemprop=\"thumbnailUrl\"   \/><\/div><\/li><li  class='avia-slideshow-slide av-kesam7pn-320ac4aa53aea2c7f866a9b7bce8ea67__3  slide-4 ' ><div data-rel='slideshow-1' class='avia-slide-wrap '   ><div class='av-slideshow-caption av-kesam7pn-320ac4aa53aea2c7f866a9b7bce8ea67__3 caption_fullwidth caption_center'><div class=\"container caption_container\"><div class=\"slideshow_caption\"><div class=\"slideshow_inner_caption\"><div class=\"slideshow_align_caption\"><h2 class='avia-caption-title '  itemprop=\"name\" >Bokbio<\/h2><div class='avia-caption-content '  itemprop=\"description\" ><p>Filmpedagogik f\u00f6r bibliotekets yngsta kunder, h\u00f6gstadiet och andra stadiet<\/p>\n<\/div><a href='https:\/\/walhalla.fi\/sv\/verksamhet\/bokbio2\/'  class='avia-slideshow-button avia-button avia-color-light ' data-duration='800' data-easing='easeInOutQuad'>L\u00e4s mer<\/a><\/div><\/div><\/div><\/div><\/div><img decoding=\"async\" class=\"wp-image-3824 avia-img-lazy-loading-not-3824\"  src=\"https:\/\/walhalla.fi\/wp-content\/uploads\/2015\/11\/etusivu_slider_bokbio-1500x430.jpg\" width=\"1500\" height=\"430\" title='etusivu_slider_bokbio' alt=''  itemprop=\"thumbnailUrl\"   \/><\/div><\/li><li  class='avia-slideshow-slide av-kesam7pn-320ac4aa53aea2c7f866a9b7bce8ea67__4  slide-5 ' ><div data-rel='slideshow-1' class='avia-slide-wrap '   ><div class='av-slideshow-caption av-kesam7pn-320ac4aa53aea2c7f866a9b7bce8ea67__4 caption_fullwidth caption_center'><div class=\"container caption_container\"><div class=\"slideshow_caption\"><div class=\"slideshow_inner_caption\"><div class=\"slideshow_align_caption\"><h2 class='avia-caption-title '  itemprop=\"name\" >Filmoteket<\/h2><div class='avia-caption-content '  itemprop=\"description\" ><p>L\u00e5na film till svenskundervisningen<\/p>\n<\/div><a href='https:\/\/walhalla.fi\/sv\/verksamhet\/bokbio2\/topelius-200-prinsessan-lindagull\/'  class='avia-slideshow-button avia-button avia-color-light ' data-duration='800' data-easing='easeInOutQuad'>L\u00e4s mer<\/a><\/div><\/div><\/div><\/div><\/div><img decoding=\"async\" class=\"wp-image-4973 avia-img-lazy-loading-not-4973\"  src=\"https:\/\/walhalla.fi\/wp-content\/uploads\/2025\/01\/ufo_sweden_63d2979976d67-1500x430.jpg\" width=\"1500\" height=\"430\" title='ufo_sweden_63d2979976d67' alt=''  itemprop=\"thumbnailUrl\"   \/><\/div><\/li><\/ul><div class='avia-slideshow-arrows avia-slideshow-controls' ><a href='#prev' class='prev-slide ' aria-hidden='true' data-av_icon='\ue87c' data-av_iconfont='entypo-fontello'  tabindex='-1'>F\u00f6reg\u00e5ende<\/a><a href='#next' class='next-slide ' aria-hidden='true' data-av_icon='\ue87d' data-av_iconfont='entypo-fontello'  tabindex='-1'>N\u00e4sta<\/a><\/div><div class='avia-slideshow-dots avia-slideshow-controls'><a href='#1' class='goto-slide active' >1<\/a><a href='#2' class='goto-slide ' >2<\/a><a href='#3' class='goto-slide ' >3<\/a><a href='#4' class='goto-slide ' >4<\/a><a href='#5' class='goto-slide ' >5<\/a><\/div><\/div><\/div><div id='after_full_slider_1'  class='main_color av_default_container_wrap container_wrap fullsize'  ><div class='container av-section-cont-open' ><div class='template-page content  av-content-full alpha units'><div class='post-entry post-entry-type-page post-entry-761'><div class='entry-content-wrapper clearfix'>\n\n<style type=\"text\/css\" data-created_by=\"avia_inline_auto\" id=\"style-css-av-rtga9-2be40d245a27343fd6837ad3e3fb96fa\">\n.flex_column.av-rtga9-2be40d245a27343fd6837ad3e3fb96fa{\nborder-radius:0px 0px 0px 0px;\n-webkit-border-radius:0px 0px 0px 0px;\n-moz-border-radius:0px 0px 0px 0px;\n}\n<\/style>\n<div class='flex_column av-rtga9-2be40d245a27343fd6837ad3e3fb96fa av_three_fifth  avia-builder-el-1  el_after_av_slideshow_full  el_before_av_two_fifth  avia-builder-el-first  float-right first flex_column_div av-zero-column-padding '   ><section  class='av_textblock_section av-1v6sp-21cee00b60996637696b4da4f1cfeed5'  itemscope=\"itemscope\" itemtype=\"https:\/\/schema.org\/CreativeWork\" ><div class='avia_textblock'  itemprop=\"text\" ><p><a href=\"https:\/\/walhalla.fi\/wp-content\/uploads\/2024\/01\/MNF-logoFI_Kaari_RGB.png\"><img decoding=\"async\" loading=\"lazy\" class=\"alignnone size-medium wp-image-4489\" src=\"https:\/\/walhalla.fi\/wp-content\/uploads\/2024\/01\/MNF-logoFI_Kaari_RGB-300x125.png\" alt=\"\" width=\"300\" height=\"125\" srcset=\"https:\/\/walhalla.fi\/wp-content\/uploads\/2024\/01\/MNF-logoFI_Kaari_RGB-300x125.png 300w, https:\/\/walhalla.fi\/wp-content\/uploads\/2024\/01\/MNF-logoFI_Kaari_RGB-768x320.png 768w, https:\/\/walhalla.fi\/wp-content\/uploads\/2024\/01\/MNF-logoFI_Kaari_RGB-705x294.png 705w, https:\/\/walhalla.fi\/wp-content\/uploads\/2024\/01\/MNF-logoFI_Kaari_RGB.png 780w\" sizes=\"(max-width: 300px) 100vw, 300px\" \/><\/a>    <h2 class=\"event-lifts-header\">KOMMANDE EVENEMANG<\/h2>\n        <div style=\"clear:both;\"><\/div>\n                    <div class=\"event-lift\">\n                        <div class=\"event-lift-pic flex_column av_two_fifth  flex_column_div el_before_av_three_fifth  avia-builder-el-first\">\n                <a href=\"https:\/\/walhalla.fi\/sv\/event\/joensuu-the-last-paradise-on-earth\/\"><img src=\"https:\/\/walhalla.fi\/wp-content\/uploads\/2026\/01\/The-Last-Paradise-on-Earth-300x169.jpg\" alt=\"\" \/><\/a>\n            <\/div>\n            <div class=\"event-lift-content flex_column av_three_fifth av-zero-column-padding  flex_column_div  avia-builder-el-last\">\n                <h3>Joensuu: The Last Paradise on Earth<\/h3>\n                <time>14.04.2026<\/time>\n                <p><\/p>\n                <a href=\"https:\/\/walhalla.fi\/sv\/event\/joensuu-the-last-paradise-on-earth\/\">L\u00e4s mer \u00bb<\/a>\n            <\/div>\n            <div style=\"clear:both;\"><\/div>\n        <\/div>\n                    <div class=\"event-lift\">\n                        <div class=\"event-lift-pic flex_column av_two_fifth  flex_column_div el_before_av_three_fifth  avia-builder-el-first\">\n                <a href=\"https:\/\/walhalla.fi\/sv\/event\/uleaborg-honey\/\"><img src=\"https:\/\/walhalla.fi\/wp-content\/uploads\/2026\/03\/Honey_foto_Tine-Harden-300x198.jpg\" alt=\"\" \/><\/a>\n            <\/div>\n            <div class=\"event-lift-content flex_column av_three_fifth av-zero-column-padding  flex_column_div  avia-builder-el-last\">\n                <h3>Ule\u00e5borg: Honey<\/h3>\n                <time>14.04.2026<\/time>\n                <p><\/p>\n                <a href=\"https:\/\/walhalla.fi\/sv\/event\/uleaborg-honey\/\">L\u00e4s mer \u00bb<\/a>\n            <\/div>\n            <div style=\"clear:both;\"><\/div>\n        <\/div>\n                    <div class=\"event-lift\">\n                        <div class=\"event-lift-pic flex_column av_two_fifth  flex_column_div el_before_av_three_fifth  avia-builder-el-first\">\n                <a href=\"https:\/\/walhalla.fi\/sv\/event\/abo-honey\/\"><img src=\"https:\/\/walhalla.fi\/wp-content\/uploads\/2026\/03\/Honey-foto_Tine-Harden-300x205.jpg\" alt=\"\" \/><\/a>\n            <\/div>\n            <div class=\"event-lift-content flex_column av_three_fifth av-zero-column-padding  flex_column_div  avia-builder-el-last\">\n                <h3>\u00c5bo: Honey<\/h3>\n                <time>15.04.2026<\/time>\n                <p><\/p>\n                <a href=\"https:\/\/walhalla.fi\/sv\/event\/abo-honey\/\">L\u00e4s mer \u00bb<\/a>\n            <\/div>\n            <div style=\"clear:both;\"><\/div>\n        <\/div>\n                    <div class=\"event-lift\">\n                        <div class=\"event-lift-pic flex_column av_two_fifth  flex_column_div el_before_av_three_fifth  avia-builder-el-first\">\n                <a href=\"https:\/\/walhalla.fi\/sv\/event\/tammerfors-the-last-paradise-on-earth\/\"><img src=\"https:\/\/walhalla.fi\/wp-content\/uploads\/2026\/01\/The-Last-Paradise-on-Earth-300x169.jpg\" alt=\"\" \/><\/a>\n            <\/div>\n            <div class=\"event-lift-content flex_column av_three_fifth av-zero-column-padding  flex_column_div  avia-builder-el-last\">\n                <h3>Tammerfors: The Last Paradise on Earth<\/h3>\n                <time>23.04.2026<\/time>\n                <p><\/p>\n                <a href=\"https:\/\/walhalla.fi\/sv\/event\/tammerfors-the-last-paradise-on-earth\/\">L\u00e4s mer \u00bb<\/a>\n            <\/div>\n            <div style=\"clear:both;\"><\/div>\n        <\/div>\n    <\/p>\n<p>Serien M\u00e5nadens nordiska film forts\u00e4tter igen v\u00e5ren 2026.<\/p>\n<p>L\u00e4s mer om Walhallas jubileums\u00e5r p\u00e5 sidan <a href=\"https:\/\/walhalla.fi\/sv\/verksamhet\/walhalla-50-ar\/\">Walhalla 50 \u00e5r<\/a>.<\/p>\n<\/div><\/section><\/div>\n<style type=\"text\/css\" data-created_by=\"avia_inline_auto\" id=\"style-css-av-cwh9l-443a01613e8c95279ab8851c4945c615\">\n.flex_column.av-cwh9l-443a01613e8c95279ab8851c4945c615{\nborder-radius:0px 0px 0px 0px;\n-webkit-border-radius:0px 0px 0px 0px;\n-moz-border-radius:0px 0px 0px 0px;\n}\n<\/style>\n<div class='flex_column av-cwh9l-443a01613e8c95279ab8851c4945c615 av_two_fifth  avia-builder-el-3  el_after_av_three_fifth  avia-builder-el-last  float-right flex_column_div av-zero-column-padding '   ><\/div><\/p>\n","protected":false},"excerpt":{"rendered":"","protected":false},"author":2,"featured_media":0,"parent":0,"menu_order":0,"comment_status":"closed","ping_status":"closed","template":"","meta":[],"acf":[],"yoast_head":"<!-- This site is optimized with the Yoast SEO plugin v20.6 - https:\/\/yoast.com\/wordpress\/plugins\/seo\/ -->\n<title>Hem - Walhalla<\/title>\n<meta name=\"robots\" content=\"index, follow, max-snippet:-1, max-image-preview:large, max-video-preview:-1\" \/>\n<link rel=\"canonical\" href=\"https:\/\/walhalla.fi\/sv\/hemsida\/\" \/>\n<meta property=\"og:locale\" content=\"sv_SE\" \/>\n<meta property=\"og:type\" content=\"article\" \/>\n<meta property=\"og:title\" content=\"Hem - Walhalla\" \/>\n<meta property=\"og:url\" content=\"https:\/\/walhalla.fi\/sv\/hemsida\/\" \/>\n<meta property=\"og:site_name\" content=\"Walhalla\" \/>\n<meta property=\"article:modified_time\" content=\"2025-11-04T17:15:34+00:00\" \/>\n<meta property=\"og:image\" content=\"https:\/\/walhalla.fi\/wp-content\/uploads\/2024\/01\/MNF-logoFI_Kaari_RGB-300x125.png\" \/>\n<meta name=\"twitter:card\" content=\"summary_large_image\" \/>\n<meta name=\"twitter:label1\" content=\"Ber\u00e4knad l\u00e4stid\" \/>\n\t<meta name=\"twitter:data1\" content=\"3 minuter\" \/>\n<script type=\"application\/ld+json\" class=\"yoast-schema-graph\">{\"@context\":\"https:\/\/schema.org\",\"@graph\":[{\"@type\":\"WebPage\",\"@id\":\"https:\/\/walhalla.fi\/sv\/hemsida\/\",\"url\":\"https:\/\/walhalla.fi\/sv\/hemsida\/\",\"name\":\"Hem - Walhalla\",\"isPartOf\":{\"@id\":\"https:\/\/159.223.20.60\/#website\"},\"datePublished\":\"2015-11-24T09:16:47+00:00\",\"dateModified\":\"2025-11-04T17:15:34+00:00\",\"breadcrumb\":{\"@id\":\"https:\/\/walhalla.fi\/sv\/hemsida\/#breadcrumb\"},\"inLanguage\":\"sv-SE\",\"potentialAction\":[{\"@type\":\"ReadAction\",\"target\":[\"https:\/\/walhalla.fi\/sv\/hemsida\/\"]}]},{\"@type\":\"BreadcrumbList\",\"@id\":\"https:\/\/walhalla.fi\/sv\/hemsida\/#breadcrumb\",\"itemListElement\":[{\"@type\":\"ListItem\",\"position\":1,\"name\":\"Home\",\"item\":\"https:\/\/walhalla.fi\/sv\/hemsida\/\"},{\"@type\":\"ListItem\",\"position\":2,\"name\":\"Hem\"}]},{\"@type\":\"WebSite\",\"@id\":\"https:\/\/159.223.20.60\/#website\",\"url\":\"https:\/\/159.223.20.60\/\",\"name\":\"Walhalla\",\"description\":\"Nordisk filmbyr\u00e5\",\"potentialAction\":[{\"@type\":\"SearchAction\",\"target\":{\"@type\":\"EntryPoint\",\"urlTemplate\":\"https:\/\/159.223.20.60\/?s={search_term_string}\"},\"query-input\":\"required name=search_term_string\"}],\"inLanguage\":\"sv-SE\"}]}<\/script>\n<!-- \/ Yoast SEO plugin. -->","yoast_head_json":{"title":"Hem - Walhalla","robots":{"index":"index","follow":"follow","max-snippet":"max-snippet:-1","max-image-preview":"max-image-preview:large","max-video-preview":"max-video-preview:-1"},"canonical":"https:\/\/walhalla.fi\/sv\/hemsida\/","og_locale":"sv_SE","og_type":"article","og_title":"Hem - Walhalla","og_url":"https:\/\/walhalla.fi\/sv\/hemsida\/","og_site_name":"Walhalla","article_modified_time":"2025-11-04T17:15:34+00:00","og_image":[{"url":"https:\/\/walhalla.fi\/wp-content\/uploads\/2024\/01\/MNF-logoFI_Kaari_RGB-300x125.png"}],"twitter_card":"summary_large_image","twitter_misc":{"Ber\u00e4knad l\u00e4stid":"3 minuter"},"schema":{"@context":"https:\/\/schema.org","@graph":[{"@type":"WebPage","@id":"https:\/\/walhalla.fi\/sv\/hemsida\/","url":"https:\/\/walhalla.fi\/sv\/hemsida\/","name":"Hem - Walhalla","isPartOf":{"@id":"https:\/\/159.223.20.60\/#website"},"datePublished":"2015-11-24T09:16:47+00:00","dateModified":"2025-11-04T17:15:34+00:00","breadcrumb":{"@id":"https:\/\/walhalla.fi\/sv\/hemsida\/#breadcrumb"},"inLanguage":"sv-SE","potentialAction":[{"@type":"ReadAction","target":["https:\/\/walhalla.fi\/sv\/hemsida\/"]}]},{"@type":"BreadcrumbList","@id":"https:\/\/walhalla.fi\/sv\/hemsida\/#breadcrumb","itemListElement":[{"@type":"ListItem","position":1,"name":"Home","item":"https:\/\/walhalla.fi\/sv\/hemsida\/"},{"@type":"ListItem","position":2,"name":"Hem"}]},{"@type":"WebSite","@id":"https:\/\/159.223.20.60\/#website","url":"https:\/\/159.223.20.60\/","name":"Walhalla","description":"Nordisk filmbyr\u00e5","potentialAction":[{"@type":"SearchAction","target":{"@type":"EntryPoint","urlTemplate":"https:\/\/159.223.20.60\/?s={search_term_string}"},"query-input":"required name=search_term_string"}],"inLanguage":"sv-SE"}]}},"_links":{"self":[{"href":"https:\/\/walhalla.fi\/sv\/wp-json\/wp\/v2\/pages\/761"}],"collection":[{"href":"https:\/\/walhalla.fi\/sv\/wp-json\/wp\/v2\/pages"}],"about":[{"href":"https:\/\/walhalla.fi\/sv\/wp-json\/wp\/v2\/types\/page"}],"author":[{"embeddable":true,"href":"https:\/\/walhalla.fi\/sv\/wp-json\/wp\/v2\/users\/2"}],"replies":[{"embeddable":true,"href":"https:\/\/walhalla.fi\/sv\/wp-json\/wp\/v2\/comments?post=761"}],"version-history":[{"count":18,"href":"https:\/\/walhalla.fi\/sv\/wp-json\/wp\/v2\/pages\/761\/revisions"}],"predecessor-version":[{"id":5450,"href":"https:\/\/walhalla.fi\/sv\/wp-json\/wp\/v2\/pages\/761\/revisions\/5450"}],"wp:attachment":[{"href":"https:\/\/walhalla.fi\/sv\/wp-json\/wp\/v2\/media?parent=761"}],"curies":[{"name":"wp","href":"https:\/\/api.w.org\/{rel}","templated":true}]}}