{"id":5415,"date":"2025-12-16T20:13:09","date_gmt":"2025-12-16T18:13:09","guid":{"rendered":"https:\/\/walhalla.fi\/?page_id=5415"},"modified":"2025-12-16T20:22:46","modified_gmt":"2025-12-16T18:22:46","slug":"nordiska-gaster","status":"publish","type":"page","link":"https:\/\/walhalla.fi\/sv\/verksamhet\/nordiska-gaster\/","title":{"rendered":"Nordiska g\u00e4ster"},"content":{"rendered":"<h3>Egil Pedersen 8.-9.12.2025<\/h3>\n<p><a href=\"https:\/\/walhalla.fi\/wp-content\/uploads\/2025\/10\/2816.jpg\"><img decoding=\"async\" loading=\"lazy\" class=\"alignnone size-medium wp-image-5326\" src=\"https:\/\/walhalla.fi\/wp-content\/uploads\/2025\/10\/2816-300x200.jpg\" alt=\"\" width=\"300\" height=\"200\" srcset=\"https:\/\/walhalla.fi\/wp-content\/uploads\/2025\/10\/2816-300x200.jpg 300w, https:\/\/walhalla.fi\/wp-content\/uploads\/2025\/10\/2816-1030x687.jpg 1030w, https:\/\/walhalla.fi\/wp-content\/uploads\/2025\/10\/2816-768x512.jpg 768w, https:\/\/walhalla.fi\/wp-content\/uploads\/2025\/10\/2816-1536x1024.jpg 1536w, https:\/\/walhalla.fi\/wp-content\/uploads\/2025\/10\/2816-2048x1365.jpg 2048w, https:\/\/walhalla.fi\/wp-content\/uploads\/2025\/10\/2816-1500x1000.jpg 1500w, https:\/\/walhalla.fi\/wp-content\/uploads\/2025\/10\/2816-705x470.jpg 705w\" sizes=\"(max-width: 300px) 100vw, 300px\" \/><\/a><\/p>\n<p>Norsk-samiska Egil Pedersen bes\u00f6kte Helsingfors i december 2025. Hans f\u00f6rsta l\u00e5ngfilm och den f\u00f6rsta samiska l\u00e5nga ungdomsfilmen <em>Biru Unj\u00e1rga &#8211; Fucking Nesseby<\/em> (2025) visades f\u00f6r en varierad publik.<\/p>\n<p>M\u00e5ndagen den 8.12. bes\u00f6kte Pedersen Hanaholmens kulturcenter, d\u00e4r hans film visades som <em>M\u00e5nadens nordiska film.\u00a0<\/em>I publiken s\u00e5gs \u00f6ver 120 bes\u00f6kare, d\u00e4r m\u00e5nga ville efter filmen tala med Pedersen och tacka honom f\u00f6r en s\u00e5 ber\u00f6rande filmupplevelse. Efter filmen intervjuades Pedersen av filmkritiker Silja Sahlgren-Fodstad.<\/p>\n<p>Tisdagen den 9.12. bes\u00f6kte Pedersen biografen Orion i Helsingfors. Nordisk kulturkontakt m\u00f6jliggjorde en visning f\u00f6r lokala skolelever \u00e5k 6-9. Eleverna kom fr\u00e5n varierade skolor: finsk-, svensk-, och engelskspr\u00e5kiga klasser. Enligt Pedersen var den unga publiken &#8221;exceptionell&#8221; &#8211; han har s\u00e4llan f\u00e5tt s\u00e5 m\u00e5nga fr\u00e5gor och s\u00e5 fina kommentarer efter filmen.<\/p>\n<p>Nordisk kulturkontakt m\u00f6jliggjorde Pedersens resa till Helsingfors &#8211; stort tack f\u00f6r samarbetet!<\/p>\n<p>&nbsp;<\/p>\n<p><a href=\"https:\/\/walhalla.fi\/wp-content\/uploads\/2025\/12\/IMG-20251209-WA0004.jpg\"><img decoding=\"async\" loading=\"lazy\" class=\"alignnone size-medium wp-image-5395\" src=\"https:\/\/walhalla.fi\/wp-content\/uploads\/2025\/12\/IMG-20251209-WA0004-225x300.jpg\" alt=\"\" width=\"225\" height=\"300\" srcset=\"https:\/\/walhalla.fi\/wp-content\/uploads\/2025\/12\/IMG-20251209-WA0004-225x300.jpg 225w, https:\/\/walhalla.fi\/wp-content\/uploads\/2025\/12\/IMG-20251209-WA0004-773x1030.jpg 773w, https:\/\/walhalla.fi\/wp-content\/uploads\/2025\/12\/IMG-20251209-WA0004-768x1024.jpg 768w, https:\/\/walhalla.fi\/wp-content\/uploads\/2025\/12\/IMG-20251209-WA0004-1152x1536.jpg 1152w, https:\/\/walhalla.fi\/wp-content\/uploads\/2025\/12\/IMG-20251209-WA0004-1125x1500.jpg 1125w, https:\/\/walhalla.fi\/wp-content\/uploads\/2025\/12\/IMG-20251209-WA0004-529x705.jpg 529w, https:\/\/walhalla.fi\/wp-content\/uploads\/2025\/12\/IMG-20251209-WA0004.jpg 1536w\" sizes=\"(max-width: 225px) 100vw, 225px\" \/><\/a><a href=\"https:\/\/walhalla.fi\/wp-content\/uploads\/2025\/12\/IMG-20251209-WA0005.jpg\"><img decoding=\"async\" loading=\"lazy\" class=\"alignnone size-medium wp-image-5397\" src=\"https:\/\/walhalla.fi\/wp-content\/uploads\/2025\/12\/IMG-20251209-WA0005-225x300.jpg\" alt=\"\" width=\"225\" height=\"300\" srcset=\"https:\/\/walhalla.fi\/wp-content\/uploads\/2025\/12\/IMG-20251209-WA0005-225x300.jpg 225w, https:\/\/walhalla.fi\/wp-content\/uploads\/2025\/12\/IMG-20251209-WA0005-773x1030.jpg 773w, https:\/\/walhalla.fi\/wp-content\/uploads\/2025\/12\/IMG-20251209-WA0005-768x1024.jpg 768w, https:\/\/walhalla.fi\/wp-content\/uploads\/2025\/12\/IMG-20251209-WA0005-1152x1536.jpg 1152w, https:\/\/walhalla.fi\/wp-content\/uploads\/2025\/12\/IMG-20251209-WA0005-1125x1500.jpg 1125w, https:\/\/walhalla.fi\/wp-content\/uploads\/2025\/12\/IMG-20251209-WA0005-529x705.jpg 529w, https:\/\/walhalla.fi\/wp-content\/uploads\/2025\/12\/IMG-20251209-WA0005.jpg 1536w\" sizes=\"(max-width: 225px) 100vw, 225px\" \/><\/a><a href=\"https:\/\/walhalla.fi\/wp-content\/uploads\/2025\/12\/IMG-20251209-WA0010.jpg\"><img decoding=\"async\" loading=\"lazy\" class=\"alignnone size-medium wp-image-5405\" src=\"https:\/\/walhalla.fi\/wp-content\/uploads\/2025\/12\/IMG-20251209-WA0010-225x300.jpg\" alt=\"\" width=\"225\" height=\"300\" srcset=\"https:\/\/walhalla.fi\/wp-content\/uploads\/2025\/12\/IMG-20251209-WA0010-225x300.jpg 225w, https:\/\/walhalla.fi\/wp-content\/uploads\/2025\/12\/IMG-20251209-WA0010-773x1030.jpg 773w, https:\/\/walhalla.fi\/wp-content\/uploads\/2025\/12\/IMG-20251209-WA0010-768x1024.jpg 768w, https:\/\/walhalla.fi\/wp-content\/uploads\/2025\/12\/IMG-20251209-WA0010-1152x1536.jpg 1152w, https:\/\/walhalla.fi\/wp-content\/uploads\/2025\/12\/IMG-20251209-WA0010-1125x1500.jpg 1125w, https:\/\/walhalla.fi\/wp-content\/uploads\/2025\/12\/IMG-20251209-WA0010-529x705.jpg 529w, https:\/\/walhalla.fi\/wp-content\/uploads\/2025\/12\/IMG-20251209-WA0010.jpg 1200w\" sizes=\"(max-width: 225px) 100vw, 225px\" \/><\/a><a href=\"https:\/\/walhalla.fi\/wp-content\/uploads\/2025\/12\/IMG-20251209-WA0009.jpg\"><img decoding=\"async\" loading=\"lazy\" class=\"alignnone size-medium wp-image-5403\" src=\"https:\/\/walhalla.fi\/wp-content\/uploads\/2025\/12\/IMG-20251209-WA0009-300x225.jpg\" alt=\"\" width=\"300\" height=\"225\" srcset=\"https:\/\/walhalla.fi\/wp-content\/uploads\/2025\/12\/IMG-20251209-WA0009-300x225.jpg 300w, https:\/\/walhalla.fi\/wp-content\/uploads\/2025\/12\/IMG-20251209-WA0009-1030x773.jpg 1030w, https:\/\/walhalla.fi\/wp-content\/uploads\/2025\/12\/IMG-20251209-WA0009-768x576.jpg 768w, https:\/\/walhalla.fi\/wp-content\/uploads\/2025\/12\/IMG-20251209-WA0009-1536x1152.jpg 1536w, https:\/\/walhalla.fi\/wp-content\/uploads\/2025\/12\/IMG-20251209-WA0009-1500x1125.jpg 1500w, https:\/\/walhalla.fi\/wp-content\/uploads\/2025\/12\/IMG-20251209-WA0009-705x529.jpg 705w, https:\/\/walhalla.fi\/wp-content\/uploads\/2025\/12\/IMG-20251209-WA0009.jpg 2048w\" sizes=\"(max-width: 300px) 100vw, 300px\" \/><\/a><a href=\"https:\/\/walhalla.fi\/wp-content\/uploads\/2025\/12\/IMG-20251209-WA0008.jpg\"><img decoding=\"async\" loading=\"lazy\" class=\"alignnone size-medium wp-image-5401\" src=\"https:\/\/walhalla.fi\/wp-content\/uploads\/2025\/12\/IMG-20251209-WA0008-300x225.jpg\" alt=\"\" width=\"300\" height=\"225\" srcset=\"https:\/\/walhalla.fi\/wp-content\/uploads\/2025\/12\/IMG-20251209-WA0008-300x225.jpg 300w, https:\/\/walhalla.fi\/wp-content\/uploads\/2025\/12\/IMG-20251209-WA0008-1030x773.jpg 1030w, https:\/\/walhalla.fi\/wp-content\/uploads\/2025\/12\/IMG-20251209-WA0008-768x576.jpg 768w, https:\/\/walhalla.fi\/wp-content\/uploads\/2025\/12\/IMG-20251209-WA0008-1536x1152.jpg 1536w, https:\/\/walhalla.fi\/wp-content\/uploads\/2025\/12\/IMG-20251209-WA0008-1500x1125.jpg 1500w, https:\/\/walhalla.fi\/wp-content\/uploads\/2025\/12\/IMG-20251209-WA0008-705x529.jpg 705w, https:\/\/walhalla.fi\/wp-content\/uploads\/2025\/12\/IMG-20251209-WA0008.jpg 2048w\" sizes=\"(max-width: 300px) 100vw, 300px\" \/><\/a><\/p>\n<p>&nbsp;<\/p>\n<h2>Nordiska filmg\u00e4ster bes\u00f6ker Finland under Walhallas jubileums\u00e5r 2024<\/h2>\n<p>Tillsammans med biografen Orion ordnade Walhalla filmserien <strong>Nordiska filmp\u00e4rlor &#8211; Nordic Weird<\/strong>. I serien har Walhalla uppm\u00e4rksammat speciella nordiska filmer fr\u00e5n senaste \u00e5r: danska <strong>Empire <\/strong>(Viften 2023), norska <strong>Sick of Myself <\/strong>(Syk Pike 2022), svenska <strong>Miraklet i Gullsp\u00e5ng <\/strong>(The Gullsp\u00e5ng Miracle 2023) och isl\u00e4ndska <strong>Driving Mum <\/strong>(2022).<\/p>\n<p>Nordiska filmskapare deltog i visningarna och diskuterade med publiken. I april bes\u00f6ktes Walhallas visningar av fotografen <strong>Pia Lehto<\/strong> (Kungen, Miraklet i Gullsp\u00e5ng). Lehto bes\u00f6kte visningen av filmen <strong>Miraklet i Gullsp\u00e5ng<\/strong> p\u00e5 biografen Orion och ber\u00e4ttade om filmens fotoprocess och hur den skapades. Lehtos bes\u00f6k till Finland m\u00f6jliggjordes av <strong>Svenska ambassaden i Helsingfors<\/strong>.<\/p>\n<p>&nbsp;<\/p>\n<p><a href=\"https:\/\/walhalla.fi\/wp-content\/uploads\/2024\/05\/003_Pia_lehto_harald_antskog_DSF4757-3.jpg\"><img decoding=\"async\" loading=\"lazy\" class=\"alignnone wp-image-4651\" src=\"https:\/\/walhalla.fi\/wp-content\/uploads\/2024\/05\/003_Pia_lehto_harald_antskog_DSF4757-3-225x300.jpg\" alt=\"\" width=\"241\" height=\"322\" srcset=\"https:\/\/walhalla.fi\/wp-content\/uploads\/2024\/05\/003_Pia_lehto_harald_antskog_DSF4757-3-225x300.jpg 225w, https:\/\/walhalla.fi\/wp-content\/uploads\/2024\/05\/003_Pia_lehto_harald_antskog_DSF4757-3-773x1030.jpg 773w, https:\/\/walhalla.fi\/wp-content\/uploads\/2024\/05\/003_Pia_lehto_harald_antskog_DSF4757-3-768x1024.jpg 768w, https:\/\/walhalla.fi\/wp-content\/uploads\/2024\/05\/003_Pia_lehto_harald_antskog_DSF4757-3-1152x1536.jpg 1152w, https:\/\/walhalla.fi\/wp-content\/uploads\/2024\/05\/003_Pia_lehto_harald_antskog_DSF4757-3-1125x1500.jpg 1125w, https:\/\/walhalla.fi\/wp-content\/uploads\/2024\/05\/003_Pia_lehto_harald_antskog_DSF4757-3-529x705.jpg 529w, https:\/\/walhalla.fi\/wp-content\/uploads\/2024\/05\/003_Pia_lehto_harald_antskog_DSF4757-3.jpg 1536w\" sizes=\"(max-width: 241px) 100vw, 241px\" \/><\/a><a href=\"https:\/\/walhalla.fi\/wp-content\/uploads\/2024\/05\/013_Pia_lehto_harald_antskog_DSF4881.jpg\"> \u00a0<\/a><a href=\"https:\/\/walhalla.fi\/wp-content\/uploads\/2024\/05\/013_Pia_lehto_harald_antskog_DSF4881.jpg\"><img decoding=\"async\" loading=\"lazy\" class=\"alignnone wp-image-4648\" src=\"https:\/\/walhalla.fi\/wp-content\/uploads\/2024\/05\/013_Pia_lehto_harald_antskog_DSF4881-300x200.jpg\" alt=\"\" width=\"445\" height=\"296\" srcset=\"https:\/\/walhalla.fi\/wp-content\/uploads\/2024\/05\/013_Pia_lehto_harald_antskog_DSF4881-300x200.jpg 300w, https:\/\/walhalla.fi\/wp-content\/uploads\/2024\/05\/013_Pia_lehto_harald_antskog_DSF4881-1030x686.jpg 1030w, https:\/\/walhalla.fi\/wp-content\/uploads\/2024\/05\/013_Pia_lehto_harald_antskog_DSF4881-768x512.jpg 768w, https:\/\/walhalla.fi\/wp-content\/uploads\/2024\/05\/013_Pia_lehto_harald_antskog_DSF4881-1536x1024.jpg 1536w, https:\/\/walhalla.fi\/wp-content\/uploads\/2024\/05\/013_Pia_lehto_harald_antskog_DSF4881-1500x1000.jpg 1500w, https:\/\/walhalla.fi\/wp-content\/uploads\/2024\/05\/013_Pia_lehto_harald_antskog_DSF4881-705x470.jpg 705w, https:\/\/walhalla.fi\/wp-content\/uploads\/2024\/05\/013_Pia_lehto_harald_antskog_DSF4881.jpg 2048w\" sizes=\"(max-width: 445px) 100vw, 445px\" \/><\/a><\/p>\n<h6>Fotograf: Harald Antskog<\/h6>\n<p>I maj 2024 bj\u00f6d Walhalla den isl\u00e4ndska regiss\u00f6ren <strong>Hilmar Oddsson<\/strong> till Finland. Oddsson bes\u00f6kte Walhallas visningar av filmen Driving Mum, som ordnades i Helsingfors p\u00e5 biografen Orion och p\u00e5 Arthouse Cinema Niagara i Tammerfors. P\u00e5 den vackra biografen Orion diskuterade Oddsson med filmkritiker Silja Sahlgren-Fodstad om filmen och hans karri\u00e4r som filmregiss\u00f6r och musiker p\u00e5 Island. Under hans vecka i Finland tr\u00e4ffade Oddsson filmpublik och kulturfolk i Helsingfors och Tammerfors. Oddssons bes\u00f6k m\u00f6jliggjordes av <strong>Islands ambassad i Helsingfors<\/strong> och <strong>Nordisk kulturkontakt<\/strong>.<\/p>\n<p>&nbsp;<\/p>\n<p><a href=\"https:\/\/walhalla.fi\/wp-content\/uploads\/2024\/05\/011_harald_antskog_DSF7157-1.jpg\"><img decoding=\"async\" loading=\"lazy\" class=\"alignnone size-medium wp-image-4664\" src=\"https:\/\/walhalla.fi\/wp-content\/uploads\/2024\/05\/011_harald_antskog_DSF7157-1-240x300.jpg\" alt=\"\" width=\"240\" height=\"300\" srcset=\"https:\/\/walhalla.fi\/wp-content\/uploads\/2024\/05\/011_harald_antskog_DSF7157-1-240x300.jpg 240w, https:\/\/walhalla.fi\/wp-content\/uploads\/2024\/05\/011_harald_antskog_DSF7157-1-824x1030.jpg 824w, https:\/\/walhalla.fi\/wp-content\/uploads\/2024\/05\/011_harald_antskog_DSF7157-1-768x960.jpg 768w, https:\/\/walhalla.fi\/wp-content\/uploads\/2024\/05\/011_harald_antskog_DSF7157-1-1229x1536.jpg 1229w, https:\/\/walhalla.fi\/wp-content\/uploads\/2024\/05\/011_harald_antskog_DSF7157-1-1200x1500.jpg 1200w, https:\/\/walhalla.fi\/wp-content\/uploads\/2024\/05\/011_harald_antskog_DSF7157-1-564x705.jpg 564w, https:\/\/walhalla.fi\/wp-content\/uploads\/2024\/05\/011_harald_antskog_DSF7157-1.jpg 1638w\" sizes=\"(max-width: 240px) 100vw, 240px\" \/><\/a> \u00a0<a href=\"https:\/\/walhalla.fi\/wp-content\/uploads\/2024\/05\/007_harald_antskog_DSF7115.jpg\"><img decoding=\"async\" loading=\"lazy\" class=\"alignnone wp-image-4662\" src=\"https:\/\/walhalla.fi\/wp-content\/uploads\/2024\/05\/007_harald_antskog_DSF7115-300x225.jpg\" alt=\"\" width=\"399\" height=\"299\" srcset=\"https:\/\/walhalla.fi\/wp-content\/uploads\/2024\/05\/007_harald_antskog_DSF7115-300x225.jpg 300w, https:\/\/walhalla.fi\/wp-content\/uploads\/2024\/05\/007_harald_antskog_DSF7115-1030x773.jpg 1030w, https:\/\/walhalla.fi\/wp-content\/uploads\/2024\/05\/007_harald_antskog_DSF7115-768x576.jpg 768w, https:\/\/walhalla.fi\/wp-content\/uploads\/2024\/05\/007_harald_antskog_DSF7115-1536x1152.jpg 1536w, https:\/\/walhalla.fi\/wp-content\/uploads\/2024\/05\/007_harald_antskog_DSF7115-1500x1125.jpg 1500w, https:\/\/walhalla.fi\/wp-content\/uploads\/2024\/05\/007_harald_antskog_DSF7115-705x529.jpg 705w, https:\/\/walhalla.fi\/wp-content\/uploads\/2024\/05\/007_harald_antskog_DSF7115.jpg 2048w\" sizes=\"(max-width: 399px) 100vw, 399px\" \/><\/a> <a href=\"https:\/\/walhalla.fi\/wp-content\/uploads\/2024\/05\/002_harald_antskog_DSF7076.jpg\"><img decoding=\"async\" loading=\"lazy\" class=\"alignnone wp-image-4666\" src=\"https:\/\/walhalla.fi\/wp-content\/uploads\/2024\/05\/002_harald_antskog_DSF7076-300x225.jpg\" alt=\"\" width=\"402\" height=\"301\" srcset=\"https:\/\/walhalla.fi\/wp-content\/uploads\/2024\/05\/002_harald_antskog_DSF7076-300x225.jpg 300w, https:\/\/walhalla.fi\/wp-content\/uploads\/2024\/05\/002_harald_antskog_DSF7076-1030x773.jpg 1030w, https:\/\/walhalla.fi\/wp-content\/uploads\/2024\/05\/002_harald_antskog_DSF7076-768x576.jpg 768w, https:\/\/walhalla.fi\/wp-content\/uploads\/2024\/05\/002_harald_antskog_DSF7076-1536x1152.jpg 1536w, https:\/\/walhalla.fi\/wp-content\/uploads\/2024\/05\/002_harald_antskog_DSF7076-1500x1125.jpg 1500w, https:\/\/walhalla.fi\/wp-content\/uploads\/2024\/05\/002_harald_antskog_DSF7076-705x529.jpg 705w, https:\/\/walhalla.fi\/wp-content\/uploads\/2024\/05\/002_harald_antskog_DSF7076.jpg 2048w\" sizes=\"(max-width: 402px) 100vw, 402px\" \/><\/a> <a href=\"https:\/\/walhalla.fi\/wp-content\/uploads\/2024\/05\/WhatsApp-Image-2024-05-21-at-20.22.02.jpeg\"><img decoding=\"async\" loading=\"lazy\" class=\"alignnone wp-image-4668 \" src=\"https:\/\/walhalla.fi\/wp-content\/uploads\/2024\/05\/WhatsApp-Image-2024-05-21-at-20.22.02-225x300.jpeg\" alt=\"\" width=\"235\" height=\"313\" srcset=\"https:\/\/walhalla.fi\/wp-content\/uploads\/2024\/05\/WhatsApp-Image-2024-05-21-at-20.22.02-225x300.jpeg 225w, https:\/\/walhalla.fi\/wp-content\/uploads\/2024\/05\/WhatsApp-Image-2024-05-21-at-20.22.02-773x1030.jpeg 773w, https:\/\/walhalla.fi\/wp-content\/uploads\/2024\/05\/WhatsApp-Image-2024-05-21-at-20.22.02-768x1024.jpeg 768w, https:\/\/walhalla.fi\/wp-content\/uploads\/2024\/05\/WhatsApp-Image-2024-05-21-at-20.22.02-1152x1536.jpeg 1152w, https:\/\/walhalla.fi\/wp-content\/uploads\/2024\/05\/WhatsApp-Image-2024-05-21-at-20.22.02-1125x1500.jpeg 1125w, https:\/\/walhalla.fi\/wp-content\/uploads\/2024\/05\/WhatsApp-Image-2024-05-21-at-20.22.02-529x705.jpeg 529w, https:\/\/walhalla.fi\/wp-content\/uploads\/2024\/05\/WhatsApp-Image-2024-05-21-at-20.22.02.jpeg 1200w\" sizes=\"(max-width: 235px) 100vw, 235px\" \/><\/a><\/p>\n<h6>Fotografer: Harald Antskog &amp; \u00c1sthildur J\u00f3nsd\u00f3ttir<\/h6>\n","protected":false},"excerpt":{"rendered":"<p>Egil Pedersen 8.-9.12.2025 Norsk-samiska Egil Pedersen bes\u00f6kte Helsingfors i december 2025. Hans f\u00f6rsta l\u00e5ngfilm och den f\u00f6rsta samiska l\u00e5nga ungdomsfilmen Biru Unj\u00e1rga &#8211; Fucking Nesseby (2025) visades f\u00f6r en varierad publik. M\u00e5ndagen den 8.12. bes\u00f6kte Pedersen Hanaholmens kulturcenter, d\u00e4r hans film visades som M\u00e5nadens nordiska film.\u00a0I publiken s\u00e5gs \u00f6ver 120 bes\u00f6kare, d\u00e4r m\u00e5nga ville efter [&hellip;]<\/p>\n","protected":false},"author":4,"featured_media":0,"parent":765,"menu_order":0,"comment_status":"closed","ping_status":"closed","template":"","meta":[],"acf":[],"yoast_head":"<!-- This site is optimized with the Yoast SEO plugin v20.6 - https:\/\/yoast.com\/wordpress\/plugins\/seo\/ -->\n<title>Nordiska g\u00e4ster - Walhalla<\/title>\n<meta name=\"robots\" content=\"index, follow, max-snippet:-1, max-image-preview:large, max-video-preview:-1\" \/>\n<link rel=\"canonical\" href=\"https:\/\/walhalla.fi\/sv\/verksamhet\/nordiska-gaster\/\" \/>\n<meta property=\"og:locale\" content=\"sv_SE\" \/>\n<meta property=\"og:type\" content=\"article\" \/>\n<meta property=\"og:title\" content=\"Nordiska g\u00e4ster - Walhalla\" \/>\n<meta property=\"og:description\" content=\"Egil Pedersen 8.-9.12.2025 Norsk-samiska Egil Pedersen bes\u00f6kte Helsingfors i december 2025. Hans f\u00f6rsta l\u00e5ngfilm och den f\u00f6rsta samiska l\u00e5nga ungdomsfilmen Biru Unj\u00e1rga &#8211; Fucking Nesseby (2025) visades f\u00f6r en varierad publik. M\u00e5ndagen den 8.12. bes\u00f6kte Pedersen Hanaholmens kulturcenter, d\u00e4r hans film visades som M\u00e5nadens nordiska film.\u00a0I publiken s\u00e5gs \u00f6ver 120 bes\u00f6kare, d\u00e4r m\u00e5nga ville efter [&hellip;]\" \/>\n<meta property=\"og:url\" content=\"https:\/\/walhalla.fi\/sv\/verksamhet\/nordiska-gaster\/\" \/>\n<meta property=\"og:site_name\" content=\"Walhalla\" \/>\n<meta property=\"article:modified_time\" content=\"2025-12-16T18:22:46+00:00\" \/>\n<meta property=\"og:image\" content=\"https:\/\/walhalla.fi\/wp-content\/uploads\/2025\/10\/2816-300x200.jpg\" \/>\n<meta name=\"twitter:card\" content=\"summary_large_image\" \/>\n<meta name=\"twitter:label1\" content=\"Ber\u00e4knad l\u00e4stid\" \/>\n\t<meta name=\"twitter:data1\" content=\"5 minuter\" \/>\n<script type=\"application\/ld+json\" class=\"yoast-schema-graph\">{\"@context\":\"https:\/\/schema.org\",\"@graph\":[{\"@type\":\"WebPage\",\"@id\":\"https:\/\/walhalla.fi\/sv\/verksamhet\/nordiska-gaster\/\",\"url\":\"https:\/\/walhalla.fi\/sv\/verksamhet\/nordiska-gaster\/\",\"name\":\"Nordiska g\u00e4ster - Walhalla\",\"isPartOf\":{\"@id\":\"https:\/\/159.223.20.60\/#website\"},\"datePublished\":\"2025-12-16T18:13:09+00:00\",\"dateModified\":\"2025-12-16T18:22:46+00:00\",\"breadcrumb\":{\"@id\":\"https:\/\/walhalla.fi\/sv\/verksamhet\/nordiska-gaster\/#breadcrumb\"},\"inLanguage\":\"sv-SE\",\"potentialAction\":[{\"@type\":\"ReadAction\",\"target\":[\"https:\/\/walhalla.fi\/sv\/verksamhet\/nordiska-gaster\/\"]}]},{\"@type\":\"BreadcrumbList\",\"@id\":\"https:\/\/walhalla.fi\/sv\/verksamhet\/nordiska-gaster\/#breadcrumb\",\"itemListElement\":[{\"@type\":\"ListItem\",\"position\":1,\"name\":\"Home\",\"item\":\"https:\/\/walhalla.fi\/sv\/hemsida\/\"},{\"@type\":\"ListItem\",\"position\":2,\"name\":\"Verksamhet\",\"item\":\"https:\/\/walhalla.fi\/sv\/verksamhet\/\"},{\"@type\":\"ListItem\",\"position\":3,\"name\":\"Nordiska g\u00e4ster\"}]},{\"@type\":\"WebSite\",\"@id\":\"https:\/\/159.223.20.60\/#website\",\"url\":\"https:\/\/159.223.20.60\/\",\"name\":\"Walhalla\",\"description\":\"Nordisk filmbyr\u00e5\",\"potentialAction\":[{\"@type\":\"SearchAction\",\"target\":{\"@type\":\"EntryPoint\",\"urlTemplate\":\"https:\/\/159.223.20.60\/?s={search_term_string}\"},\"query-input\":\"required name=search_term_string\"}],\"inLanguage\":\"sv-SE\"}]}<\/script>\n<!-- \/ Yoast SEO plugin. -->","yoast_head_json":{"title":"Nordiska g\u00e4ster - Walhalla","robots":{"index":"index","follow":"follow","max-snippet":"max-snippet:-1","max-image-preview":"max-image-preview:large","max-video-preview":"max-video-preview:-1"},"canonical":"https:\/\/walhalla.fi\/sv\/verksamhet\/nordiska-gaster\/","og_locale":"sv_SE","og_type":"article","og_title":"Nordiska g\u00e4ster - Walhalla","og_description":"Egil Pedersen 8.-9.12.2025 Norsk-samiska Egil Pedersen bes\u00f6kte Helsingfors i december 2025. Hans f\u00f6rsta l\u00e5ngfilm och den f\u00f6rsta samiska l\u00e5nga ungdomsfilmen Biru Unj\u00e1rga &#8211; Fucking Nesseby (2025) visades f\u00f6r en varierad publik. M\u00e5ndagen den 8.12. bes\u00f6kte Pedersen Hanaholmens kulturcenter, d\u00e4r hans film visades som M\u00e5nadens nordiska film.\u00a0I publiken s\u00e5gs \u00f6ver 120 bes\u00f6kare, d\u00e4r m\u00e5nga ville efter [&hellip;]","og_url":"https:\/\/walhalla.fi\/sv\/verksamhet\/nordiska-gaster\/","og_site_name":"Walhalla","article_modified_time":"2025-12-16T18:22:46+00:00","og_image":[{"url":"https:\/\/walhalla.fi\/wp-content\/uploads\/2025\/10\/2816-300x200.jpg"}],"twitter_card":"summary_large_image","twitter_misc":{"Ber\u00e4knad l\u00e4stid":"5 minuter"},"schema":{"@context":"https:\/\/schema.org","@graph":[{"@type":"WebPage","@id":"https:\/\/walhalla.fi\/sv\/verksamhet\/nordiska-gaster\/","url":"https:\/\/walhalla.fi\/sv\/verksamhet\/nordiska-gaster\/","name":"Nordiska g\u00e4ster - Walhalla","isPartOf":{"@id":"https:\/\/159.223.20.60\/#website"},"datePublished":"2025-12-16T18:13:09+00:00","dateModified":"2025-12-16T18:22:46+00:00","breadcrumb":{"@id":"https:\/\/walhalla.fi\/sv\/verksamhet\/nordiska-gaster\/#breadcrumb"},"inLanguage":"sv-SE","potentialAction":[{"@type":"ReadAction","target":["https:\/\/walhalla.fi\/sv\/verksamhet\/nordiska-gaster\/"]}]},{"@type":"BreadcrumbList","@id":"https:\/\/walhalla.fi\/sv\/verksamhet\/nordiska-gaster\/#breadcrumb","itemListElement":[{"@type":"ListItem","position":1,"name":"Home","item":"https:\/\/walhalla.fi\/sv\/hemsida\/"},{"@type":"ListItem","position":2,"name":"Verksamhet","item":"https:\/\/walhalla.fi\/sv\/verksamhet\/"},{"@type":"ListItem","position":3,"name":"Nordiska g\u00e4ster"}]},{"@type":"WebSite","@id":"https:\/\/159.223.20.60\/#website","url":"https:\/\/159.223.20.60\/","name":"Walhalla","description":"Nordisk filmbyr\u00e5","potentialAction":[{"@type":"SearchAction","target":{"@type":"EntryPoint","urlTemplate":"https:\/\/159.223.20.60\/?s={search_term_string}"},"query-input":"required name=search_term_string"}],"inLanguage":"sv-SE"}]}},"_links":{"self":[{"href":"https:\/\/walhalla.fi\/sv\/wp-json\/wp\/v2\/pages\/5415"}],"collection":[{"href":"https:\/\/walhalla.fi\/sv\/wp-json\/wp\/v2\/pages"}],"about":[{"href":"https:\/\/walhalla.fi\/sv\/wp-json\/wp\/v2\/types\/page"}],"author":[{"embeddable":true,"href":"https:\/\/walhalla.fi\/sv\/wp-json\/wp\/v2\/users\/4"}],"replies":[{"embeddable":true,"href":"https:\/\/walhalla.fi\/sv\/wp-json\/wp\/v2\/comments?post=5415"}],"version-history":[{"count":3,"href":"https:\/\/walhalla.fi\/sv\/wp-json\/wp\/v2\/pages\/5415\/revisions"}],"predecessor-version":[{"id":5422,"href":"https:\/\/walhalla.fi\/sv\/wp-json\/wp\/v2\/pages\/5415\/revisions\/5422"}],"up":[{"embeddable":true,"href":"https:\/\/walhalla.fi\/sv\/wp-json\/wp\/v2\/pages\/765"}],"wp:attachment":[{"href":"https:\/\/walhalla.fi\/sv\/wp-json\/wp\/v2\/media?parent=5415"}],"curies":[{"name":"wp","href":"https:\/\/api.w.org\/{rel}","templated":true}]}}