{"id":4493,"date":"2024-01-29T17:46:21","date_gmt":"2024-01-29T15:46:21","guid":{"rendered":"https:\/\/walhalla.fi\/?page_id=4493"},"modified":"2024-09-10T13:33:41","modified_gmt":"2024-09-10T10:33:41","slug":"walhalla-50-ar","status":"publish","type":"page","link":"https:\/\/walhalla.fi\/sv\/verksamhet\/walhalla-50-ar\/","title":{"rendered":"Walhalla 50 \u00e5r"},"content":{"rendered":"<h2>Jubileums\u00e5rets h\u00f6st presenterar nordiska klassiker\u00a0 p\u00e5 Kino Regina i Helsingfors<\/h2>\n<p>Walhalla rf har fr\u00e4mjat nordisk film och kultur i Finland under ett halvt sekel. Walhalla grundades som en filmklubb under medborgarorganisationen Pohjola-Norden \u00e5r 1974 och idag \u00e4r Walhalla en filmf\u00f6rening som n\u00e5r en filmintresserad publik i hela Finland. Walhalla har ett unikt och brett n\u00e4tverk av samarbetsparter och m\u00f6jligg\u00f6r filmvisningar av h\u00f6g kvalitet i biografer i olika delar av landet. F\u00f6r att fira Walhallas 50 \u00e5r som kulturakt\u00f6r i Finland ordnas en arkivfilmsserie p\u00e5 Kino Regina tillsammans med Nationella audiovisuella insitutet (KAVI). Filmerna \u00e4r en del av Walhallas l\u00e5nga historia och en del av filmerna har distribuerats i Finland tack vare Walhalla.<\/p>\n<p>Filmserien <strong>Pohjoismaiden parhaita<\/strong> kan ses p\u00e5 Kino Regina fr\u00e5n <strong>10.9.<\/strong> till <strong>1.12.2024<\/strong>. Med i serien bl.a. nordiska m\u00e4staren <strong>Jan Troells<\/strong> verk <strong>Ole Dole Doff<\/strong> (1968) och <strong>Hamsun<\/strong> (1996). Den norska <strong>Anja Breiens <\/strong>succ\u00e9<strong> Hustruer<\/strong> (1975) f\u00f6revisades p\u00e5 Walhallas 30-\u00e5rsjubileum p\u00e5 Maxim i januari 2005. I filmserien kan ocks\u00e5 ses <strong>Mai Zetterlings<\/strong> l\u00e5ngfilmsdebut <strong>\u00c4lskande par<\/strong> (1964) och <strong>Lasse Hallstr\u00f6ms <\/strong>\u00e4lskade klassiker Mitt liv som hund (1985).<\/p>\n<p>En del av filmerna presenteras innan filmvisningen:<\/p>\n<p>Ti 10.9. kl 17.00<a href=\"https:\/\/kinoregina.fi\/elokuva\/191463\/\"><strong> Kvinna i leopard <\/strong><\/a>\u2013 presenteras av Walhallas verksamhetsledare Anni Lappalainen<\/p>\n<p>Ons 18.9. kl 16.45<a href=\"https:\/\/kinoregina.fi\/elokuva\/623568\/\"><strong> \u00c4lskande par<\/strong><\/a> \u2013 presenteras av filmkritiker Silja Sahlgren-Fodstad<\/p>\n<p>To 17.10. kl 20.30 <a href=\"https:\/\/kinoregina.fi\/elokuva\/172293\/\"><strong>Ole Dole Doff<\/strong><\/a> \u2013 presenteras av filmregiss\u00f6r och Finlandssvenskt filmcentrums ordf\u00f6rande Claes Olsson<\/p>\n<p>To 24.10. kl 17.00 <a href=\"https:\/\/kinoregina.fi\/elokuva\/195323\/\"><strong>Hustruer<\/strong><\/a> \u2013 presenteras av Walhallas verksamhetsledare Anni Lappalainen<\/p>\n<p>To 7.11. kl 19.00 <a href=\"https:\/\/kinoregina.fi\/elokuva\/109992\/\"><strong>Inughuit &#8211; <span class=\"original-name\"> folket vid jordens navel<\/span><\/strong><\/a> \u2013 presenteras av Uppik &#8211; v\u00e4nskapsf\u00f6reningen Finland-Gr\u00f6nlands ordf\u00f6rande Kaj R\u00f6nnberg<\/p>\n<p>S\u00f6 10.11. kl 18.10 <a href=\"https:\/\/kinoregina.fi\/elokuva\/109992\/\"><strong>Inughuit &#8211; <span class=\"original-name\"> folket vid jordens navel<\/span><\/strong><\/a> \u2013 presenteras av Uppik &#8211; v\u00e4nskapsf\u00f6reningen Finland-Gr\u00f6nlands ordf\u00f6rande Kaj R\u00f6nnberg<\/p>\n<p>To 14.11. kl 17.00 <a href=\"https:\/\/kinoregina.fi\/elokuva\/140103\/\"><strong>Mitt liv som hund<\/strong><\/a> &#8211; presenteras av filmkritiker Silja Sahlgren-Fodstad<\/p>\n<p>Ons 27.11. kl 16.30 <a href=\"https:\/\/kinoregina.fi\/elokuva\/208095\/\"><strong>Hamsun<\/strong><\/a> &#8211; presenteras av filmregiss\u00f6r och Finlandssvenskt filmcentrums ordf\u00f6rande Claes Olsson<\/p>\n<p>Hela programmet och uppdaterad information finns p\u00e5 Kino Reginas hemsida: <a href=\"https:\/\/kinoregina.fi\/teemat\/pohjoismaiden-parhaita-walhalla-50-vuotta\/\">https:\/\/kinoregina.fi\/teemat\/pohjoismaiden-parhaita-walhalla-50-vuotta\/<\/a><\/p>\n<h2><a href=\"https:\/\/walhalla.fi\/wp-content\/uploads\/2024\/09\/fotor_1725438577932.jpg\"><img decoding=\"async\" loading=\"lazy\" class=\"alignnone wp-image-4816\" src=\"https:\/\/walhalla.fi\/wp-content\/uploads\/2024\/09\/fotor_1725438577932-300x300.jpg\" alt=\"\" width=\"405\" height=\"405\" srcset=\"https:\/\/walhalla.fi\/wp-content\/uploads\/2024\/09\/fotor_1725438577932-300x300.jpg 300w, https:\/\/walhalla.fi\/wp-content\/uploads\/2024\/09\/fotor_1725438577932-1030x1030.jpg 1030w, https:\/\/walhalla.fi\/wp-content\/uploads\/2024\/09\/fotor_1725438577932-80x80.jpg 80w, https:\/\/walhalla.fi\/wp-content\/uploads\/2024\/09\/fotor_1725438577932-768x768.jpg 768w, https:\/\/walhalla.fi\/wp-content\/uploads\/2024\/09\/fotor_1725438577932-1536x1536.jpg 1536w, https:\/\/walhalla.fi\/wp-content\/uploads\/2024\/09\/fotor_1725438577932-2048x2048.jpg 2048w, https:\/\/walhalla.fi\/wp-content\/uploads\/2024\/09\/fotor_1725438577932-36x36.jpg 36w, https:\/\/walhalla.fi\/wp-content\/uploads\/2024\/09\/fotor_1725438577932-180x180.jpg 180w, https:\/\/walhalla.fi\/wp-content\/uploads\/2024\/09\/fotor_1725438577932-1500x1500.jpg 1500w, https:\/\/walhalla.fi\/wp-content\/uploads\/2024\/09\/fotor_1725438577932-705x705.jpg 705w\" sizes=\"(max-width: 405px) 100vw, 405px\" \/><\/a><\/h2>\n<h2><\/h2>\n<h2>Nordiska filmg\u00e4ster bes\u00f6ker Finland under Walhallas jubileums\u00e5r<\/h2>\n<p>&nbsp;<\/p>\n<p>Walhallas jubileums\u00e5r har p\u00e5b\u00f6rjat sitt sedvanliga program med nordiska filmvisningar i hela Finland, men har \u00e4ven inneh\u00e5llit specialvisningar, filmserier och bes\u00f6k av nordiska filmg\u00e4ster. Tillsammans med biografen Orion har Walhalla ordnat filmserien <strong>Nordiska filmp\u00e4rlor &#8211; Nordic Weird<\/strong>. I serien har Walhalla uppm\u00e4rksammat speciella nordiska filmer fr\u00e5n senaste \u00e5r: danska <strong>Empire <\/strong>(Viften 2023), norska <strong>Sick of Myself <\/strong>(Syk Pike 2022), svenska <strong>Miraklet i Gullsp\u00e5ng <\/strong>(The Gullsp\u00e5ng Miracle 2023) och isl\u00e4ndska <strong>Driving Mum <\/strong>(2022).<\/p>\n<p>Nordiska filmskapare har deltagit i visningarna och diskuterat med publiken i Q&amp;A-diskussioner. I april bes\u00f6ktes Walhallas visningar av fotografen Pia Lehto (Kungen, Miraklet i Gullsp\u00e5ng). Lehto bes\u00f6kte visningen av filmen Miraklet i Gullsp\u00e5ng p\u00e5 biografen Orion och ber\u00e4ttade om filmens fotoprocess och hur filmen blev till. Lehtos bes\u00f6k till Finland m\u00f6jliggjordes av Svenska ambassaden i Helsingfors.<\/p>\n<p>&nbsp;<\/p>\n<p><a href=\"https:\/\/walhalla.fi\/wp-content\/uploads\/2024\/05\/003_Pia_lehto_harald_antskog_DSF4757-3.jpg\"><img decoding=\"async\" loading=\"lazy\" class=\"alignnone wp-image-4651\" src=\"https:\/\/walhalla.fi\/wp-content\/uploads\/2024\/05\/003_Pia_lehto_harald_antskog_DSF4757-3-225x300.jpg\" alt=\"\" width=\"241\" height=\"322\" srcset=\"https:\/\/walhalla.fi\/wp-content\/uploads\/2024\/05\/003_Pia_lehto_harald_antskog_DSF4757-3-225x300.jpg 225w, https:\/\/walhalla.fi\/wp-content\/uploads\/2024\/05\/003_Pia_lehto_harald_antskog_DSF4757-3-773x1030.jpg 773w, https:\/\/walhalla.fi\/wp-content\/uploads\/2024\/05\/003_Pia_lehto_harald_antskog_DSF4757-3-768x1024.jpg 768w, https:\/\/walhalla.fi\/wp-content\/uploads\/2024\/05\/003_Pia_lehto_harald_antskog_DSF4757-3-1152x1536.jpg 1152w, https:\/\/walhalla.fi\/wp-content\/uploads\/2024\/05\/003_Pia_lehto_harald_antskog_DSF4757-3-1125x1500.jpg 1125w, https:\/\/walhalla.fi\/wp-content\/uploads\/2024\/05\/003_Pia_lehto_harald_antskog_DSF4757-3-529x705.jpg 529w, https:\/\/walhalla.fi\/wp-content\/uploads\/2024\/05\/003_Pia_lehto_harald_antskog_DSF4757-3.jpg 1536w\" sizes=\"(max-width: 241px) 100vw, 241px\" \/><\/a><a href=\"https:\/\/walhalla.fi\/wp-content\/uploads\/2024\/05\/013_Pia_lehto_harald_antskog_DSF4881.jpg\"> \u00a0<\/a><a href=\"https:\/\/walhalla.fi\/wp-content\/uploads\/2024\/05\/013_Pia_lehto_harald_antskog_DSF4881.jpg\"><img decoding=\"async\" loading=\"lazy\" class=\"alignnone wp-image-4648\" src=\"https:\/\/walhalla.fi\/wp-content\/uploads\/2024\/05\/013_Pia_lehto_harald_antskog_DSF4881-300x200.jpg\" alt=\"\" width=\"445\" height=\"296\" srcset=\"https:\/\/walhalla.fi\/wp-content\/uploads\/2024\/05\/013_Pia_lehto_harald_antskog_DSF4881-300x200.jpg 300w, https:\/\/walhalla.fi\/wp-content\/uploads\/2024\/05\/013_Pia_lehto_harald_antskog_DSF4881-1030x686.jpg 1030w, https:\/\/walhalla.fi\/wp-content\/uploads\/2024\/05\/013_Pia_lehto_harald_antskog_DSF4881-768x512.jpg 768w, https:\/\/walhalla.fi\/wp-content\/uploads\/2024\/05\/013_Pia_lehto_harald_antskog_DSF4881-1536x1024.jpg 1536w, https:\/\/walhalla.fi\/wp-content\/uploads\/2024\/05\/013_Pia_lehto_harald_antskog_DSF4881-1500x1000.jpg 1500w, https:\/\/walhalla.fi\/wp-content\/uploads\/2024\/05\/013_Pia_lehto_harald_antskog_DSF4881-705x470.jpg 705w, https:\/\/walhalla.fi\/wp-content\/uploads\/2024\/05\/013_Pia_lehto_harald_antskog_DSF4881.jpg 2048w\" sizes=\"(max-width: 445px) 100vw, 445px\" \/><\/a><\/p>\n<h6>Fotograf: Harald Antskog<\/h6>\n<p>&nbsp;<\/p>\n<p>I maj 2024 bj\u00f6d Walhalla den isl\u00e4ndska regiss\u00f6ren Hilmar Oddsson till Finland. Oddsson bes\u00f6kte Walhallas visningar av filmen Driving Mum, som ordnades i Helsingfors p\u00e5 biografen Orion och p\u00e5 Arthouse Cinema Niagara i Tammerfors. P\u00e5 den vackra biografen Orion diskuterade Oddsson med filmkritiker Silja Sahlgren-Fodstad om filmen och hans karri\u00e4r som filmregiss\u00f6r och musiker p\u00e5 Island. Under hans vecka i Finland tr\u00e4ffade Oddsson filmpublik och kulturfolk i Helsingfors och Tammerfors. Oddssons bes\u00f6k m\u00f6jliggjordes av Islands ambassad i Helsingfors och Nordisk kulturkontakt.<\/p>\n<p>&nbsp;<\/p>\n<p><a href=\"https:\/\/walhalla.fi\/wp-content\/uploads\/2024\/05\/011_harald_antskog_DSF7157-1.jpg\"><img decoding=\"async\" loading=\"lazy\" class=\"alignnone size-medium wp-image-4664\" src=\"https:\/\/walhalla.fi\/wp-content\/uploads\/2024\/05\/011_harald_antskog_DSF7157-1-240x300.jpg\" alt=\"\" width=\"240\" height=\"300\" srcset=\"https:\/\/walhalla.fi\/wp-content\/uploads\/2024\/05\/011_harald_antskog_DSF7157-1-240x300.jpg 240w, https:\/\/walhalla.fi\/wp-content\/uploads\/2024\/05\/011_harald_antskog_DSF7157-1-824x1030.jpg 824w, https:\/\/walhalla.fi\/wp-content\/uploads\/2024\/05\/011_harald_antskog_DSF7157-1-768x960.jpg 768w, https:\/\/walhalla.fi\/wp-content\/uploads\/2024\/05\/011_harald_antskog_DSF7157-1-1229x1536.jpg 1229w, https:\/\/walhalla.fi\/wp-content\/uploads\/2024\/05\/011_harald_antskog_DSF7157-1-1200x1500.jpg 1200w, https:\/\/walhalla.fi\/wp-content\/uploads\/2024\/05\/011_harald_antskog_DSF7157-1-564x705.jpg 564w, https:\/\/walhalla.fi\/wp-content\/uploads\/2024\/05\/011_harald_antskog_DSF7157-1.jpg 1638w\" sizes=\"(max-width: 240px) 100vw, 240px\" \/><\/a> \u00a0<a href=\"https:\/\/walhalla.fi\/wp-content\/uploads\/2024\/05\/007_harald_antskog_DSF7115.jpg\"><img decoding=\"async\" loading=\"lazy\" class=\"alignnone wp-image-4662\" src=\"https:\/\/walhalla.fi\/wp-content\/uploads\/2024\/05\/007_harald_antskog_DSF7115-300x225.jpg\" alt=\"\" width=\"399\" height=\"299\" srcset=\"https:\/\/walhalla.fi\/wp-content\/uploads\/2024\/05\/007_harald_antskog_DSF7115-300x225.jpg 300w, https:\/\/walhalla.fi\/wp-content\/uploads\/2024\/05\/007_harald_antskog_DSF7115-1030x773.jpg 1030w, https:\/\/walhalla.fi\/wp-content\/uploads\/2024\/05\/007_harald_antskog_DSF7115-768x576.jpg 768w, https:\/\/walhalla.fi\/wp-content\/uploads\/2024\/05\/007_harald_antskog_DSF7115-1536x1152.jpg 1536w, https:\/\/walhalla.fi\/wp-content\/uploads\/2024\/05\/007_harald_antskog_DSF7115-1500x1125.jpg 1500w, https:\/\/walhalla.fi\/wp-content\/uploads\/2024\/05\/007_harald_antskog_DSF7115-705x529.jpg 705w, https:\/\/walhalla.fi\/wp-content\/uploads\/2024\/05\/007_harald_antskog_DSF7115.jpg 2048w\" sizes=\"(max-width: 399px) 100vw, 399px\" \/><\/a> <a href=\"https:\/\/walhalla.fi\/wp-content\/uploads\/2024\/05\/002_harald_antskog_DSF7076.jpg\"><img decoding=\"async\" loading=\"lazy\" class=\"alignnone wp-image-4666\" src=\"https:\/\/walhalla.fi\/wp-content\/uploads\/2024\/05\/002_harald_antskog_DSF7076-300x225.jpg\" alt=\"\" width=\"402\" height=\"301\" srcset=\"https:\/\/walhalla.fi\/wp-content\/uploads\/2024\/05\/002_harald_antskog_DSF7076-300x225.jpg 300w, https:\/\/walhalla.fi\/wp-content\/uploads\/2024\/05\/002_harald_antskog_DSF7076-1030x773.jpg 1030w, https:\/\/walhalla.fi\/wp-content\/uploads\/2024\/05\/002_harald_antskog_DSF7076-768x576.jpg 768w, https:\/\/walhalla.fi\/wp-content\/uploads\/2024\/05\/002_harald_antskog_DSF7076-1536x1152.jpg 1536w, https:\/\/walhalla.fi\/wp-content\/uploads\/2024\/05\/002_harald_antskog_DSF7076-1500x1125.jpg 1500w, https:\/\/walhalla.fi\/wp-content\/uploads\/2024\/05\/002_harald_antskog_DSF7076-705x529.jpg 705w, https:\/\/walhalla.fi\/wp-content\/uploads\/2024\/05\/002_harald_antskog_DSF7076.jpg 2048w\" sizes=\"(max-width: 402px) 100vw, 402px\" \/><\/a> <a href=\"https:\/\/walhalla.fi\/wp-content\/uploads\/2024\/05\/WhatsApp-Image-2024-05-21-at-20.22.02.jpeg\"><img decoding=\"async\" loading=\"lazy\" class=\"alignnone wp-image-4668 \" src=\"https:\/\/walhalla.fi\/wp-content\/uploads\/2024\/05\/WhatsApp-Image-2024-05-21-at-20.22.02-225x300.jpeg\" alt=\"\" width=\"235\" height=\"313\" srcset=\"https:\/\/walhalla.fi\/wp-content\/uploads\/2024\/05\/WhatsApp-Image-2024-05-21-at-20.22.02-225x300.jpeg 225w, https:\/\/walhalla.fi\/wp-content\/uploads\/2024\/05\/WhatsApp-Image-2024-05-21-at-20.22.02-773x1030.jpeg 773w, https:\/\/walhalla.fi\/wp-content\/uploads\/2024\/05\/WhatsApp-Image-2024-05-21-at-20.22.02-768x1024.jpeg 768w, https:\/\/walhalla.fi\/wp-content\/uploads\/2024\/05\/WhatsApp-Image-2024-05-21-at-20.22.02-1152x1536.jpeg 1152w, https:\/\/walhalla.fi\/wp-content\/uploads\/2024\/05\/WhatsApp-Image-2024-05-21-at-20.22.02-1125x1500.jpeg 1125w, https:\/\/walhalla.fi\/wp-content\/uploads\/2024\/05\/WhatsApp-Image-2024-05-21-at-20.22.02-529x705.jpeg 529w, https:\/\/walhalla.fi\/wp-content\/uploads\/2024\/05\/WhatsApp-Image-2024-05-21-at-20.22.02.jpeg 1200w\" sizes=\"(max-width: 235px) 100vw, 235px\" \/><\/a><\/p>\n<h6>Fotografer: Harald Antskog &amp; \u00c1sthildur J\u00f3nsd\u00f3ttir<\/h6>\n<p>&nbsp;<\/p>\n<p>&nbsp;<\/p>\n<p>&nbsp;<\/p>\n<p>25.1.2024<\/p>\n<h2>ETT HALVT SEKEL AV NORDISK FILM &#8211; WALHALLA 50 \u00c5R<\/h2>\n<p>&nbsp;<\/p>\n<h6>\u201dNuorisojaoston aloitteesta on Helsingin Pohjola-Norden yhdistys aloittanut uuden toimintamuodon, filmikerhon, joka on erikoistunut esitt\u00e4m\u00e4\u00e4n hyvi\u00e4 pohjoismaisia filmej\u00e4. Mm. norjalainen ja islantilainen filmi ovat olleet l\u00e4hinn\u00e4 tuntemattomia Suomessa, ja ruotsalaisista ja ennen kaikkea tanskalaisista filmeist\u00e4 esitet\u00e4\u00e4n vain harvoja, joiden arvioidaan olevan kaupallisesti kannattavia. T\u00e4m\u00e4n tilanteen korjaamiseksi perustettiin filmikerho Walhalla.\u201d<\/h6>\n<p>&nbsp;<\/p>\n<h5><strong>Pohjola-Norden liiton aikakauslehti<br \/>\n<\/strong><strong>N:o 3 joulukuu 1974<\/strong><\/h5>\n<p>&nbsp;<\/p>\n<p>Walhalla \u00e4r en allm\u00e4nnyttig f\u00f6rening som fr\u00e4mjar nordisk film i hela landet. F\u00f6reningens m\u00e5l \u00e4r att visa nordisk kvalitetsfilm i Finland och erbjuda bes\u00f6kare i olika delar av landet en m\u00f6jlighet att se filmer i deras lokala biografer. Walhalla str\u00e4var till att st\u00e4rka en k\u00e4nsla av nordisk gemenskap genom film.<\/p>\n<p>En viktig del av Walhallas verksamhet \u00e4r filmserien <strong>M\u00e5nadens nordiska film. <\/strong>Serien m\u00f6jligg\u00f6r visningar av nordisk film i Finland och serien har ordnats redan under 10 \u00e5rs tid. Filmserien startar igen i februari och forts\u00e4tter till maj, h\u00f6stens visningar ordnas fr\u00e5n september till december. 10 kommuner \u00e4r med i M\u00e5nadens nordiska film, bl.a. biograferna Kino Iiris i Lahtis, Kino Aurora i Jyv\u00e4skyl\u00e4, Kino Ritz i Vasa och Cinema Arthouse Niagara i Tammerfors. Under v\u00e5ren 2024 visar vi nya festivalfilmer och gamla klassiker i och med Walhallas 50-\u00e5rsjubileum. I programmet har vi t.ex. Nordiska r\u00e5dets filmprisvinnare, danska EMPIRE, den norska ungdomsfilmen DANCING QUEEN och svenska dokument\u00e4ren MIRAKLET I GULLSP\u00c5NG, som vann b\u00e4sta dokument\u00e4r p\u00e5 \u00e5rets Guldbaggegala. I samarbete med Svenska ambassaden visar vi den fascinerande V\u00c4RLDENS VACKRASTE POJKE och den visuellt sl\u00e5ende HISTORJ\u00c1 &#8211; STITCHES FOR SAPM\u00cd.<\/p>\n<p>Walhallas 50-\u00e5rsjubileum bidrar med givande filmserier som extraprogram under \u00e5ret &#8211; i Helsingfors ordnas <strong>Nordiska filmdagarna. <\/strong>Under v\u00e5ren ordnas specialvisningar p\u00e5 biografen Orion, p\u00e5 Malmhuset och Nordhuset. Dagsvisningarna ordnas f\u00f6r lokala skolor och kv\u00e4llsvisningarna som visningar f\u00f6r alla intresserade av nordiska nya filmer. P\u00e5 biografen Orion heter serien <strong>Nordiska festivalp\u00e4rlor <\/strong>och presenterar fyra nordiska festivalfilmer som inte f\u00e5tt distribution i Finland. I serien visas t.ex. den norska uppm\u00e4rksammade SICK OF MYSELF och den isl\u00e4ndska fantastiska DRIVING MUM. Programmet publiceras p\u00e5 Orions och Walhallas hemsidor i februari och kulturhusens visningar publiceras snart d\u00e4refter.<\/p>\n<p>P\u00e5 sommaren och h\u00f6sten 2024 ordnar Walhalla tillsammans med Nationella audiovisuella institutet en jubileumsserie f\u00f6r att uppm\u00e4rksamma Walhallas 50 \u00e5r. Serien<strong> Pohjoismaisen elokuvan n\u00e4ytt\u00e4m\u00f6 \u2013 Walhalla 50 vuotta<\/strong> visar Walhallas arkivfilmer fr\u00e5n olika \u00e5rtionden med en fin samling av filmer fr\u00e5n olika nordiska l\u00e4nder.<\/p>\n<p>Jubileums\u00e5ret planeras ytterligare och kompletteras med specialvisningar med diverse samarbetsparter i hela landet, som Pohjola-Norden, Svenska nu, Nordisk kulturkontakt och de nordiska ambassaderna. Walhallas nyheter och visningar publiceras p\u00e5 Walhallas hemsidor, <a href=\"https:\/\/www.instagram.com\/walhalla_ry\/\">Instagram<\/a> och <a href=\"https:\/\/www.facebook.com\/walhallary\/\">Facebook<\/a>.<\/p>\n<p>V\u00e4lkomna med och uppleva allt det fantastiska med nordisk film!<\/p>\n<p><a href=\"https:\/\/walhalla.fi\/wp-content\/uploads\/2024\/01\/MNF-logoFI_Kaari_RGB.png\"><img decoding=\"async\" loading=\"lazy\" class=\"alignnone size-medium wp-image-4489\" src=\"https:\/\/walhalla.fi\/wp-content\/uploads\/2024\/01\/MNF-logoFI_Kaari_RGB-300x125.png\" alt=\"\" width=\"300\" height=\"125\" srcset=\"https:\/\/walhalla.fi\/wp-content\/uploads\/2024\/01\/MNF-logoFI_Kaari_RGB-300x125.png 300w, https:\/\/walhalla.fi\/wp-content\/uploads\/2024\/01\/MNF-logoFI_Kaari_RGB-768x320.png 768w, https:\/\/walhalla.fi\/wp-content\/uploads\/2024\/01\/MNF-logoFI_Kaari_RGB-705x294.png 705w, https:\/\/walhalla.fi\/wp-content\/uploads\/2024\/01\/MNF-logoFI_Kaari_RGB.png 780w\" sizes=\"(max-width: 300px) 100vw, 300px\" \/><\/a><\/p>\n<p>Kontakta oss:<\/p>\n<p>Anni Lappalainen<br \/>\nVerksamhetsledare<br \/>\nWalhalla rf<br \/>\nanni.lappalainen@walhalla.fi<\/p>\n","protected":false},"excerpt":{"rendered":"<p>Jubileums\u00e5rets h\u00f6st presenterar nordiska klassiker\u00a0 p\u00e5 Kino Regina i Helsingfors Walhalla rf har fr\u00e4mjat nordisk film och kultur i Finland under ett halvt sekel. Walhalla grundades som en filmklubb under medborgarorganisationen Pohjola-Norden \u00e5r 1974 och idag \u00e4r Walhalla en filmf\u00f6rening som n\u00e5r en filmintresserad publik i hela Finland. Walhalla har ett unikt och brett n\u00e4tverk [&hellip;]<\/p>\n","protected":false},"author":4,"featured_media":4480,"parent":765,"menu_order":0,"comment_status":"closed","ping_status":"closed","template":"","meta":[],"acf":[],"yoast_head":"<!-- This site is optimized with the Yoast SEO plugin v20.6 - https:\/\/yoast.com\/wordpress\/plugins\/seo\/ -->\n<title>Walhalla 50 \u00e5r - Walhalla<\/title>\n<meta name=\"robots\" content=\"index, follow, max-snippet:-1, max-image-preview:large, max-video-preview:-1\" \/>\n<link rel=\"canonical\" href=\"https:\/\/walhalla.fi\/sv\/verksamhet\/walhalla-50-ar\/\" \/>\n<meta property=\"og:locale\" content=\"sv_SE\" \/>\n<meta property=\"og:type\" content=\"article\" \/>\n<meta property=\"og:title\" content=\"Walhalla 50 \u00e5r - Walhalla\" \/>\n<meta property=\"og:description\" content=\"Jubileums\u00e5rets h\u00f6st presenterar nordiska klassiker\u00a0 p\u00e5 Kino Regina i Helsingfors Walhalla rf har fr\u00e4mjat nordisk film och kultur i Finland under ett halvt sekel. Walhalla grundades som en filmklubb under medborgarorganisationen Pohjola-Norden \u00e5r 1974 och idag \u00e4r Walhalla en filmf\u00f6rening som n\u00e5r en filmintresserad publik i hela Finland. Walhalla har ett unikt och brett n\u00e4tverk [&hellip;]\" \/>\n<meta property=\"og:url\" content=\"https:\/\/walhalla.fi\/sv\/verksamhet\/walhalla-50-ar\/\" \/>\n<meta property=\"og:site_name\" content=\"Walhalla\" \/>\n<meta property=\"article:modified_time\" content=\"2024-09-10T10:33:41+00:00\" \/>\n<meta property=\"og:image\" content=\"https:\/\/walhalla.fi\/wp-content\/uploads\/2024\/01\/Walhalla50_some.png\" \/>\n\t<meta property=\"og:image:width\" content=\"472\" \/>\n\t<meta property=\"og:image:height\" content=\"472\" \/>\n\t<meta property=\"og:image:type\" content=\"image\/png\" \/>\n<meta name=\"twitter:card\" content=\"summary_large_image\" \/>\n<meta name=\"twitter:label1\" content=\"Ber\u00e4knad l\u00e4stid\" \/>\n\t<meta name=\"twitter:data1\" content=\"8 minuter\" \/>\n<script type=\"application\/ld+json\" class=\"yoast-schema-graph\">{\"@context\":\"https:\/\/schema.org\",\"@graph\":[{\"@type\":\"WebPage\",\"@id\":\"https:\/\/walhalla.fi\/sv\/verksamhet\/walhalla-50-ar\/\",\"url\":\"https:\/\/walhalla.fi\/sv\/verksamhet\/walhalla-50-ar\/\",\"name\":\"Walhalla 50 \u00e5r - Walhalla\",\"isPartOf\":{\"@id\":\"https:\/\/159.223.20.60\/#website\"},\"datePublished\":\"2024-01-29T15:46:21+00:00\",\"dateModified\":\"2024-09-10T10:33:41+00:00\",\"breadcrumb\":{\"@id\":\"https:\/\/walhalla.fi\/sv\/verksamhet\/walhalla-50-ar\/#breadcrumb\"},\"inLanguage\":\"sv-SE\",\"potentialAction\":[{\"@type\":\"ReadAction\",\"target\":[\"https:\/\/walhalla.fi\/sv\/verksamhet\/walhalla-50-ar\/\"]}]},{\"@type\":\"BreadcrumbList\",\"@id\":\"https:\/\/walhalla.fi\/sv\/verksamhet\/walhalla-50-ar\/#breadcrumb\",\"itemListElement\":[{\"@type\":\"ListItem\",\"position\":1,\"name\":\"Home\",\"item\":\"https:\/\/walhalla.fi\/sv\/hemsida\/\"},{\"@type\":\"ListItem\",\"position\":2,\"name\":\"Verksamhet\",\"item\":\"https:\/\/walhalla.fi\/sv\/verksamhet\/\"},{\"@type\":\"ListItem\",\"position\":3,\"name\":\"Walhalla 50 \u00e5r\"}]},{\"@type\":\"WebSite\",\"@id\":\"https:\/\/159.223.20.60\/#website\",\"url\":\"https:\/\/159.223.20.60\/\",\"name\":\"Walhalla\",\"description\":\"Nordisk filmbyr\u00e5\",\"potentialAction\":[{\"@type\":\"SearchAction\",\"target\":{\"@type\":\"EntryPoint\",\"urlTemplate\":\"https:\/\/159.223.20.60\/?s={search_term_string}\"},\"query-input\":\"required name=search_term_string\"}],\"inLanguage\":\"sv-SE\"}]}<\/script>\n<!-- \/ Yoast SEO plugin. -->","yoast_head_json":{"title":"Walhalla 50 \u00e5r - Walhalla","robots":{"index":"index","follow":"follow","max-snippet":"max-snippet:-1","max-image-preview":"max-image-preview:large","max-video-preview":"max-video-preview:-1"},"canonical":"https:\/\/walhalla.fi\/sv\/verksamhet\/walhalla-50-ar\/","og_locale":"sv_SE","og_type":"article","og_title":"Walhalla 50 \u00e5r - Walhalla","og_description":"Jubileums\u00e5rets h\u00f6st presenterar nordiska klassiker\u00a0 p\u00e5 Kino Regina i Helsingfors Walhalla rf har fr\u00e4mjat nordisk film och kultur i Finland under ett halvt sekel. Walhalla grundades som en filmklubb under medborgarorganisationen Pohjola-Norden \u00e5r 1974 och idag \u00e4r Walhalla en filmf\u00f6rening som n\u00e5r en filmintresserad publik i hela Finland. Walhalla har ett unikt och brett n\u00e4tverk [&hellip;]","og_url":"https:\/\/walhalla.fi\/sv\/verksamhet\/walhalla-50-ar\/","og_site_name":"Walhalla","article_modified_time":"2024-09-10T10:33:41+00:00","og_image":[{"width":472,"height":472,"url":"https:\/\/walhalla.fi\/wp-content\/uploads\/2024\/01\/Walhalla50_some.png","type":"image\/png"}],"twitter_card":"summary_large_image","twitter_misc":{"Ber\u00e4knad l\u00e4stid":"8 minuter"},"schema":{"@context":"https:\/\/schema.org","@graph":[{"@type":"WebPage","@id":"https:\/\/walhalla.fi\/sv\/verksamhet\/walhalla-50-ar\/","url":"https:\/\/walhalla.fi\/sv\/verksamhet\/walhalla-50-ar\/","name":"Walhalla 50 \u00e5r - Walhalla","isPartOf":{"@id":"https:\/\/159.223.20.60\/#website"},"datePublished":"2024-01-29T15:46:21+00:00","dateModified":"2024-09-10T10:33:41+00:00","breadcrumb":{"@id":"https:\/\/walhalla.fi\/sv\/verksamhet\/walhalla-50-ar\/#breadcrumb"},"inLanguage":"sv-SE","potentialAction":[{"@type":"ReadAction","target":["https:\/\/walhalla.fi\/sv\/verksamhet\/walhalla-50-ar\/"]}]},{"@type":"BreadcrumbList","@id":"https:\/\/walhalla.fi\/sv\/verksamhet\/walhalla-50-ar\/#breadcrumb","itemListElement":[{"@type":"ListItem","position":1,"name":"Home","item":"https:\/\/walhalla.fi\/sv\/hemsida\/"},{"@type":"ListItem","position":2,"name":"Verksamhet","item":"https:\/\/walhalla.fi\/sv\/verksamhet\/"},{"@type":"ListItem","position":3,"name":"Walhalla 50 \u00e5r"}]},{"@type":"WebSite","@id":"https:\/\/159.223.20.60\/#website","url":"https:\/\/159.223.20.60\/","name":"Walhalla","description":"Nordisk filmbyr\u00e5","potentialAction":[{"@type":"SearchAction","target":{"@type":"EntryPoint","urlTemplate":"https:\/\/159.223.20.60\/?s={search_term_string}"},"query-input":"required name=search_term_string"}],"inLanguage":"sv-SE"}]}},"_links":{"self":[{"href":"https:\/\/walhalla.fi\/sv\/wp-json\/wp\/v2\/pages\/4493"}],"collection":[{"href":"https:\/\/walhalla.fi\/sv\/wp-json\/wp\/v2\/pages"}],"about":[{"href":"https:\/\/walhalla.fi\/sv\/wp-json\/wp\/v2\/types\/page"}],"author":[{"embeddable":true,"href":"https:\/\/walhalla.fi\/sv\/wp-json\/wp\/v2\/users\/4"}],"replies":[{"embeddable":true,"href":"https:\/\/walhalla.fi\/sv\/wp-json\/wp\/v2\/comments?post=4493"}],"version-history":[{"count":7,"href":"https:\/\/walhalla.fi\/sv\/wp-json\/wp\/v2\/pages\/4493\/revisions"}],"predecessor-version":[{"id":5421,"href":"https:\/\/walhalla.fi\/sv\/wp-json\/wp\/v2\/pages\/4493\/revisions\/5421"}],"up":[{"embeddable":true,"href":"https:\/\/walhalla.fi\/sv\/wp-json\/wp\/v2\/pages\/765"}],"wp:featuredmedia":[{"embeddable":true,"href":"https:\/\/walhalla.fi\/sv\/wp-json\/wp\/v2\/media\/4480"}],"wp:attachment":[{"href":"https:\/\/walhalla.fi\/sv\/wp-json\/wp\/v2\/media?parent=4493"}],"curies":[{"name":"wp","href":"https:\/\/api.w.org\/{rel}","templated":true}]}}