{"id":2451,"date":"2018-04-17T13:26:52","date_gmt":"2018-04-17T10:26:52","guid":{"rendered":"https:\/\/walhalla.fi\/?page_id=2451"},"modified":"2021-04-08T10:47:36","modified_gmt":"2021-04-08T07:47:36","slug":"topelius-200-prinsessan-lindagull","status":"publish","type":"page","link":"https:\/\/walhalla.fi\/sv\/verksamhet\/bokbio2\/topelius-200-prinsessan-lindagull\/","title":{"rendered":"&#8221;PRINSESSAN LINDAGULL&#8221;"},"content":{"rendered":"<h1>&#8221;PRINSESSAN LINDAGULL&#8221;<\/h1>\n<p>28 min<\/p>\n<p>Rekommenderas f\u00f6r 5-6 \u00e5ringar.<\/p>\n<p>En filmatisering av Zacharias Topelius\u00b4 k\u00e4nda saga. Filmen \u00e4r en klassisker fr\u00e5n \u00e5r 1981, gjord av Antonia Ringbom.<\/p>\n<p>Tigern Ahriman har f\u00f6rsvunnit med Prinsessan Lindagull i sitt gap. Den gamle Shah Nadir blev mycket lessen, ja hela Persien blev lessna. Konungens garde, de femtiotusende ryttarna med guldbetslen, ilade genast iv\u00e4g f\u00f6r att s\u00f6ka prinsessan.<\/p>\n<h2>Filmhandledning<\/h2>\n<p>H\u00e4r kan du ladda ner <a href=\"https:\/\/walhalla.fi\/wp-content\/uploads\/2018\/10\/Lindagullhandledning.pdf\">filmhandledning<\/a> till Prinsessan Lindagull.<\/p>\n<h2>L\u00f6senord<\/h2>\n<p>F\u00f6r att se\/visa filmen beh\u00f6ver du ett l\u00f6senord, som du ska best\u00e4lla av oss.<\/p>\n<p>Best\u00e4ll l\u00f6senord av oss via e-post. Meddela oss n\u00e4r och var du vill visa filmen.<\/p>\n<p>mikaela.westerlund(at)filmcentrum.fi, tel. 040-5486393 (Mikaela)<\/p>\n<h2>Filmen<\/h2>\n<p>H\u00e4r nedan kan du se\/visa filmen. Skriv in det l\u00f6senord du f\u00e5tt fr\u00e5n oss\u00a0i rutan d\u00e4r det fr\u00e5gas efter &#8221;password&#8221;.<\/p>\n<p>Observera att l\u00f6senordet \u00e4r tidsbundet, s\u00e5 det \u00e4r viktigt att du meddelar oss n\u00e4r du vill se\/visa filmen.<\/p>\n<p>Anv\u00e4nd dig av ikonen l\u00e4ngst ner i h\u00f6gra h\u00f6rnet f\u00f6r att f\u00f6rstora bilden, s\u00e5 att den upptar hela sk\u00e4rmen.<\/p>\n<p>Testa att allt fungerar i god tid innan visningen. Kontakta oss, om du har fr\u00e5gor.<\/p>\n<p>&nbsp;<\/p>\n<p><iframe loading=\"lazy\" src=\"https:\/\/player.vimeo.com\/video\/263818222\" width=\"640\" height=\"512\" frameborder=\"0\" allowfullscreen=\"allowfullscreen\"><\/iframe><\/p>\n","protected":false},"excerpt":{"rendered":"<p>&#8221;PRINSESSAN LINDAGULL&#8221; 28 min Rekommenderas f\u00f6r 5-6 \u00e5ringar. En filmatisering av Zacharias Topelius\u00b4 k\u00e4nda saga. Filmen \u00e4r en klassisker fr\u00e5n \u00e5r 1981, gjord av Antonia Ringbom. Tigern Ahriman har f\u00f6rsvunnit med Prinsessan Lindagull i sitt gap. Den gamle Shah Nadir blev mycket lessen, ja hela Persien blev lessna. Konungens garde, de femtiotusende ryttarna med guldbetslen, [&hellip;]<\/p>\n","protected":false},"author":4,"featured_media":2431,"parent":776,"menu_order":0,"comment_status":"closed","ping_status":"closed","template":"","meta":[],"acf":[],"yoast_head":"<!-- This site is optimized with the Yoast SEO plugin v20.6 - https:\/\/yoast.com\/wordpress\/plugins\/seo\/ -->\n<title>&quot;PRINSESSAN LINDAGULL&quot; - Walhalla<\/title>\n<meta name=\"robots\" content=\"index, follow, max-snippet:-1, max-image-preview:large, max-video-preview:-1\" \/>\n<link rel=\"canonical\" href=\"https:\/\/walhalla.fi\/sv\/verksamhet\/bokbio2\/topelius-200-prinsessan-lindagull\/\" \/>\n<meta property=\"og:locale\" content=\"sv_SE\" \/>\n<meta property=\"og:type\" content=\"article\" \/>\n<meta property=\"og:title\" content=\"&quot;PRINSESSAN LINDAGULL&quot; - Walhalla\" \/>\n<meta property=\"og:description\" content=\"&#8221;PRINSESSAN LINDAGULL&#8221; 28 min Rekommenderas f\u00f6r 5-6 \u00e5ringar. En filmatisering av Zacharias Topelius\u00b4 k\u00e4nda saga. Filmen \u00e4r en klassisker fr\u00e5n \u00e5r 1981, gjord av Antonia Ringbom. Tigern Ahriman har f\u00f6rsvunnit med Prinsessan Lindagull i sitt gap. Den gamle Shah Nadir blev mycket lessen, ja hela Persien blev lessna. Konungens garde, de femtiotusende ryttarna med guldbetslen, [&hellip;]\" \/>\n<meta property=\"og:url\" content=\"https:\/\/walhalla.fi\/sv\/verksamhet\/bokbio2\/topelius-200-prinsessan-lindagull\/\" \/>\n<meta property=\"og:site_name\" content=\"Walhalla\" \/>\n<meta property=\"article:modified_time\" content=\"2021-04-08T07:47:36+00:00\" \/>\n<meta property=\"og:image\" content=\"https:\/\/159.223.20.60\/wp-content\/uploads\/2018\/04\/lindagull7.jpg\" \/>\n\t<meta property=\"og:image:width\" content=\"1500\" \/>\n\t<meta property=\"og:image:height\" content=\"1199\" \/>\n\t<meta property=\"og:image:type\" content=\"image\/jpeg\" \/>\n<meta name=\"twitter:card\" content=\"summary_large_image\" \/>\n<meta name=\"twitter:label1\" content=\"Ber\u00e4knad l\u00e4stid\" \/>\n\t<meta name=\"twitter:data1\" content=\"1 minut\" \/>\n<script type=\"application\/ld+json\" class=\"yoast-schema-graph\">{\"@context\":\"https:\/\/schema.org\",\"@graph\":[{\"@type\":\"WebPage\",\"@id\":\"https:\/\/walhalla.fi\/sv\/verksamhet\/bokbio2\/topelius-200-prinsessan-lindagull\/\",\"url\":\"https:\/\/walhalla.fi\/sv\/verksamhet\/bokbio2\/topelius-200-prinsessan-lindagull\/\",\"name\":\"\\\"PRINSESSAN LINDAGULL\\\" - Walhalla\",\"isPartOf\":{\"@id\":\"https:\/\/159.223.20.60\/#website\"},\"datePublished\":\"2018-04-17T10:26:52+00:00\",\"dateModified\":\"2021-04-08T07:47:36+00:00\",\"breadcrumb\":{\"@id\":\"https:\/\/walhalla.fi\/sv\/verksamhet\/bokbio2\/topelius-200-prinsessan-lindagull\/#breadcrumb\"},\"inLanguage\":\"sv-SE\",\"potentialAction\":[{\"@type\":\"ReadAction\",\"target\":[\"https:\/\/walhalla.fi\/sv\/verksamhet\/bokbio2\/topelius-200-prinsessan-lindagull\/\"]}]},{\"@type\":\"BreadcrumbList\",\"@id\":\"https:\/\/walhalla.fi\/sv\/verksamhet\/bokbio2\/topelius-200-prinsessan-lindagull\/#breadcrumb\",\"itemListElement\":[{\"@type\":\"ListItem\",\"position\":1,\"name\":\"Home\",\"item\":\"https:\/\/walhalla.fi\/sv\/hemsida\/\"},{\"@type\":\"ListItem\",\"position\":2,\"name\":\"Verksamhet\",\"item\":\"https:\/\/walhalla.fi\/sv\/verksamhet\/\"},{\"@type\":\"ListItem\",\"position\":3,\"name\":\"Bokbio\",\"item\":\"https:\/\/walhalla.fi\/sv\/verksamhet\/bokbio2\/\"},{\"@type\":\"ListItem\",\"position\":4,\"name\":\"&#8221;PRINSESSAN LINDAGULL&#8221;\"}]},{\"@type\":\"WebSite\",\"@id\":\"https:\/\/159.223.20.60\/#website\",\"url\":\"https:\/\/159.223.20.60\/\",\"name\":\"Walhalla\",\"description\":\"Nordisk filmbyr\u00e5\",\"potentialAction\":[{\"@type\":\"SearchAction\",\"target\":{\"@type\":\"EntryPoint\",\"urlTemplate\":\"https:\/\/159.223.20.60\/?s={search_term_string}\"},\"query-input\":\"required name=search_term_string\"}],\"inLanguage\":\"sv-SE\"}]}<\/script>\n<!-- \/ Yoast SEO plugin. -->","yoast_head_json":{"title":"\"PRINSESSAN LINDAGULL\" - Walhalla","robots":{"index":"index","follow":"follow","max-snippet":"max-snippet:-1","max-image-preview":"max-image-preview:large","max-video-preview":"max-video-preview:-1"},"canonical":"https:\/\/walhalla.fi\/sv\/verksamhet\/bokbio2\/topelius-200-prinsessan-lindagull\/","og_locale":"sv_SE","og_type":"article","og_title":"\"PRINSESSAN LINDAGULL\" - Walhalla","og_description":"&#8221;PRINSESSAN LINDAGULL&#8221; 28 min Rekommenderas f\u00f6r 5-6 \u00e5ringar. En filmatisering av Zacharias Topelius\u00b4 k\u00e4nda saga. Filmen \u00e4r en klassisker fr\u00e5n \u00e5r 1981, gjord av Antonia Ringbom. Tigern Ahriman har f\u00f6rsvunnit med Prinsessan Lindagull i sitt gap. Den gamle Shah Nadir blev mycket lessen, ja hela Persien blev lessna. Konungens garde, de femtiotusende ryttarna med guldbetslen, [&hellip;]","og_url":"https:\/\/walhalla.fi\/sv\/verksamhet\/bokbio2\/topelius-200-prinsessan-lindagull\/","og_site_name":"Walhalla","article_modified_time":"2021-04-08T07:47:36+00:00","og_image":[{"width":1500,"height":1199,"url":"https:\/\/159.223.20.60\/wp-content\/uploads\/2018\/04\/lindagull7.jpg","type":"image\/jpeg"}],"twitter_card":"summary_large_image","twitter_misc":{"Ber\u00e4knad l\u00e4stid":"1 minut"},"schema":{"@context":"https:\/\/schema.org","@graph":[{"@type":"WebPage","@id":"https:\/\/walhalla.fi\/sv\/verksamhet\/bokbio2\/topelius-200-prinsessan-lindagull\/","url":"https:\/\/walhalla.fi\/sv\/verksamhet\/bokbio2\/topelius-200-prinsessan-lindagull\/","name":"\"PRINSESSAN LINDAGULL\" - Walhalla","isPartOf":{"@id":"https:\/\/159.223.20.60\/#website"},"datePublished":"2018-04-17T10:26:52+00:00","dateModified":"2021-04-08T07:47:36+00:00","breadcrumb":{"@id":"https:\/\/walhalla.fi\/sv\/verksamhet\/bokbio2\/topelius-200-prinsessan-lindagull\/#breadcrumb"},"inLanguage":"sv-SE","potentialAction":[{"@type":"ReadAction","target":["https:\/\/walhalla.fi\/sv\/verksamhet\/bokbio2\/topelius-200-prinsessan-lindagull\/"]}]},{"@type":"BreadcrumbList","@id":"https:\/\/walhalla.fi\/sv\/verksamhet\/bokbio2\/topelius-200-prinsessan-lindagull\/#breadcrumb","itemListElement":[{"@type":"ListItem","position":1,"name":"Home","item":"https:\/\/walhalla.fi\/sv\/hemsida\/"},{"@type":"ListItem","position":2,"name":"Verksamhet","item":"https:\/\/walhalla.fi\/sv\/verksamhet\/"},{"@type":"ListItem","position":3,"name":"Bokbio","item":"https:\/\/walhalla.fi\/sv\/verksamhet\/bokbio2\/"},{"@type":"ListItem","position":4,"name":"&#8221;PRINSESSAN LINDAGULL&#8221;"}]},{"@type":"WebSite","@id":"https:\/\/159.223.20.60\/#website","url":"https:\/\/159.223.20.60\/","name":"Walhalla","description":"Nordisk filmbyr\u00e5","potentialAction":[{"@type":"SearchAction","target":{"@type":"EntryPoint","urlTemplate":"https:\/\/159.223.20.60\/?s={search_term_string}"},"query-input":"required name=search_term_string"}],"inLanguage":"sv-SE"}]}},"_links":{"self":[{"href":"https:\/\/walhalla.fi\/sv\/wp-json\/wp\/v2\/pages\/2451"}],"collection":[{"href":"https:\/\/walhalla.fi\/sv\/wp-json\/wp\/v2\/pages"}],"about":[{"href":"https:\/\/walhalla.fi\/sv\/wp-json\/wp\/v2\/types\/page"}],"author":[{"embeddable":true,"href":"https:\/\/walhalla.fi\/sv\/wp-json\/wp\/v2\/users\/4"}],"replies":[{"embeddable":true,"href":"https:\/\/walhalla.fi\/sv\/wp-json\/wp\/v2\/comments?post=2451"}],"version-history":[{"count":0,"href":"https:\/\/walhalla.fi\/sv\/wp-json\/wp\/v2\/pages\/2451\/revisions"}],"up":[{"embeddable":true,"href":"https:\/\/walhalla.fi\/sv\/wp-json\/wp\/v2\/pages\/776"}],"wp:featuredmedia":[{"embeddable":true,"href":"https:\/\/walhalla.fi\/sv\/wp-json\/wp\/v2\/media\/2431"}],"wp:attachment":[{"href":"https:\/\/walhalla.fi\/sv\/wp-json\/wp\/v2\/media?parent=2451"}],"curies":[{"name":"wp","href":"https:\/\/api.w.org\/{rel}","templated":true}]}}