{"id":2434,"date":"2018-04-17T12:56:43","date_gmt":"2018-04-17T09:56:43","guid":{"rendered":"https:\/\/walhalla.fi\/?page_id=2434"},"modified":"2021-08-05T13:46:24","modified_gmt":"2021-08-05T10:46:24","slug":"vem","status":"publish","type":"page","link":"https:\/\/walhalla.fi\/sv\/verksamhet\/bokbio2\/vem\/","title":{"rendered":"VEM?"},"content":{"rendered":"<p><strong>\u201dVEM?\u201d<\/strong><\/p>\n<p>30 min (8 filmer \u00e0 ca 4 min)<\/p>\n<p>Litter\u00e4r f\u00f6rlaga: Stina Wirs\u00e9ns Vem? -b\u00f6cker<\/p>\n<p>Rekommenderas fr\u00e5n 3 \u00e5r<\/p>\n<p>Regi: Jessica Laur\u00e9n<\/p>\n<p>\u00c5tta tecknade kortfilmer om viktiga fr\u00e5gor som v\u00e4cker k\u00e4nslor. Men ocks\u00e5 filmer om hur roligt det \u00e4r att leka tillsammans och kunna hj\u00e4lpa varandra.<\/p>\n<p>Redan barn i tv\u00e5-\u00e5rs\u00e5ldern kan k\u00e4nna igen sig i dessa filmer. Man beh\u00f6ver n\u00f6dv\u00e4ndigtvis inte visa alla p\u00e5 samma g\u00e5ng, utan kan v\u00e4lja ut bara n\u00e5gra.<\/p>\n<h2>Filmhandledning<\/h2>\n<p>H\u00e4r kommer du \u00e5t <a href=\"https:\/\/walhalla.fi\/wp-content\/uploads\/2018\/08\/Vemhandledningfinale.pdf\">filmhandledningen<\/a><\/p>\n<h2>L\u00f6senord<\/h2>\n<p>F\u00f6r att se\/visa filmen beh\u00f6ver du ett l\u00f6senord, som du ska best\u00e4lla av oss.<\/p>\n<p>Best\u00e4ll l\u00f6senord av oss via e-post. Meddela oss n\u00e4r och var du vill visa filmen.<\/p>\n<p>mikaela.westerlund(at)filmcentrum.fi, tel. 040-5486393 (Mikaela)<\/p>\n<h2>Se p\u00e5 filmen<\/h2>\n<p>H\u00e4r ser du <a href=\"https:\/\/vimeo.com\/273842844\" target=\"_blank\" rel=\"noopener noreferrer\">filmen<\/a>. PS! H\u00f6gerklicka p\u00e5 l\u00e4nken f\u00f6r att \u00f6ppna den i en ny flik, f\u00f6r att sedan komma \u00e5t att se filmen p\u00e5 helsk\u00e4rm.<\/p>\n<p>Kom ih\u00e5g att best\u00e4lla l\u00f6senordet p\u00e5 f\u00f6rhand!<\/p>\n","protected":false},"excerpt":{"rendered":"<p>\u201dVEM?\u201d 30 min (8 filmer \u00e0 ca 4 min) Litter\u00e4r f\u00f6rlaga: Stina Wirs\u00e9ns Vem? -b\u00f6cker Rekommenderas fr\u00e5n 3 \u00e5r Regi: Jessica Laur\u00e9n \u00c5tta tecknade kortfilmer om viktiga fr\u00e5gor som v\u00e4cker k\u00e4nslor. Men ocks\u00e5 filmer om hur roligt det \u00e4r att leka tillsammans och kunna hj\u00e4lpa varandra. Redan barn i tv\u00e5-\u00e5rs\u00e5ldern kan k\u00e4nna igen sig i [&hellip;]<\/p>\n","protected":false},"author":4,"featured_media":2435,"parent":776,"menu_order":0,"comment_status":"closed","ping_status":"closed","template":"","meta":[],"acf":[],"yoast_head":"<!-- This site is optimized with the Yoast SEO plugin v20.6 - https:\/\/yoast.com\/wordpress\/plugins\/seo\/ -->\n<title>VEM? - Walhalla<\/title>\n<meta name=\"robots\" content=\"index, follow, max-snippet:-1, max-image-preview:large, max-video-preview:-1\" \/>\n<link rel=\"canonical\" href=\"https:\/\/walhalla.fi\/sv\/verksamhet\/bokbio2\/vem\/\" \/>\n<meta property=\"og:locale\" content=\"sv_SE\" \/>\n<meta property=\"og:type\" content=\"article\" \/>\n<meta property=\"og:title\" content=\"VEM? - Walhalla\" \/>\n<meta property=\"og:description\" content=\"\u201dVEM?\u201d 30 min (8 filmer \u00e0 ca 4 min) Litter\u00e4r f\u00f6rlaga: Stina Wirs\u00e9ns Vem? -b\u00f6cker Rekommenderas fr\u00e5n 3 \u00e5r Regi: Jessica Laur\u00e9n \u00c5tta tecknade kortfilmer om viktiga fr\u00e5gor som v\u00e4cker k\u00e4nslor. Men ocks\u00e5 filmer om hur roligt det \u00e4r att leka tillsammans och kunna hj\u00e4lpa varandra. Redan barn i tv\u00e5-\u00e5rs\u00e5ldern kan k\u00e4nna igen sig i [&hellip;]\" \/>\n<meta property=\"og:url\" content=\"https:\/\/walhalla.fi\/sv\/verksamhet\/bokbio2\/vem\/\" \/>\n<meta property=\"og:site_name\" content=\"Walhalla\" \/>\n<meta property=\"article:modified_time\" content=\"2021-08-05T10:46:24+00:00\" \/>\n<meta property=\"og:image\" content=\"https:\/\/159.223.20.60\/wp-content\/uploads\/2018\/04\/Whos_bleeding-jpg.jpg\" \/>\n\t<meta property=\"og:image:width\" content=\"1500\" \/>\n\t<meta property=\"og:image:height\" content=\"844\" \/>\n\t<meta property=\"og:image:type\" content=\"image\/jpeg\" \/>\n<meta name=\"twitter:card\" content=\"summary_large_image\" \/>\n<meta name=\"twitter:label1\" content=\"Ber\u00e4knad l\u00e4stid\" \/>\n\t<meta name=\"twitter:data1\" content=\"1 minut\" \/>\n<script type=\"application\/ld+json\" class=\"yoast-schema-graph\">{\"@context\":\"https:\/\/schema.org\",\"@graph\":[{\"@type\":\"WebPage\",\"@id\":\"https:\/\/walhalla.fi\/sv\/verksamhet\/bokbio2\/vem\/\",\"url\":\"https:\/\/walhalla.fi\/sv\/verksamhet\/bokbio2\/vem\/\",\"name\":\"VEM? - Walhalla\",\"isPartOf\":{\"@id\":\"https:\/\/159.223.20.60\/#website\"},\"datePublished\":\"2018-04-17T09:56:43+00:00\",\"dateModified\":\"2021-08-05T10:46:24+00:00\",\"breadcrumb\":{\"@id\":\"https:\/\/walhalla.fi\/sv\/verksamhet\/bokbio2\/vem\/#breadcrumb\"},\"inLanguage\":\"sv-SE\",\"potentialAction\":[{\"@type\":\"ReadAction\",\"target\":[\"https:\/\/walhalla.fi\/sv\/verksamhet\/bokbio2\/vem\/\"]}]},{\"@type\":\"BreadcrumbList\",\"@id\":\"https:\/\/walhalla.fi\/sv\/verksamhet\/bokbio2\/vem\/#breadcrumb\",\"itemListElement\":[{\"@type\":\"ListItem\",\"position\":1,\"name\":\"Home\",\"item\":\"https:\/\/walhalla.fi\/sv\/hemsida\/\"},{\"@type\":\"ListItem\",\"position\":2,\"name\":\"Verksamhet\",\"item\":\"https:\/\/walhalla.fi\/sv\/verksamhet\/\"},{\"@type\":\"ListItem\",\"position\":3,\"name\":\"Bokbio\",\"item\":\"https:\/\/walhalla.fi\/sv\/verksamhet\/bokbio2\/\"},{\"@type\":\"ListItem\",\"position\":4,\"name\":\"VEM?\"}]},{\"@type\":\"WebSite\",\"@id\":\"https:\/\/159.223.20.60\/#website\",\"url\":\"https:\/\/159.223.20.60\/\",\"name\":\"Walhalla\",\"description\":\"Nordisk filmbyr\u00e5\",\"potentialAction\":[{\"@type\":\"SearchAction\",\"target\":{\"@type\":\"EntryPoint\",\"urlTemplate\":\"https:\/\/159.223.20.60\/?s={search_term_string}\"},\"query-input\":\"required name=search_term_string\"}],\"inLanguage\":\"sv-SE\"}]}<\/script>\n<!-- \/ Yoast SEO plugin. -->","yoast_head_json":{"title":"VEM? - Walhalla","robots":{"index":"index","follow":"follow","max-snippet":"max-snippet:-1","max-image-preview":"max-image-preview:large","max-video-preview":"max-video-preview:-1"},"canonical":"https:\/\/walhalla.fi\/sv\/verksamhet\/bokbio2\/vem\/","og_locale":"sv_SE","og_type":"article","og_title":"VEM? - Walhalla","og_description":"\u201dVEM?\u201d 30 min (8 filmer \u00e0 ca 4 min) Litter\u00e4r f\u00f6rlaga: Stina Wirs\u00e9ns Vem? -b\u00f6cker Rekommenderas fr\u00e5n 3 \u00e5r Regi: Jessica Laur\u00e9n \u00c5tta tecknade kortfilmer om viktiga fr\u00e5gor som v\u00e4cker k\u00e4nslor. Men ocks\u00e5 filmer om hur roligt det \u00e4r att leka tillsammans och kunna hj\u00e4lpa varandra. Redan barn i tv\u00e5-\u00e5rs\u00e5ldern kan k\u00e4nna igen sig i [&hellip;]","og_url":"https:\/\/walhalla.fi\/sv\/verksamhet\/bokbio2\/vem\/","og_site_name":"Walhalla","article_modified_time":"2021-08-05T10:46:24+00:00","og_image":[{"width":1500,"height":844,"url":"https:\/\/159.223.20.60\/wp-content\/uploads\/2018\/04\/Whos_bleeding-jpg.jpg","type":"image\/jpeg"}],"twitter_card":"summary_large_image","twitter_misc":{"Ber\u00e4knad l\u00e4stid":"1 minut"},"schema":{"@context":"https:\/\/schema.org","@graph":[{"@type":"WebPage","@id":"https:\/\/walhalla.fi\/sv\/verksamhet\/bokbio2\/vem\/","url":"https:\/\/walhalla.fi\/sv\/verksamhet\/bokbio2\/vem\/","name":"VEM? - Walhalla","isPartOf":{"@id":"https:\/\/159.223.20.60\/#website"},"datePublished":"2018-04-17T09:56:43+00:00","dateModified":"2021-08-05T10:46:24+00:00","breadcrumb":{"@id":"https:\/\/walhalla.fi\/sv\/verksamhet\/bokbio2\/vem\/#breadcrumb"},"inLanguage":"sv-SE","potentialAction":[{"@type":"ReadAction","target":["https:\/\/walhalla.fi\/sv\/verksamhet\/bokbio2\/vem\/"]}]},{"@type":"BreadcrumbList","@id":"https:\/\/walhalla.fi\/sv\/verksamhet\/bokbio2\/vem\/#breadcrumb","itemListElement":[{"@type":"ListItem","position":1,"name":"Home","item":"https:\/\/walhalla.fi\/sv\/hemsida\/"},{"@type":"ListItem","position":2,"name":"Verksamhet","item":"https:\/\/walhalla.fi\/sv\/verksamhet\/"},{"@type":"ListItem","position":3,"name":"Bokbio","item":"https:\/\/walhalla.fi\/sv\/verksamhet\/bokbio2\/"},{"@type":"ListItem","position":4,"name":"VEM?"}]},{"@type":"WebSite","@id":"https:\/\/159.223.20.60\/#website","url":"https:\/\/159.223.20.60\/","name":"Walhalla","description":"Nordisk filmbyr\u00e5","potentialAction":[{"@type":"SearchAction","target":{"@type":"EntryPoint","urlTemplate":"https:\/\/159.223.20.60\/?s={search_term_string}"},"query-input":"required name=search_term_string"}],"inLanguage":"sv-SE"}]}},"_links":{"self":[{"href":"https:\/\/walhalla.fi\/sv\/wp-json\/wp\/v2\/pages\/2434"}],"collection":[{"href":"https:\/\/walhalla.fi\/sv\/wp-json\/wp\/v2\/pages"}],"about":[{"href":"https:\/\/walhalla.fi\/sv\/wp-json\/wp\/v2\/types\/page"}],"author":[{"embeddable":true,"href":"https:\/\/walhalla.fi\/sv\/wp-json\/wp\/v2\/users\/4"}],"replies":[{"embeddable":true,"href":"https:\/\/walhalla.fi\/sv\/wp-json\/wp\/v2\/comments?post=2434"}],"version-history":[{"count":0,"href":"https:\/\/walhalla.fi\/sv\/wp-json\/wp\/v2\/pages\/2434\/revisions"}],"up":[{"embeddable":true,"href":"https:\/\/walhalla.fi\/sv\/wp-json\/wp\/v2\/pages\/776"}],"wp:featuredmedia":[{"embeddable":true,"href":"https:\/\/walhalla.fi\/sv\/wp-json\/wp\/v2\/media\/2435"}],"wp:attachment":[{"href":"https:\/\/walhalla.fi\/sv\/wp-json\/wp\/v2\/media?parent=2434"}],"curies":[{"name":"wp","href":"https:\/\/api.w.org\/{rel}","templated":true}]}}