{"id":2423,"date":"2018-04-17T12:45:39","date_gmt":"2018-04-17T09:45:39","guid":{"rendered":"https:\/\/walhalla.fi\/?page_id=2423"},"modified":"2021-04-08T10:49:35","modified_gmt":"2021-04-08T07:49:35","slug":"den-fortrafflige-herr-glad","status":"publish","type":"page","link":"https:\/\/walhalla.fi\/sv\/verksamhet\/bokbio2\/den-fortrafflige-herr-glad\/","title":{"rendered":"DEN F\u00d6RTR\u00c4FFLIGE HERR GLAD"},"content":{"rendered":"<h1>\u201dDEN F\u00d6RTR\u00c4FFLIGE HERR GLAD\u201d<\/h1>\n<p>19 min<\/p>\n<p>Litter\u00e4r f\u00f6rlaga: &#8221;Den f\u00f6rtr\u00e4fflige herr Glad&#8221; av Malin Kivel\u00e4, illustrerad av Linda Bondestam<\/p>\n<p>Rekommenderas fr\u00e5n 5 \u00e5r<\/p>\n<p>Regi: Kaisa Penttil\u00e4<\/p>\n<p>I det h\u00f6gsta huset i den st\u00f6rsta staden bor herr Glad. Herr Glad \u00e4r alltid glad. Om n\u00e5gon skuffar till honom s\u00e4ger han Urs\u00e4kta!<\/p>\n<p>En dag flyttar v\u00e4rldens suraste fr\u00f6ken, fr\u00f6ken Citron, in i l\u00e4genheten under.<\/p>\n<h2>Filmhandledning<\/h2>\n<p><a href=\"https:\/\/walhalla.fi\/wp-content\/uploads\/2018\/08\/Gladhandledningfinale.pdf\">H\u00e4r kan du ladda ner <\/a>filmhandledningen till Den f\u00f6rtr\u00e4fflige Herr Glad.<\/p>\n<h2>L\u00f6senord<\/h2>\n<p>F\u00f6r att se\/visa filmen beh\u00f6ver du ett l\u00f6senord, som du ska best\u00e4lla av oss.<\/p>\n<p>Best\u00e4ll l\u00f6senord av oss via e-post. Meddela oss n\u00e4r och var du vill visa filmen.<\/p>\n<p>mikaela.westerlund(at)filmcentrum.fi, tel. 040-5486393<\/p>\n<h2>Filmen<\/h2>\n<p>H\u00e4r nedan kan du se\/visa filmen. Skriv in det l\u00f6senord du f\u00e5tt fr\u00e5n oss\u00a0i rutan d\u00e4r det fr\u00e5gas efter &#8221;password&#8221;.<\/p>\n<p>Observera att l\u00f6senordet \u00e4r tidsbundet, s\u00e5 det \u00e4r viktigt att du meddelar oss n\u00e4r du vill se\/visa filmen.<\/p>\n<p>Anv\u00e4nd dig av ikonen l\u00e4ngst ner i h\u00f6gra h\u00f6rnet f\u00f6r att f\u00f6rstora bilden, s\u00e5 att den upptar hela sk\u00e4rmen.<\/p>\n<p>Testa att allt fungerar i god tid innan visningen. Kontakta oss, om du har fr\u00e5gor.<\/p>\n<p><strong><a href=\"https:\/\/vimeo.com\/263845149\" target=\"_blank\" rel=\"noopener noreferrer\">SE FILMEN<\/a><\/strong> (h\u00f6gerklicka och v\u00e4lj &#8221;\u00d6ppna i ny flik&#8221;, f\u00f6r att kunna se filmen i helsk\u00e4rm)<\/p>\n","protected":false},"excerpt":{"rendered":"<p>\u201dDEN F\u00d6RTR\u00c4FFLIGE HERR GLAD\u201d 19 min Litter\u00e4r f\u00f6rlaga: &#8221;Den f\u00f6rtr\u00e4fflige herr Glad&#8221; av Malin Kivel\u00e4, illustrerad av Linda Bondestam Rekommenderas fr\u00e5n 5 \u00e5r Regi: Kaisa Penttil\u00e4 I det h\u00f6gsta huset i den st\u00f6rsta staden bor herr Glad. Herr Glad \u00e4r alltid glad. Om n\u00e5gon skuffar till honom s\u00e4ger han Urs\u00e4kta! En dag flyttar v\u00e4rldens suraste [&hellip;]<\/p>\n","protected":false},"author":4,"featured_media":2405,"parent":776,"menu_order":0,"comment_status":"closed","ping_status":"closed","template":"","meta":[],"acf":[],"yoast_head":"<!-- This site is optimized with the Yoast SEO plugin v20.6 - https:\/\/yoast.com\/wordpress\/plugins\/seo\/ -->\n<title>DEN F\u00d6RTR\u00c4FFLIGE HERR GLAD - Walhalla<\/title>\n<meta name=\"robots\" content=\"index, follow, max-snippet:-1, max-image-preview:large, max-video-preview:-1\" \/>\n<link rel=\"canonical\" href=\"https:\/\/walhalla.fi\/sv\/verksamhet\/bokbio2\/den-fortrafflige-herr-glad\/\" \/>\n<meta property=\"og:locale\" content=\"sv_SE\" \/>\n<meta property=\"og:type\" content=\"article\" \/>\n<meta property=\"og:title\" content=\"DEN F\u00d6RTR\u00c4FFLIGE HERR GLAD - Walhalla\" \/>\n<meta property=\"og:description\" content=\"\u201dDEN F\u00d6RTR\u00c4FFLIGE HERR GLAD\u201d 19 min Litter\u00e4r f\u00f6rlaga: &#8221;Den f\u00f6rtr\u00e4fflige herr Glad&#8221; av Malin Kivel\u00e4, illustrerad av Linda Bondestam Rekommenderas fr\u00e5n 5 \u00e5r Regi: Kaisa Penttil\u00e4 I det h\u00f6gsta huset i den st\u00f6rsta staden bor herr Glad. Herr Glad \u00e4r alltid glad. Om n\u00e5gon skuffar till honom s\u00e4ger han Urs\u00e4kta! En dag flyttar v\u00e4rldens suraste [&hellip;]\" \/>\n<meta property=\"og:url\" content=\"https:\/\/walhalla.fi\/sv\/verksamhet\/bokbio2\/den-fortrafflige-herr-glad\/\" \/>\n<meta property=\"og:site_name\" content=\"Walhalla\" \/>\n<meta property=\"article:modified_time\" content=\"2021-04-08T07:49:35+00:00\" \/>\n<meta property=\"og:image\" content=\"https:\/\/159.223.20.60\/wp-content\/uploads\/2018\/04\/glad4.jpg\" \/>\n\t<meta property=\"og:image:width\" content=\"1500\" \/>\n\t<meta property=\"og:image:height\" content=\"955\" \/>\n\t<meta property=\"og:image:type\" content=\"image\/jpeg\" \/>\n<meta name=\"twitter:card\" content=\"summary_large_image\" \/>\n<meta name=\"twitter:label1\" content=\"Ber\u00e4knad l\u00e4stid\" \/>\n\t<meta name=\"twitter:data1\" content=\"1 minut\" \/>\n<script type=\"application\/ld+json\" class=\"yoast-schema-graph\">{\"@context\":\"https:\/\/schema.org\",\"@graph\":[{\"@type\":\"WebPage\",\"@id\":\"https:\/\/walhalla.fi\/sv\/verksamhet\/bokbio2\/den-fortrafflige-herr-glad\/\",\"url\":\"https:\/\/walhalla.fi\/sv\/verksamhet\/bokbio2\/den-fortrafflige-herr-glad\/\",\"name\":\"DEN F\u00d6RTR\u00c4FFLIGE HERR GLAD - Walhalla\",\"isPartOf\":{\"@id\":\"https:\/\/159.223.20.60\/#website\"},\"datePublished\":\"2018-04-17T09:45:39+00:00\",\"dateModified\":\"2021-04-08T07:49:35+00:00\",\"breadcrumb\":{\"@id\":\"https:\/\/walhalla.fi\/sv\/verksamhet\/bokbio2\/den-fortrafflige-herr-glad\/#breadcrumb\"},\"inLanguage\":\"sv-SE\",\"potentialAction\":[{\"@type\":\"ReadAction\",\"target\":[\"https:\/\/walhalla.fi\/sv\/verksamhet\/bokbio2\/den-fortrafflige-herr-glad\/\"]}]},{\"@type\":\"BreadcrumbList\",\"@id\":\"https:\/\/walhalla.fi\/sv\/verksamhet\/bokbio2\/den-fortrafflige-herr-glad\/#breadcrumb\",\"itemListElement\":[{\"@type\":\"ListItem\",\"position\":1,\"name\":\"Home\",\"item\":\"https:\/\/walhalla.fi\/sv\/hemsida\/\"},{\"@type\":\"ListItem\",\"position\":2,\"name\":\"Verksamhet\",\"item\":\"https:\/\/walhalla.fi\/sv\/verksamhet\/\"},{\"@type\":\"ListItem\",\"position\":3,\"name\":\"Bokbio\",\"item\":\"https:\/\/walhalla.fi\/sv\/verksamhet\/bokbio2\/\"},{\"@type\":\"ListItem\",\"position\":4,\"name\":\"DEN F\u00d6RTR\u00c4FFLIGE HERR GLAD\"}]},{\"@type\":\"WebSite\",\"@id\":\"https:\/\/159.223.20.60\/#website\",\"url\":\"https:\/\/159.223.20.60\/\",\"name\":\"Walhalla\",\"description\":\"Nordisk filmbyr\u00e5\",\"potentialAction\":[{\"@type\":\"SearchAction\",\"target\":{\"@type\":\"EntryPoint\",\"urlTemplate\":\"https:\/\/159.223.20.60\/?s={search_term_string}\"},\"query-input\":\"required name=search_term_string\"}],\"inLanguage\":\"sv-SE\"}]}<\/script>\n<!-- \/ Yoast SEO plugin. -->","yoast_head_json":{"title":"DEN F\u00d6RTR\u00c4FFLIGE HERR GLAD - Walhalla","robots":{"index":"index","follow":"follow","max-snippet":"max-snippet:-1","max-image-preview":"max-image-preview:large","max-video-preview":"max-video-preview:-1"},"canonical":"https:\/\/walhalla.fi\/sv\/verksamhet\/bokbio2\/den-fortrafflige-herr-glad\/","og_locale":"sv_SE","og_type":"article","og_title":"DEN F\u00d6RTR\u00c4FFLIGE HERR GLAD - Walhalla","og_description":"\u201dDEN F\u00d6RTR\u00c4FFLIGE HERR GLAD\u201d 19 min Litter\u00e4r f\u00f6rlaga: &#8221;Den f\u00f6rtr\u00e4fflige herr Glad&#8221; av Malin Kivel\u00e4, illustrerad av Linda Bondestam Rekommenderas fr\u00e5n 5 \u00e5r Regi: Kaisa Penttil\u00e4 I det h\u00f6gsta huset i den st\u00f6rsta staden bor herr Glad. Herr Glad \u00e4r alltid glad. Om n\u00e5gon skuffar till honom s\u00e4ger han Urs\u00e4kta! En dag flyttar v\u00e4rldens suraste [&hellip;]","og_url":"https:\/\/walhalla.fi\/sv\/verksamhet\/bokbio2\/den-fortrafflige-herr-glad\/","og_site_name":"Walhalla","article_modified_time":"2021-04-08T07:49:35+00:00","og_image":[{"width":1500,"height":955,"url":"https:\/\/159.223.20.60\/wp-content\/uploads\/2018\/04\/glad4.jpg","type":"image\/jpeg"}],"twitter_card":"summary_large_image","twitter_misc":{"Ber\u00e4knad l\u00e4stid":"1 minut"},"schema":{"@context":"https:\/\/schema.org","@graph":[{"@type":"WebPage","@id":"https:\/\/walhalla.fi\/sv\/verksamhet\/bokbio2\/den-fortrafflige-herr-glad\/","url":"https:\/\/walhalla.fi\/sv\/verksamhet\/bokbio2\/den-fortrafflige-herr-glad\/","name":"DEN F\u00d6RTR\u00c4FFLIGE HERR GLAD - Walhalla","isPartOf":{"@id":"https:\/\/159.223.20.60\/#website"},"datePublished":"2018-04-17T09:45:39+00:00","dateModified":"2021-04-08T07:49:35+00:00","breadcrumb":{"@id":"https:\/\/walhalla.fi\/sv\/verksamhet\/bokbio2\/den-fortrafflige-herr-glad\/#breadcrumb"},"inLanguage":"sv-SE","potentialAction":[{"@type":"ReadAction","target":["https:\/\/walhalla.fi\/sv\/verksamhet\/bokbio2\/den-fortrafflige-herr-glad\/"]}]},{"@type":"BreadcrumbList","@id":"https:\/\/walhalla.fi\/sv\/verksamhet\/bokbio2\/den-fortrafflige-herr-glad\/#breadcrumb","itemListElement":[{"@type":"ListItem","position":1,"name":"Home","item":"https:\/\/walhalla.fi\/sv\/hemsida\/"},{"@type":"ListItem","position":2,"name":"Verksamhet","item":"https:\/\/walhalla.fi\/sv\/verksamhet\/"},{"@type":"ListItem","position":3,"name":"Bokbio","item":"https:\/\/walhalla.fi\/sv\/verksamhet\/bokbio2\/"},{"@type":"ListItem","position":4,"name":"DEN F\u00d6RTR\u00c4FFLIGE HERR GLAD"}]},{"@type":"WebSite","@id":"https:\/\/159.223.20.60\/#website","url":"https:\/\/159.223.20.60\/","name":"Walhalla","description":"Nordisk filmbyr\u00e5","potentialAction":[{"@type":"SearchAction","target":{"@type":"EntryPoint","urlTemplate":"https:\/\/159.223.20.60\/?s={search_term_string}"},"query-input":"required name=search_term_string"}],"inLanguage":"sv-SE"}]}},"_links":{"self":[{"href":"https:\/\/walhalla.fi\/sv\/wp-json\/wp\/v2\/pages\/2423"}],"collection":[{"href":"https:\/\/walhalla.fi\/sv\/wp-json\/wp\/v2\/pages"}],"about":[{"href":"https:\/\/walhalla.fi\/sv\/wp-json\/wp\/v2\/types\/page"}],"author":[{"embeddable":true,"href":"https:\/\/walhalla.fi\/sv\/wp-json\/wp\/v2\/users\/4"}],"replies":[{"embeddable":true,"href":"https:\/\/walhalla.fi\/sv\/wp-json\/wp\/v2\/comments?post=2423"}],"version-history":[{"count":0,"href":"https:\/\/walhalla.fi\/sv\/wp-json\/wp\/v2\/pages\/2423\/revisions"}],"up":[{"embeddable":true,"href":"https:\/\/walhalla.fi\/sv\/wp-json\/wp\/v2\/pages\/776"}],"wp:featuredmedia":[{"embeddable":true,"href":"https:\/\/walhalla.fi\/sv\/wp-json\/wp\/v2\/media\/2405"}],"wp:attachment":[{"href":"https:\/\/walhalla.fi\/sv\/wp-json\/wp\/v2\/media?parent=2423"}],"curies":[{"name":"wp","href":"https:\/\/api.w.org\/{rel}","templated":true}]}}