{"id":2408,"date":"2018-04-16T14:33:46","date_gmt":"2018-04-16T11:33:46","guid":{"rendered":"https:\/\/walhalla.fi\/?page_id=2408"},"modified":"2021-08-05T13:48:04","modified_gmt":"2021-08-05T10:48:04","slug":"2408-2","status":"publish","type":"page","link":"https:\/\/walhalla.fi\/sv\/verksamhet\/bokbio2\/2408-2\/","title":{"rendered":"Vinga p\u00e5 villov\u00e4gar"},"content":{"rendered":"<h1>\u201dVINGA P\u00c5 VILLOV\u00c4GAR\u201d<\/h1>\n<p>15 min<\/p>\n<p>Litter\u00e4r f\u00f6rlaga: &#8221;Vinga p\u00e5 villov\u00e4gar&#8221; av Gun Jacobson och Lotta Geffenblad, vilka ocks\u00e5 gjort filmen<\/p>\n<p>Familjen Duva flyttar in i ett nytt hus och genast b\u00f6rjar mamma Duva steka pl\u00e4ttar. Vinga skickas till aff\u00e4ren f\u00f6r att k\u00f6pa sylt, men n\u00e4r hon ska \u00e5ka hem cyklar hon vilse.<\/p>\n<h2>Filmhandledning<\/h2>\n<p>H\u00e4r kan du ladda ner filmhandledningen till Vinga p\u00e5 villov\u00e4gar:\u00a0<a href=\"https:\/\/walhalla.fi\/wp-content\/uploads\/2018\/04\/Vinga-p\u00e5-villov\u00e4gar-filmhandledning_BOKBIO.pdf\">Filmhandledning: Vinga p\u00e5 villov\u00e4gar<\/a><\/p>\n<h2>L\u00f6senord<\/h2>\n<p>F\u00f6r att se\/visa filmen beh\u00f6ver du ett l\u00f6senord, som du ska best\u00e4lla av oss.<\/p>\n<p>Best\u00e4ll l\u00f6senord av oss via e-post. Meddela oss n\u00e4r och var du vill visa filmen.<\/p>\n<p>mikaela.westerlund(at)filmcentrum.fi, tel. 040-5486393 (Mikaela)<\/p>\n<h2>Filmen<\/h2>\n<p>H\u00e4r nedan kan du se\/visa filmen. Skriv in det l\u00f6senord du f\u00e5tt fr\u00e5n oss\u00a0i rutan d\u00e4r det fr\u00e5gas efter &#8221;password&#8221;.<\/p>\n<p>Observera att l\u00f6senordet \u00e4r tidsbundet, s\u00e5 det \u00e4r viktigt att du meddelar oss n\u00e4r du vill se\/visa filmen.<\/p>\n<p>Anv\u00e4nd dig av ikonen l\u00e4ngst ner i h\u00f6gra h\u00f6rnet f\u00f6r att f\u00f6rstora bilden, s\u00e5 att den upptar hela sk\u00e4rmen.<\/p>\n<p>Testa att allt fungerar i god tid innan visningen. Kontakta oss, om du har fr\u00e5gor.<\/p>\n<p><a href=\"https:\/\/vimeo.com\/264020574\" target=\"_blank\" rel=\"noopener\">SE P\u00c5 VINGA P\u00c5 VILLOV\u00c4GAR (H\u00f6gerklicka och \u00f6ppna i nytt f\u00f6nster f\u00f6r att kunna f\u00f6rstora bilden)<\/a><\/p>\n<p>Kom ih\u00e5g att be oss om l\u00f6senordet i f\u00f6rv\u00e4g!<\/p>\n","protected":false},"excerpt":{"rendered":"<p>\u201dVINGA P\u00c5 VILLOV\u00c4GAR\u201d 15 min Litter\u00e4r f\u00f6rlaga: &#8221;Vinga p\u00e5 villov\u00e4gar&#8221; av Gun Jacobson och Lotta Geffenblad, vilka ocks\u00e5 gjort filmen Familjen Duva flyttar in i ett nytt hus och genast b\u00f6rjar mamma Duva steka pl\u00e4ttar. Vinga skickas till aff\u00e4ren f\u00f6r att k\u00f6pa sylt, men n\u00e4r hon ska \u00e5ka hem cyklar hon vilse. Filmhandledning H\u00e4r kan [&hellip;]<\/p>\n","protected":false},"author":4,"featured_media":2409,"parent":776,"menu_order":0,"comment_status":"closed","ping_status":"closed","template":"","meta":[],"acf":[],"yoast_head":"<!-- This site is optimized with the Yoast SEO plugin v20.6 - https:\/\/yoast.com\/wordpress\/plugins\/seo\/ -->\n<title>Vinga p\u00e5 villov\u00e4gar - Walhalla<\/title>\n<meta name=\"robots\" content=\"index, follow, max-snippet:-1, max-image-preview:large, max-video-preview:-1\" \/>\n<link rel=\"canonical\" href=\"https:\/\/walhalla.fi\/sv\/verksamhet\/bokbio2\/2408-2\/\" \/>\n<meta property=\"og:locale\" content=\"sv_SE\" \/>\n<meta property=\"og:type\" content=\"article\" \/>\n<meta property=\"og:title\" content=\"Vinga p\u00e5 villov\u00e4gar - Walhalla\" \/>\n<meta property=\"og:description\" content=\"\u201dVINGA P\u00c5 VILLOV\u00c4GAR\u201d 15 min Litter\u00e4r f\u00f6rlaga: &#8221;Vinga p\u00e5 villov\u00e4gar&#8221; av Gun Jacobson och Lotta Geffenblad, vilka ocks\u00e5 gjort filmen Familjen Duva flyttar in i ett nytt hus och genast b\u00f6rjar mamma Duva steka pl\u00e4ttar. Vinga skickas till aff\u00e4ren f\u00f6r att k\u00f6pa sylt, men n\u00e4r hon ska \u00e5ka hem cyklar hon vilse. Filmhandledning H\u00e4r kan [&hellip;]\" \/>\n<meta property=\"og:url\" content=\"https:\/\/walhalla.fi\/sv\/verksamhet\/bokbio2\/2408-2\/\" \/>\n<meta property=\"og:site_name\" content=\"Walhalla\" \/>\n<meta property=\"article:modified_time\" content=\"2021-08-05T10:48:04+00:00\" \/>\n<meta property=\"og:image\" content=\"https:\/\/159.223.20.60\/wp-content\/uploads\/2018\/04\/vingap\u00e5villkov\u00e4gar1.jpg\" \/>\n\t<meta property=\"og:image:width\" content=\"1500\" \/>\n\t<meta property=\"og:image:height\" content=\"844\" \/>\n\t<meta property=\"og:image:type\" content=\"image\/jpeg\" \/>\n<meta name=\"twitter:card\" content=\"summary_large_image\" \/>\n<meta name=\"twitter:label1\" content=\"Ber\u00e4knad l\u00e4stid\" \/>\n\t<meta name=\"twitter:data1\" content=\"1 minut\" \/>\n<script type=\"application\/ld+json\" class=\"yoast-schema-graph\">{\"@context\":\"https:\/\/schema.org\",\"@graph\":[{\"@type\":\"WebPage\",\"@id\":\"https:\/\/walhalla.fi\/sv\/verksamhet\/bokbio2\/2408-2\/\",\"url\":\"https:\/\/walhalla.fi\/sv\/verksamhet\/bokbio2\/2408-2\/\",\"name\":\"Vinga p\u00e5 villov\u00e4gar - Walhalla\",\"isPartOf\":{\"@id\":\"https:\/\/159.223.20.60\/#website\"},\"datePublished\":\"2018-04-16T11:33:46+00:00\",\"dateModified\":\"2021-08-05T10:48:04+00:00\",\"breadcrumb\":{\"@id\":\"https:\/\/walhalla.fi\/sv\/verksamhet\/bokbio2\/2408-2\/#breadcrumb\"},\"inLanguage\":\"sv-SE\",\"potentialAction\":[{\"@type\":\"ReadAction\",\"target\":[\"https:\/\/walhalla.fi\/sv\/verksamhet\/bokbio2\/2408-2\/\"]}]},{\"@type\":\"BreadcrumbList\",\"@id\":\"https:\/\/walhalla.fi\/sv\/verksamhet\/bokbio2\/2408-2\/#breadcrumb\",\"itemListElement\":[{\"@type\":\"ListItem\",\"position\":1,\"name\":\"Home\",\"item\":\"https:\/\/walhalla.fi\/sv\/hemsida\/\"},{\"@type\":\"ListItem\",\"position\":2,\"name\":\"Verksamhet\",\"item\":\"https:\/\/walhalla.fi\/sv\/verksamhet\/\"},{\"@type\":\"ListItem\",\"position\":3,\"name\":\"Bokbio\",\"item\":\"https:\/\/walhalla.fi\/sv\/verksamhet\/bokbio2\/\"},{\"@type\":\"ListItem\",\"position\":4,\"name\":\"Vinga p\u00e5 villov\u00e4gar\"}]},{\"@type\":\"WebSite\",\"@id\":\"https:\/\/159.223.20.60\/#website\",\"url\":\"https:\/\/159.223.20.60\/\",\"name\":\"Walhalla\",\"description\":\"Nordisk filmbyr\u00e5\",\"potentialAction\":[{\"@type\":\"SearchAction\",\"target\":{\"@type\":\"EntryPoint\",\"urlTemplate\":\"https:\/\/159.223.20.60\/?s={search_term_string}\"},\"query-input\":\"required name=search_term_string\"}],\"inLanguage\":\"sv-SE\"}]}<\/script>\n<!-- \/ Yoast SEO plugin. -->","yoast_head_json":{"title":"Vinga p\u00e5 villov\u00e4gar - Walhalla","robots":{"index":"index","follow":"follow","max-snippet":"max-snippet:-1","max-image-preview":"max-image-preview:large","max-video-preview":"max-video-preview:-1"},"canonical":"https:\/\/walhalla.fi\/sv\/verksamhet\/bokbio2\/2408-2\/","og_locale":"sv_SE","og_type":"article","og_title":"Vinga p\u00e5 villov\u00e4gar - Walhalla","og_description":"\u201dVINGA P\u00c5 VILLOV\u00c4GAR\u201d 15 min Litter\u00e4r f\u00f6rlaga: &#8221;Vinga p\u00e5 villov\u00e4gar&#8221; av Gun Jacobson och Lotta Geffenblad, vilka ocks\u00e5 gjort filmen Familjen Duva flyttar in i ett nytt hus och genast b\u00f6rjar mamma Duva steka pl\u00e4ttar. Vinga skickas till aff\u00e4ren f\u00f6r att k\u00f6pa sylt, men n\u00e4r hon ska \u00e5ka hem cyklar hon vilse. Filmhandledning H\u00e4r kan [&hellip;]","og_url":"https:\/\/walhalla.fi\/sv\/verksamhet\/bokbio2\/2408-2\/","og_site_name":"Walhalla","article_modified_time":"2021-08-05T10:48:04+00:00","og_image":[{"width":1500,"height":844,"url":"https:\/\/159.223.20.60\/wp-content\/uploads\/2018\/04\/vingap\u00e5villkov\u00e4gar1.jpg","type":"image\/jpeg"}],"twitter_card":"summary_large_image","twitter_misc":{"Ber\u00e4knad l\u00e4stid":"1 minut"},"schema":{"@context":"https:\/\/schema.org","@graph":[{"@type":"WebPage","@id":"https:\/\/walhalla.fi\/sv\/verksamhet\/bokbio2\/2408-2\/","url":"https:\/\/walhalla.fi\/sv\/verksamhet\/bokbio2\/2408-2\/","name":"Vinga p\u00e5 villov\u00e4gar - Walhalla","isPartOf":{"@id":"https:\/\/159.223.20.60\/#website"},"datePublished":"2018-04-16T11:33:46+00:00","dateModified":"2021-08-05T10:48:04+00:00","breadcrumb":{"@id":"https:\/\/walhalla.fi\/sv\/verksamhet\/bokbio2\/2408-2\/#breadcrumb"},"inLanguage":"sv-SE","potentialAction":[{"@type":"ReadAction","target":["https:\/\/walhalla.fi\/sv\/verksamhet\/bokbio2\/2408-2\/"]}]},{"@type":"BreadcrumbList","@id":"https:\/\/walhalla.fi\/sv\/verksamhet\/bokbio2\/2408-2\/#breadcrumb","itemListElement":[{"@type":"ListItem","position":1,"name":"Home","item":"https:\/\/walhalla.fi\/sv\/hemsida\/"},{"@type":"ListItem","position":2,"name":"Verksamhet","item":"https:\/\/walhalla.fi\/sv\/verksamhet\/"},{"@type":"ListItem","position":3,"name":"Bokbio","item":"https:\/\/walhalla.fi\/sv\/verksamhet\/bokbio2\/"},{"@type":"ListItem","position":4,"name":"Vinga p\u00e5 villov\u00e4gar"}]},{"@type":"WebSite","@id":"https:\/\/159.223.20.60\/#website","url":"https:\/\/159.223.20.60\/","name":"Walhalla","description":"Nordisk filmbyr\u00e5","potentialAction":[{"@type":"SearchAction","target":{"@type":"EntryPoint","urlTemplate":"https:\/\/159.223.20.60\/?s={search_term_string}"},"query-input":"required name=search_term_string"}],"inLanguage":"sv-SE"}]}},"_links":{"self":[{"href":"https:\/\/walhalla.fi\/sv\/wp-json\/wp\/v2\/pages\/2408"}],"collection":[{"href":"https:\/\/walhalla.fi\/sv\/wp-json\/wp\/v2\/pages"}],"about":[{"href":"https:\/\/walhalla.fi\/sv\/wp-json\/wp\/v2\/types\/page"}],"author":[{"embeddable":true,"href":"https:\/\/walhalla.fi\/sv\/wp-json\/wp\/v2\/users\/4"}],"replies":[{"embeddable":true,"href":"https:\/\/walhalla.fi\/sv\/wp-json\/wp\/v2\/comments?post=2408"}],"version-history":[{"count":0,"href":"https:\/\/walhalla.fi\/sv\/wp-json\/wp\/v2\/pages\/2408\/revisions"}],"up":[{"embeddable":true,"href":"https:\/\/walhalla.fi\/sv\/wp-json\/wp\/v2\/pages\/776"}],"wp:featuredmedia":[{"embeddable":true,"href":"https:\/\/walhalla.fi\/sv\/wp-json\/wp\/v2\/media\/2409"}],"wp:attachment":[{"href":"https:\/\/walhalla.fi\/sv\/wp-json\/wp\/v2\/media?parent=2408"}],"curies":[{"name":"wp","href":"https:\/\/api.w.org\/{rel}","templated":true}]}}