{"id":1790,"date":"2017-01-25T15:31:39","date_gmt":"2017-01-25T13:31:39","guid":{"rendered":"https:\/\/walhalla.fi\/?page_id=1790\/"},"modified":"2026-02-04T18:11:31","modified_gmt":"2026-02-04T16:11:31","slug":"program-hosten-2021","status":"publish","type":"page","link":"https:\/\/walhalla.fi\/sv\/verksamhet\/kuukauden\/program-hosten-2021\/","title":{"rendered":"Program"},"content":{"rendered":"<h2>M\u00c5NADENS NORDISKA FILM 2026<\/h2>\n<h3><strong>Program ort f\u00f6r ort<\/strong><\/h3>\n<p><strong>ESBO: Se programmet p\u00e5 www.hanaholmen.fi och boka dina biljetter i tid!<\/strong><\/p>\n<p><b><span data-contrast=\"auto\">Tavastehus <\/span><\/b><span data-ccp-props=\"{&quot;201341983&quot;:0,&quot;335559740&quot;:257}\">\/ H\u00e4meenlinna<\/span><\/p>\n<p><b><span data-contrast=\"auto\">BioRex<\/span><\/b><span data-ccp-props=\"{&quot;201341983&quot;:0,&quot;335559740&quot;:257}\">\u00a0<\/span><\/p>\n<p><span data-contrast=\"none\">ti 3.2. kl 18 ARMAND \/ Vanhempainilta (Halfdann Ullmann T<\/span><span data-contrast=\"none\">\u00f8<\/span><span data-contrast=\"none\">ndel, Norge 2024), 117 min, K12, finsk textning<\/span><\/p>\n<p><span data-contrast=\"none\">ti 3.3. kl 18 DET SIDSTE OFFERET \/ Toinen uhri (Zinnini Elkington, Danmark 2025), 92 min, K12, finsk textning<\/span><\/p>\n<p><span data-contrast=\"none\">ti 7.4. kl 18 SOMMARTIDER (Per Simonsson, Sverige 2024), 101 min, K7, finsk textning<\/span><\/p>\n<p><span data-contrast=\"none\">Biljetter:<\/span><span data-contrast=\"none\"> 13,5 \u20ac via n\u00e4tbutiken eller vid d\u00f6rren 15 min innan visningen<\/span><br \/>\n<a href=\"https:\/\/kinotavast.tapahtumiin.fi\/fi\/\"><span data-contrast=\"none\">https:\/\/kinotavast.tapahtumiin.fi\/fi\/<\/span><\/a><span data-contrast=\"none\">\u00a0 <\/span><br \/>\n<span data-contrast=\"auto\">Skolgrupper kan anm\u00e4la sig: <\/span><a href=\"https:\/\/kinotavast.net\/koululaisnaytokset\/\"><span data-contrast=\"none\">https:\/\/kinotavast.net\/koululaisnaytokset\/<\/span><\/a><span data-ccp-props=\"{&quot;201341983&quot;:0,&quot;335559740&quot;:257}\">\u00a0<\/span><\/p>\n<p>&nbsp;<\/p>\n<p><b><span data-contrast=\"auto\">BJ\u00d6RNEBORG<\/span><\/b><span data-ccp-props=\"{&quot;201341983&quot;:0,&quot;335559740&quot;:257,&quot;469777462&quot;:[1932],&quot;469777927&quot;:[0],&quot;469777928&quot;:[1]}\">\u00a0<\/span><\/p>\n<p><b><span data-contrast=\"auto\">Kulturhuset Fiini\u00a0<\/span><\/b><\/p>\n<p><span data-contrast=\"none\">to 26.2. kl 17 <\/span><span data-contrast=\"auto\">BIRU UNJ\u00c1RGA \/ Fucking Uuniemi (Egil Pedersen, NO\/FI\/SE 2024), 78 min, K\/F12, finsk och svensk textning<\/span><\/p>\n<p><span data-contrast=\"none\">to 26.3. klo 17 <\/span><span data-contrast=\"auto\">VI \u00c4R B\u00c4ST! \/ Me ollaan parhaita (Lukas Moodysson, Sverige 2013),102 min, S\/T,\u00a0 finsk textning<\/span><span data-ccp-props=\"{&quot;335557856&quot;:16777215}\">\u00a0<\/span><\/p>\n<p><span data-contrast=\"none\">to 23.4. klo 17 INGENTING \u00c5 LE AV (Peter <\/span><span data-contrast=\"auto\">N\u00e6ss<\/span><span data-contrast=\"none\">, Norge 2021), 103 min, K\/F12, finsk textning<\/span><\/p>\n<p><span data-contrast=\"none\">to 21.5. klo 17 M\u00d6TE I ROM \/ When in Rome (Niclas Bendixen, Danmark 2024), 98 min, K\/F7, finsk textning<\/span><span data-ccp-props=\"{&quot;335557856&quot;:16777215}\">\u00a0<\/span><\/p>\n<p><span data-contrast=\"auto\">Biljetter: 5 \u20ac <\/span><span data-ccp-props=\"{&quot;201341983&quot;:0,&quot;335559740&quot;:257}\">\u00a0<\/span><\/p>\n<p><span data-contrast=\"auto\">Till\u00e4ggsinfo: kulturhusetfiini.fi\/<\/span><span data-ccp-props=\"{&quot;201341983&quot;:0,&quot;335559740&quot;:257}\">\u00a0<\/span><\/p>\n<p><span data-contrast=\"auto\">Skolgrupper kan anm\u00e4la sig: <\/span><a href=\"mailto:fiini@skib.fi\"><span data-contrast=\"none\">fiini@skib.fi<\/span><\/a><span data-contrast=\"auto\">\u00a0<\/span><span data-ccp-props=\"{&quot;201341983&quot;:0,&quot;335559740&quot;:257}\">\u00a0<\/span><span data-ccp-props=\"{&quot;201341983&quot;:0,&quot;335559740&quot;:257}\"><\/p>\n<p><\/span><\/p>\n<p><b><span data-contrast=\"auto\">LAHTIS <\/span><\/b><span data-ccp-props=\"{&quot;201341983&quot;:0,&quot;335559740&quot;:257}\">\u00a0<\/span><\/p>\n<p><b><span data-contrast=\"auto\">Kino Iiris<\/span><\/b><span data-ccp-props=\"{&quot;201341983&quot;:0,&quot;335559740&quot;:257}\">\u00a0<\/span><\/p>\n<p><span data-contrast=\"auto\">ti 17.2. klo 9.30 KRONPRINSEN OCH TYRANNENS \u00c5TERKOMST (Tord Danielsson, Sverige 2025), 87 min, K\/F7, finsk textning<\/span><\/p>\n<p><span data-contrast=\"auto\">ti 17.3. klo 9.30 HONEY (Natasha Arthy, Danmark 2025), 96 min, K\/F7, finsk textning<\/span><\/p>\n<p><span data-contrast=\"auto\">ti 21.4. klo 9.30 H\u00c5KAN BR\u00c5KAN 003 (Ted Kjellsson, Sverige2025), 94 min, K\/F7,<\/span> finsk textning<\/p>\n<p><span data-contrast=\"none\">Skolvisningarna \u00e4r kostnadsfria!<\/span><span data-ccp-props=\"{&quot;201341983&quot;:0,&quot;335559740&quot;:257}\">\u00a0<\/span><\/p>\n<p><span data-contrast=\"none\">Lis\u00e4tietoa \/ Till\u00e4ggsinfo: <\/span><a href=\"https:\/\/www.kinoiiris.com\"><span data-contrast=\"none\">www.kinoiiris.com<\/span><\/a><span data-ccp-props=\"{&quot;201341983&quot;:0,&quot;335559740&quot;:257}\">\u00a0<\/span><\/p>\n<p><span data-contrast=\"auto\">Koululaisryhm\u00e4t voivat ilmoittautua: <\/span><a href=\"mailto:kinoiiris@kinoiiris.com\"><span data-contrast=\"none\">kinoiiris@kinoiiris.com<\/span><\/a><span data-contrast=\"auto\">\u00a0<\/span><span data-ccp-props=\"{&quot;201341983&quot;:0,&quot;335559740&quot;:257}\">\u00a0<\/span><\/p>\n<p>&nbsp;<\/p>\n<p><b><span data-contrast=\"none\">ULE\u00c5BORG <\/span><\/b><span data-ccp-props=\"{&quot;201341983&quot;:0,&quot;335559740&quot;:257}\">\u00a0<\/span><\/p>\n<p><b><span data-contrast=\"none\">Studio<\/span><\/b><span data-ccp-props=\"{&quot;201341983&quot;:0,&quot;335559740&quot;:257}\">\u00a0<\/span><\/p>\n<p><span data-contrast=\"none\">ti 17.2. klo 16.30 DET ANDRE OFFERET \/ Toinen uhri (Zinnini Elkington, Danmark 2025), 92 min, K12, finsk textning<\/span><br \/>\n<span data-contrast=\"none\">ti 10.3. klo 16.30 WALLS \u2013 AKINNI INUK (<\/span><span data-contrast=\"auto\">Nina Paninnguaq Skydsbjerg &amp; Sofie R\u00f8rdam, Gr\u00f6nland\/Danmark 2025), 75 min, K12, eng.textning<\/span><br \/>\n<span data-contrast=\"none\">ti 14.4. klo 16:30 <\/span><span data-contrast=\"auto\">HONEY (Natasha Arthy, Danmark 2025), 96 min, K\/F7, finsk textning<\/span><\/p>\n<p><span data-contrast=\"auto\">Biljetter: 6 \u20ac <\/span><span data-ccp-props=\"{&quot;201341983&quot;:0,&quot;335559740&quot;:257}\">\u00a0<\/span><\/p>\n<p><span data-contrast=\"auto\">Till\u00e4ggsinfo: <\/span><a href=\"https:\/\/www.oulunelokuvakeskus.fi\"><span data-contrast=\"none\">www.oulunelokuvakeskus.fi<\/span><\/a><span data-contrast=\"auto\">\u00a0<\/span><span data-ccp-props=\"{&quot;201341983&quot;:0,&quot;335559740&quot;:257}\">\u00a0<\/span><\/p>\n<p>Skolgrupper kan anm\u00e4la sig<span data-contrast=\"auto\">: <\/span><a href=\"mailto:sauli.pesonen@oufilmcenter.fi\"><span data-contrast=\"none\">sauli.pesonen@oufilmcenter.fi<\/span><\/a><span data-ccp-props=\"{&quot;134233117&quot;:false,&quot;134233118&quot;:false,&quot;201341983&quot;:0,&quot;335559738&quot;:0,&quot;335559739&quot;:0,&quot;335559740&quot;:276}\">\u00a0<\/span><\/p>\n<p>&nbsp;<\/p>\n<p><b><span data-contrast=\"none\">TAMMERFORS <\/span><\/b><span data-ccp-props=\"{&quot;201341983&quot;:0,&quot;335559740&quot;:257}\">\u00a0<\/span><\/p>\n<p><b><span data-contrast=\"none\">Arthouse Cinema Niagara<\/span><\/b><\/p>\n<p><span data-contrast=\"none\">to 12.2. kl 16.45 WALLS \u2013 AKINNI INUK (<\/span><span data-contrast=\"auto\">Nina Paninnguaq Skydsbjerg &amp; Sofie R\u00f8rdam, Gr\u00f6nland\/Danmark 2025), 75 min, K12, eng.textning<\/span><span data-ccp-props=\"{&quot;201341983&quot;:0,&quot;335559740&quot;:257}\">\u00a0<\/span><\/p>\n<p><span data-contrast=\"none\">to 19.3. kl 16.45 <\/span><span data-contrast=\"auto\">HONEY (Natasha Arthy, Danmark 2025), 96 min, K\/F7, finsk textning<\/span><\/p>\n<p><span data-contrast=\"none\">to 23.4. kl 16.45 THE LAST PARADISE ON EARTH (Sakaris St\u00f3r\u00e1, F\u00e4r\u00f6arna 2025), 87 min, K\/F7, eng.textning<\/span><\/p>\n<p><span data-contrast=\"none\">To 7.5. kl 9:00 gratis skolvisning! H\u00c5KAN BR\u00c5KAN 003 (Ted Kjellsson, Sverige 2025), 94 min, K\/F7, finsk textning<\/span><span data-ccp-props=\"{&quot;201341983&quot;:0,&quot;335559740&quot;:257}\">\u00a0<\/span><\/p>\n<p><span data-contrast=\"auto\">Biljetter: 8 \u20ac<\/span><span data-ccp-props=\"{}\">\u00a0<\/span><\/p>\n<p><span data-contrast=\"auto\">Till\u00e4ggsinfo: <\/span><a href=\"https:\/\/www.arthousecinemaniagara.fi\"><span data-contrast=\"none\">www.arthousecinemaniagara.fi<\/span><\/a><span data-contrast=\"auto\">\u00a0\u00a0<\/span><span data-ccp-props=\"{}\">\u00a0<\/span><\/p>\n<p>Skolor kan anm\u00e4la sig p\u00e5<span data-contrast=\"auto\">: <\/span><a href=\"mailto:pek@elokuvakeskus.fi\"><span data-contrast=\"none\">pek@elokuvakeskus.fi<\/span><\/a><span data-ccp-props=\"{&quot;134233117&quot;:false,&quot;134233118&quot;:false,&quot;201341983&quot;:0,&quot;335559738&quot;:0,&quot;335559739&quot;:0,&quot;335559740&quot;:276}\">\u00a0<\/span><\/p>\n<p><span data-ccp-props=\"{&quot;201341983&quot;:0,&quot;335559740&quot;:257}\">\u00a0<\/span><\/p>\n<p><b><span data-contrast=\"none\">TORNIOHAPARANDA\u00a0<\/span><\/b><span data-ccp-props=\"{&quot;201341983&quot;:0,&quot;335559740&quot;:257}\">\u00a0<\/span><\/p>\n<p><b><span data-contrast=\"none\">Aineen taidemuseo<\/span><\/b><span data-ccp-props=\"{&quot;201341983&quot;:0,&quot;335559740&quot;:257}\">\u00a0<\/span><\/p>\n<p><span data-contrast=\"auto\">ons 11.2. klo 17 VI \u00c4R B\u00c4ST! \/ Me ollaan parhaita (Lukas Moodysson, Sverige 2013),102 min, S\/T,\u00a0 finsk textning<\/span><\/p>\n<p><span data-contrast=\"none\">ons 11.3. klo 17 <\/span><span data-contrast=\"auto\">HONEY (Natasha Arthy, Danmark 2025), 96 min, K\/F7, finsk textning<\/span><span data-ccp-props=\"{&quot;335557856&quot;:16777215}\">\u00a0<\/span><\/p>\n<p><span data-contrast=\"none\">ons 8.4. klo 17 INGENTING \u00c5 LE AV (Peter <\/span><span data-contrast=\"auto\">N\u00e6ss<\/span><span data-contrast=\"none\">, Norge 2021), 103 min, K\/F12, finsk textning<\/span><\/p>\n<p><span data-contrast=\"none\">Filmerna visas kl 16 svensk tid<\/span><span data-ccp-props=\"{&quot;201341983&quot;:0,&quot;335559740&quot;:257}\">\u00a0<\/span><\/p>\n<p><span data-contrast=\"auto\">Filmerna \u00e4r textade till finska<\/span><span data-contrast=\"auto\">.<\/span><span data-ccp-props=\"{}\">\u00a0<\/span><\/p>\n<p><span data-contrast=\"auto\">Fritt intr\u00e4de! Skolor beh\u00f6ver ej anm\u00e4la sig.\u00a0<\/span><\/p>\n<p>&nbsp;<\/p>\n<p><b><span data-contrast=\"auto\">\u00c5bo<\/span><\/b><span data-ccp-props=\"{&quot;201341983&quot;:0,&quot;335559740&quot;:257}\">\u00a0<\/span><\/p>\n<p><b><span data-contrast=\"auto\">Taiteen talo \u2013 Kino Kilta\u00a0<\/span><\/b><span data-ccp-props=\"{&quot;201341983&quot;:0,&quot;335559740&quot;:257}\">\u00a0<\/span><\/p>\n<p><span data-contrast=\"none\">ti 10.2. kl 17<\/span><span data-contrast=\"auto\"> BIRU UNJ\u00c1RGA (Egil Pedersen, NO\/FI\/SE 2025), 78 min, K\/F12, textning p\u00e5 finska och svenska<\/span><span data-ccp-props=\"{&quot;201341983&quot;:0,&quot;335559740&quot;:257}\">\u00a0<\/span><\/p>\n<p><span data-contrast=\"none\">ke 11.3. kl 17 WALLS \u2013 AKINNI INUK (<\/span><span data-contrast=\"auto\">Nina Paninnguaq Skydsbjerg &amp; Sofie R\u00f8rdam, Gr\u00f6nland\/Danmark 2025), 75 min, K12, eng.textning<\/span><span data-ccp-props=\"{&quot;335557856&quot;:16777215}\">\u00a0<\/span><\/p>\n<p><span data-contrast=\"auto\">ke 15.4. kl 17 HONEY (Natasha Arthy, Danmark 2025), 96 min, K\/F7, finsk textning<\/span><\/p>\n<p><span data-contrast=\"none\">Biljetter: 6 \u20ac<\/span><span data-ccp-props=\"{&quot;201341983&quot;:0,&quot;335559740&quot;:257}\">\u00a0<\/span><br \/>\n<span data-ccp-props=\"{&quot;201341983&quot;:0,&quot;335559740&quot;:257}\">Koululaisryhm\u00e4t<\/span><span data-contrast=\"auto\">: <\/span><a href=\"mailto:emma@vselokuvakeskus.fi\"><span data-contrast=\"none\">emma@vselokuvakeskus.fi<\/span><\/a><span data-ccp-props=\"{&quot;134233117&quot;:false,&quot;134233118&quot;:false,&quot;201341983&quot;:0,&quot;335559738&quot;:0,&quot;335559739&quot;:0,&quot;335559740&quot;:276}\">\u00a0<\/span><\/p>\n<p>&nbsp;<\/p>\n<p><b><span data-contrast=\"none\">VASA \/ VAASA\u00a0<\/span><\/b><span data-ccp-props=\"{&quot;201341983&quot;:0,&quot;335559740&quot;:257}\">\u00a0<\/span><\/p>\n<p><b><span data-contrast=\"none\">Kino Ritz<\/span><\/b><span data-ccp-props=\"{&quot;201341983&quot;:0,&quot;335559740&quot;:257}\">\u00a0<\/span><\/p>\n<p><span data-contrast=\"auto\">ons 4.2. kl.9.30 <\/span><span data-contrast=\"auto\">KRONPRINSEN OCH TYRANNENS \u00c5TERKOMST (Tord Danielsson, Sverige 2025), 87 min, K\/F7, finsk textning<\/span><\/p>\n<p><span data-contrast=\"none\">ons 4.3. kl.16.15 WALLS \u2013 AKINNI INUK (<\/span><span data-contrast=\"auto\">Nina Paninnguaq Skydsbjerg &amp; Sofie R\u00f8rdam, Gr\u00f6nland\/Danmark 2025), 75 min, K12, eng.textning<\/span><\/p>\n<p><span data-contrast=\"none\">ons 1.4. kl 16.15 DET ANDRE OFFERET \/ Toinen uhri (Zinnini Elkington, Danmark 2025), 92 min, K12, finsk textning<\/span><\/p>\n<p><span data-contrast=\"auto\">ons 6.5. kl.16.15 HONEY (Natasha Arthy, Danmark 2025), 96 min, K\/F7, finsk textning<\/span><\/p>\n<p><span data-contrast=\"auto\">Fritt intr\u00e4de \/ Vapaa p\u00e4\u00e4sy\u00a0<\/span><span data-ccp-props=\"{&quot;201341983&quot;:0,&quot;335559740&quot;:257}\">\u00a0<\/span><\/p>\n<p><span data-contrast=\"auto\">Till\u00e4ggsinfo: <\/span><a href=\"https:\/\/www.ritz.fi\"><span data-contrast=\"none\">www.ritz.fi<\/span><\/a><span data-contrast=\"auto\">\u00a0\u00a0\u00a0<\/span><span data-ccp-props=\"{&quot;201341983&quot;:0,&quot;335559740&quot;:257}\">\u00a0<\/span><\/p>\n<p><span data-contrast=\"auto\">Plats: Ritz, Kyrkoesplanaden 22, Vasa <\/span><span data-ccp-props=\"{&quot;201341983&quot;:0,&quot;335559740&quot;:257}\">\u00a0<\/span><\/p>\n<p><span data-contrast=\"auto\">Skolgrupper kan boka sig p\u00e5: <\/span><a href=\"http:\/\/ritz.fi\/kino\/\"><span data-contrast=\"none\">http:\/\/ritz.fi\/kino\/<\/span><\/a><span data-ccp-props=\"{&quot;201341983&quot;:0,&quot;335559740&quot;:257}\">\u00a0<\/span><\/p>\n<p>&nbsp;<\/p>\n<p><b><span data-contrast=\"none\">JOENSUU <\/span><\/b><\/p>\n<p><b><span data-contrast=\"auto\">Elokuvateatterikeskus Tapio<\/span><\/b><span data-ccp-props=\"{&quot;201341983&quot;:0,&quot;335559740&quot;:257}\">\u00a0<\/span><\/p>\n<p><span data-contrast=\"none\">ti 10.2. kl 16.30 SENTIMENTAL VALUE (Joachim Trier, Norge 2025), 133 min, K\/F12, finsk textning<\/span><\/p>\n<p><span data-contrast=\"none\">ti 10.3. kl 16.30 DET ANDRE OFFERET \/ Toinen uhri (Zinnini Elkington, Danmark 2025), 92 min, K\/F12, finsk textning<\/span><\/p>\n<p><span data-contrast=\"none\">ti 14.4. kl 16.30 <\/span><span data-contrast=\"none\">THE LAST PARADISE ON EARTH (Sakaris St\u00f3r\u00e1, F\u00e4r\u00f6arna 2025), 87 min, K\/F7, eng.textning<\/span><\/p>\n<p><span data-contrast=\"auto\">ti 5.5. kl 16.30 HONEY (Natasha Arthy, Danmark 2025), 96 min, K\/F7, finsk textnin<\/span><\/p>\n<p><span data-contrast=\"none\">Biljetter: 6 \u20ac \/ Elokuvahommia Joensuussa -etukortilla 4 \u20ac, <\/span><a href=\"https:\/\/www.savonkinot.fi\"><span data-contrast=\"none\">www.savonkinot.fi<\/span><\/a><span data-ccp-props=\"{&quot;201341983&quot;:0,&quot;335559740&quot;:257}\">\u00a0<\/span><\/p>\n<p>&nbsp;<\/p>\n","protected":false},"excerpt":{"rendered":"<p>M\u00c5NADENS NORDISKA FILM 2026 Program ort f\u00f6r ort ESBO: Se programmet p\u00e5 www.hanaholmen.fi och boka dina biljetter i tid! Tavastehus \/ H\u00e4meenlinna BioRex\u00a0 ti 3.2. kl 18 ARMAND \/ Vanhempainilta (Halfdann Ullmann T\u00f8ndel, Norge 2024), 117 min, K12, finsk textning ti 3.3. kl 18 DET SIDSTE OFFERET \/ Toinen uhri (Zinnini Elkington, Danmark 2025), 92 [&hellip;]<\/p>\n","protected":false},"author":4,"featured_media":0,"parent":930,"menu_order":1,"comment_status":"closed","ping_status":"closed","template":"","meta":[],"acf":[],"yoast_head":"<!-- This site is optimized with the Yoast SEO plugin v20.6 - https:\/\/yoast.com\/wordpress\/plugins\/seo\/ -->\n<title>Program - Walhalla<\/title>\n<meta name=\"robots\" content=\"index, follow, max-snippet:-1, max-image-preview:large, max-video-preview:-1\" \/>\n<link rel=\"canonical\" href=\"https:\/\/walhalla.fi\/sv\/verksamhet\/kuukauden\/program-hosten-2021\/\" \/>\n<meta property=\"og:locale\" content=\"sv_SE\" \/>\n<meta property=\"og:type\" content=\"article\" \/>\n<meta property=\"og:title\" content=\"Program - Walhalla\" \/>\n<meta property=\"og:description\" content=\"M\u00c5NADENS NORDISKA FILM 2026 Program ort f\u00f6r ort ESBO: Se programmet p\u00e5 www.hanaholmen.fi och boka dina biljetter i tid! Tavastehus \/ H\u00e4meenlinna BioRex\u00a0 ti 3.2. kl 18 ARMAND \/ Vanhempainilta (Halfdann Ullmann T\u00f8ndel, Norge 2024), 117 min, K12, finsk textning ti 3.3. kl 18 DET SIDSTE OFFERET \/ Toinen uhri (Zinnini Elkington, Danmark 2025), 92 [&hellip;]\" \/>\n<meta property=\"og:url\" content=\"https:\/\/walhalla.fi\/sv\/verksamhet\/kuukauden\/program-hosten-2021\/\" \/>\n<meta property=\"og:site_name\" content=\"Walhalla\" \/>\n<meta property=\"article:modified_time\" content=\"2026-02-04T16:11:31+00:00\" \/>\n<meta name=\"twitter:card\" content=\"summary_large_image\" \/>\n<meta name=\"twitter:label1\" content=\"Ber\u00e4knad l\u00e4stid\" \/>\n\t<meta name=\"twitter:data1\" content=\"5 minuter\" \/>\n<script type=\"application\/ld+json\" class=\"yoast-schema-graph\">{\"@context\":\"https:\/\/schema.org\",\"@graph\":[{\"@type\":\"WebPage\",\"@id\":\"https:\/\/walhalla.fi\/sv\/verksamhet\/kuukauden\/program-hosten-2021\/\",\"url\":\"https:\/\/walhalla.fi\/sv\/verksamhet\/kuukauden\/program-hosten-2021\/\",\"name\":\"Program - Walhalla\",\"isPartOf\":{\"@id\":\"https:\/\/159.223.20.60\/#website\"},\"datePublished\":\"2017-01-25T13:31:39+00:00\",\"dateModified\":\"2026-02-04T16:11:31+00:00\",\"breadcrumb\":{\"@id\":\"https:\/\/walhalla.fi\/sv\/verksamhet\/kuukauden\/program-hosten-2021\/#breadcrumb\"},\"inLanguage\":\"sv-SE\",\"potentialAction\":[{\"@type\":\"ReadAction\",\"target\":[\"https:\/\/walhalla.fi\/sv\/verksamhet\/kuukauden\/program-hosten-2021\/\"]}]},{\"@type\":\"BreadcrumbList\",\"@id\":\"https:\/\/walhalla.fi\/sv\/verksamhet\/kuukauden\/program-hosten-2021\/#breadcrumb\",\"itemListElement\":[{\"@type\":\"ListItem\",\"position\":1,\"name\":\"Home\",\"item\":\"https:\/\/walhalla.fi\/sv\/hemsida\/\"},{\"@type\":\"ListItem\",\"position\":2,\"name\":\"Verksamhet\",\"item\":\"https:\/\/walhalla.fi\/sv\/verksamhet\/\"},{\"@type\":\"ListItem\",\"position\":3,\"name\":\"M\u00e5nadens nordiska film\",\"item\":\"https:\/\/walhalla.fi\/sv\/verksamhet\/kuukauden\/\"},{\"@type\":\"ListItem\",\"position\":4,\"name\":\"Program\"}]},{\"@type\":\"WebSite\",\"@id\":\"https:\/\/159.223.20.60\/#website\",\"url\":\"https:\/\/159.223.20.60\/\",\"name\":\"Walhalla\",\"description\":\"Nordisk filmbyr\u00e5\",\"potentialAction\":[{\"@type\":\"SearchAction\",\"target\":{\"@type\":\"EntryPoint\",\"urlTemplate\":\"https:\/\/159.223.20.60\/?s={search_term_string}\"},\"query-input\":\"required name=search_term_string\"}],\"inLanguage\":\"sv-SE\"}]}<\/script>\n<!-- \/ Yoast SEO plugin. -->","yoast_head_json":{"title":"Program - Walhalla","robots":{"index":"index","follow":"follow","max-snippet":"max-snippet:-1","max-image-preview":"max-image-preview:large","max-video-preview":"max-video-preview:-1"},"canonical":"https:\/\/walhalla.fi\/sv\/verksamhet\/kuukauden\/program-hosten-2021\/","og_locale":"sv_SE","og_type":"article","og_title":"Program - Walhalla","og_description":"M\u00c5NADENS NORDISKA FILM 2026 Program ort f\u00f6r ort ESBO: Se programmet p\u00e5 www.hanaholmen.fi och boka dina biljetter i tid! Tavastehus \/ H\u00e4meenlinna BioRex\u00a0 ti 3.2. kl 18 ARMAND \/ Vanhempainilta (Halfdann Ullmann T\u00f8ndel, Norge 2024), 117 min, K12, finsk textning ti 3.3. kl 18 DET SIDSTE OFFERET \/ Toinen uhri (Zinnini Elkington, Danmark 2025), 92 [&hellip;]","og_url":"https:\/\/walhalla.fi\/sv\/verksamhet\/kuukauden\/program-hosten-2021\/","og_site_name":"Walhalla","article_modified_time":"2026-02-04T16:11:31+00:00","twitter_card":"summary_large_image","twitter_misc":{"Ber\u00e4knad l\u00e4stid":"5 minuter"},"schema":{"@context":"https:\/\/schema.org","@graph":[{"@type":"WebPage","@id":"https:\/\/walhalla.fi\/sv\/verksamhet\/kuukauden\/program-hosten-2021\/","url":"https:\/\/walhalla.fi\/sv\/verksamhet\/kuukauden\/program-hosten-2021\/","name":"Program - Walhalla","isPartOf":{"@id":"https:\/\/159.223.20.60\/#website"},"datePublished":"2017-01-25T13:31:39+00:00","dateModified":"2026-02-04T16:11:31+00:00","breadcrumb":{"@id":"https:\/\/walhalla.fi\/sv\/verksamhet\/kuukauden\/program-hosten-2021\/#breadcrumb"},"inLanguage":"sv-SE","potentialAction":[{"@type":"ReadAction","target":["https:\/\/walhalla.fi\/sv\/verksamhet\/kuukauden\/program-hosten-2021\/"]}]},{"@type":"BreadcrumbList","@id":"https:\/\/walhalla.fi\/sv\/verksamhet\/kuukauden\/program-hosten-2021\/#breadcrumb","itemListElement":[{"@type":"ListItem","position":1,"name":"Home","item":"https:\/\/walhalla.fi\/sv\/hemsida\/"},{"@type":"ListItem","position":2,"name":"Verksamhet","item":"https:\/\/walhalla.fi\/sv\/verksamhet\/"},{"@type":"ListItem","position":3,"name":"M\u00e5nadens nordiska film","item":"https:\/\/walhalla.fi\/sv\/verksamhet\/kuukauden\/"},{"@type":"ListItem","position":4,"name":"Program"}]},{"@type":"WebSite","@id":"https:\/\/159.223.20.60\/#website","url":"https:\/\/159.223.20.60\/","name":"Walhalla","description":"Nordisk filmbyr\u00e5","potentialAction":[{"@type":"SearchAction","target":{"@type":"EntryPoint","urlTemplate":"https:\/\/159.223.20.60\/?s={search_term_string}"},"query-input":"required name=search_term_string"}],"inLanguage":"sv-SE"}]}},"_links":{"self":[{"href":"https:\/\/walhalla.fi\/sv\/wp-json\/wp\/v2\/pages\/1790"}],"collection":[{"href":"https:\/\/walhalla.fi\/sv\/wp-json\/wp\/v2\/pages"}],"about":[{"href":"https:\/\/walhalla.fi\/sv\/wp-json\/wp\/v2\/types\/page"}],"author":[{"embeddable":true,"href":"https:\/\/walhalla.fi\/sv\/wp-json\/wp\/v2\/users\/4"}],"replies":[{"embeddable":true,"href":"https:\/\/walhalla.fi\/sv\/wp-json\/wp\/v2\/comments?post=1790"}],"version-history":[{"count":3,"href":"https:\/\/walhalla.fi\/sv\/wp-json\/wp\/v2\/pages\/1790\/revisions"}],"predecessor-version":[{"id":5059,"href":"https:\/\/walhalla.fi\/sv\/wp-json\/wp\/v2\/pages\/1790\/revisions\/5059"}],"up":[{"embeddable":true,"href":"https:\/\/walhalla.fi\/sv\/wp-json\/wp\/v2\/pages\/930"}],"wp:attachment":[{"href":"https:\/\/walhalla.fi\/sv\/wp-json\/wp\/v2\/media?parent=1790"}],"curies":[{"name":"wp","href":"https:\/\/api.w.org\/{rel}","templated":true}]}}