{"id":1295,"date":"2016-06-15T13:24:35","date_gmt":"2016-06-15T10:24:35","guid":{"rendered":"https:\/\/walhalla.fi\/sv\/?page_id=1295"},"modified":"2021-08-05T13:45:16","modified_gmt":"2021-08-05T10:45:16","slug":"prick-och-flack-snoar-in","status":"publish","type":"page","link":"https:\/\/walhalla.fi\/sv\/verksamhet\/bokbio2\/prick-och-flack-snoar-in\/","title":{"rendered":"Prick och Fl\u00e4ck sn\u00f6ar in"},"content":{"rendered":"\n<style type=\"text\/css\" data-created_by=\"avia_inline_auto\" id=\"style-css-av-av_three_fifth-9497bbf8bff73ea4c6992cc17fa9ec36\">\n.flex_column.av-av_three_fifth-9497bbf8bff73ea4c6992cc17fa9ec36{\nborder-radius:0px 0px 0px 0px;\n-webkit-border-radius:0px 0px 0px 0px;\n-moz-border-radius:0px 0px 0px 0px;\n}\n<\/style>\n<div class='flex_column av-av_three_fifth-9497bbf8bff73ea4c6992cc17fa9ec36 av_three_fifth  avia-builder-el-0  el_before_av_two_fifth  avia-builder-el-first  first flex_column_div av-zero-column-padding '   ><section  class='av_textblock_section av-kryslnhu-75b01de1ff2d370852c05c9ffd32535b'  itemscope=\"itemscope\" itemtype=\"https:\/\/schema.org\/CreativeWork\" ><div class='avia_textblock'  itemprop=\"text\" ><h2>Prick och Fl\u00e4ck sn\u00f6ar in<\/h2>\n<p>Vita prickar singlar ner utanf\u00f6r Prick och Fl\u00e4cks f\u00f6nster. Prick och Fl\u00e4ck g\u00e5r ut f\u00f6r att leka. Pl\u00f6tsligt b\u00f6rjar det sn\u00f6a sm\u00e5 vassa flingor p\u00e5 tv\u00e4ren och bl\u00e5sa h\u00e5rt. Sn\u00f6n fastnar \u00f6ver hela kroppen, inte en enda prick syns p\u00e5 Prick och var \u00e4r Fl\u00e4ck, var \u00e4r huset? En film av Lotta och Uzi Geffenblad. L\u00e4ngd: 7 min<\/p>\n<p><a href=\"https:\/\/walhalla.fi\/wp-content\/uploads\/2018\/04\/Prick-och-Fl\u00e4ck-sn\u00f6ar-in-filmhandledning_BOKBIO.pdf\">Prick och Fl\u00e4ck sn\u00f6ar in filmhandledning_BOKBIO<\/a><\/p>\n<p>Kontakta mikaela.westerlund(at)filmcentrum.fi f\u00f6r att best\u00e4lla l\u00e4nk och l\u00f6senord till filmen.<\/p>\n<\/div><\/section><\/div>\n<style type=\"text\/css\" data-created_by=\"avia_inline_auto\" id=\"style-css-av-av_two_fifth-9c1d454dc06f7247226bc4e8f931daae\">\n.flex_column.av-av_two_fifth-9c1d454dc06f7247226bc4e8f931daae{\nborder-radius:0px 0px 0px 0px;\n-webkit-border-radius:0px 0px 0px 0px;\n-moz-border-radius:0px 0px 0px 0px;\n}\n<\/style>\n<div class='flex_column av-av_two_fifth-9c1d454dc06f7247226bc4e8f931daae av_two_fifth  avia-builder-el-2  el_after_av_three_fifth  avia-builder-el-last  flex_column_div av-zero-column-padding '   ><style type=\"text\/css\" data-created_by=\"avia_inline_auto\" id=\"style-css-av-av_image-6156890af04dc89572d7fb6e462986f6\">\n.avia-image-container.av-av_image-6156890af04dc89572d7fb6e462986f6 .av-image-caption-overlay-center{\ncolor:#ffffff;\n}\n<\/style>\n<div  class='avia-image-container av-av_image-6156890af04dc89572d7fb6e462986f6 av-styling-no-styling avia-align-center  avia-builder-el-3  avia-builder-el-no-sibling '  itemprop=\"image\" itemscope=\"itemscope\" itemtype=\"https:\/\/schema.org\/ImageObject\" ><div class=\"avia-image-container-inner\"><div class=\"avia-image-overlay-wrap\"><img decoding=\"async\" class='wp-image-3853 avia-img-lazy-loading-not-3853 avia_image' src=\"https:\/\/walhalla.fi\/wp-content\/uploads\/2016\/06\/prick.png\" alt='' title='prick'  height=\"221\" width=\"234\"  itemprop=\"thumbnailUrl\"  \/><\/div><\/div><\/div><\/div><\/p>\n","protected":false},"excerpt":{"rendered":"","protected":false},"author":4,"featured_media":0,"parent":776,"menu_order":0,"comment_status":"closed","ping_status":"closed","template":"","meta":[],"acf":[],"yoast_head":"<!-- This site is optimized with the Yoast SEO plugin v20.6 - https:\/\/yoast.com\/wordpress\/plugins\/seo\/ -->\n<title>Prick och Fl\u00e4ck sn\u00f6ar in - Walhalla<\/title>\n<meta name=\"robots\" content=\"index, follow, max-snippet:-1, max-image-preview:large, max-video-preview:-1\" \/>\n<link rel=\"canonical\" href=\"https:\/\/walhalla.fi\/sv\/verksamhet\/bokbio2\/prick-och-flack-snoar-in\/\" \/>\n<meta property=\"og:locale\" content=\"sv_SE\" \/>\n<meta property=\"og:type\" content=\"article\" \/>\n<meta property=\"og:title\" content=\"Prick och Fl\u00e4ck sn\u00f6ar in - Walhalla\" \/>\n<meta property=\"og:url\" content=\"https:\/\/walhalla.fi\/sv\/verksamhet\/bokbio2\/prick-och-flack-snoar-in\/\" \/>\n<meta property=\"og:site_name\" content=\"Walhalla\" \/>\n<meta property=\"article:modified_time\" content=\"2021-08-05T10:45:16+00:00\" \/>\n<meta name=\"twitter:card\" content=\"summary_large_image\" \/>\n<meta name=\"twitter:label1\" content=\"Ber\u00e4knad l\u00e4stid\" \/>\n\t<meta name=\"twitter:data1\" content=\"1 minut\" \/>\n<script type=\"application\/ld+json\" class=\"yoast-schema-graph\">{\"@context\":\"https:\/\/schema.org\",\"@graph\":[{\"@type\":\"WebPage\",\"@id\":\"https:\/\/walhalla.fi\/sv\/verksamhet\/bokbio2\/prick-och-flack-snoar-in\/\",\"url\":\"https:\/\/walhalla.fi\/sv\/verksamhet\/bokbio2\/prick-och-flack-snoar-in\/\",\"name\":\"Prick och Fl\u00e4ck sn\u00f6ar in - Walhalla\",\"isPartOf\":{\"@id\":\"https:\/\/159.223.20.60\/#website\"},\"datePublished\":\"2016-06-15T10:24:35+00:00\",\"dateModified\":\"2021-08-05T10:45:16+00:00\",\"breadcrumb\":{\"@id\":\"https:\/\/walhalla.fi\/sv\/verksamhet\/bokbio2\/prick-och-flack-snoar-in\/#breadcrumb\"},\"inLanguage\":\"sv-SE\",\"potentialAction\":[{\"@type\":\"ReadAction\",\"target\":[\"https:\/\/walhalla.fi\/sv\/verksamhet\/bokbio2\/prick-och-flack-snoar-in\/\"]}]},{\"@type\":\"BreadcrumbList\",\"@id\":\"https:\/\/walhalla.fi\/sv\/verksamhet\/bokbio2\/prick-och-flack-snoar-in\/#breadcrumb\",\"itemListElement\":[{\"@type\":\"ListItem\",\"position\":1,\"name\":\"Home\",\"item\":\"https:\/\/walhalla.fi\/sv\/hemsida\/\"},{\"@type\":\"ListItem\",\"position\":2,\"name\":\"Verksamhet\",\"item\":\"https:\/\/walhalla.fi\/sv\/verksamhet\/\"},{\"@type\":\"ListItem\",\"position\":3,\"name\":\"Bokbio\",\"item\":\"https:\/\/walhalla.fi\/sv\/verksamhet\/bokbio2\/\"},{\"@type\":\"ListItem\",\"position\":4,\"name\":\"Prick och Fl\u00e4ck sn\u00f6ar in\"}]},{\"@type\":\"WebSite\",\"@id\":\"https:\/\/159.223.20.60\/#website\",\"url\":\"https:\/\/159.223.20.60\/\",\"name\":\"Walhalla\",\"description\":\"Nordisk filmbyr\u00e5\",\"potentialAction\":[{\"@type\":\"SearchAction\",\"target\":{\"@type\":\"EntryPoint\",\"urlTemplate\":\"https:\/\/159.223.20.60\/?s={search_term_string}\"},\"query-input\":\"required name=search_term_string\"}],\"inLanguage\":\"sv-SE\"}]}<\/script>\n<!-- \/ Yoast SEO plugin. -->","yoast_head_json":{"title":"Prick och Fl\u00e4ck sn\u00f6ar in - Walhalla","robots":{"index":"index","follow":"follow","max-snippet":"max-snippet:-1","max-image-preview":"max-image-preview:large","max-video-preview":"max-video-preview:-1"},"canonical":"https:\/\/walhalla.fi\/sv\/verksamhet\/bokbio2\/prick-och-flack-snoar-in\/","og_locale":"sv_SE","og_type":"article","og_title":"Prick och Fl\u00e4ck sn\u00f6ar in - Walhalla","og_url":"https:\/\/walhalla.fi\/sv\/verksamhet\/bokbio2\/prick-och-flack-snoar-in\/","og_site_name":"Walhalla","article_modified_time":"2021-08-05T10:45:16+00:00","twitter_card":"summary_large_image","twitter_misc":{"Ber\u00e4knad l\u00e4stid":"1 minut"},"schema":{"@context":"https:\/\/schema.org","@graph":[{"@type":"WebPage","@id":"https:\/\/walhalla.fi\/sv\/verksamhet\/bokbio2\/prick-och-flack-snoar-in\/","url":"https:\/\/walhalla.fi\/sv\/verksamhet\/bokbio2\/prick-och-flack-snoar-in\/","name":"Prick och Fl\u00e4ck sn\u00f6ar in - Walhalla","isPartOf":{"@id":"https:\/\/159.223.20.60\/#website"},"datePublished":"2016-06-15T10:24:35+00:00","dateModified":"2021-08-05T10:45:16+00:00","breadcrumb":{"@id":"https:\/\/walhalla.fi\/sv\/verksamhet\/bokbio2\/prick-och-flack-snoar-in\/#breadcrumb"},"inLanguage":"sv-SE","potentialAction":[{"@type":"ReadAction","target":["https:\/\/walhalla.fi\/sv\/verksamhet\/bokbio2\/prick-och-flack-snoar-in\/"]}]},{"@type":"BreadcrumbList","@id":"https:\/\/walhalla.fi\/sv\/verksamhet\/bokbio2\/prick-och-flack-snoar-in\/#breadcrumb","itemListElement":[{"@type":"ListItem","position":1,"name":"Home","item":"https:\/\/walhalla.fi\/sv\/hemsida\/"},{"@type":"ListItem","position":2,"name":"Verksamhet","item":"https:\/\/walhalla.fi\/sv\/verksamhet\/"},{"@type":"ListItem","position":3,"name":"Bokbio","item":"https:\/\/walhalla.fi\/sv\/verksamhet\/bokbio2\/"},{"@type":"ListItem","position":4,"name":"Prick och Fl\u00e4ck sn\u00f6ar in"}]},{"@type":"WebSite","@id":"https:\/\/159.223.20.60\/#website","url":"https:\/\/159.223.20.60\/","name":"Walhalla","description":"Nordisk filmbyr\u00e5","potentialAction":[{"@type":"SearchAction","target":{"@type":"EntryPoint","urlTemplate":"https:\/\/159.223.20.60\/?s={search_term_string}"},"query-input":"required name=search_term_string"}],"inLanguage":"sv-SE"}]}},"_links":{"self":[{"href":"https:\/\/walhalla.fi\/sv\/wp-json\/wp\/v2\/pages\/1295"}],"collection":[{"href":"https:\/\/walhalla.fi\/sv\/wp-json\/wp\/v2\/pages"}],"about":[{"href":"https:\/\/walhalla.fi\/sv\/wp-json\/wp\/v2\/types\/page"}],"author":[{"embeddable":true,"href":"https:\/\/walhalla.fi\/sv\/wp-json\/wp\/v2\/users\/4"}],"replies":[{"embeddable":true,"href":"https:\/\/walhalla.fi\/sv\/wp-json\/wp\/v2\/comments?post=1295"}],"version-history":[{"count":0,"href":"https:\/\/walhalla.fi\/sv\/wp-json\/wp\/v2\/pages\/1295\/revisions"}],"up":[{"embeddable":true,"href":"https:\/\/walhalla.fi\/sv\/wp-json\/wp\/v2\/pages\/776"}],"wp:attachment":[{"href":"https:\/\/walhalla.fi\/sv\/wp-json\/wp\/v2\/media?parent=1295"}],"curies":[{"name":"wp","href":"https:\/\/api.w.org\/{rel}","templated":true}]}}