{"id":1290,"date":"2016-06-15T12:47:05","date_gmt":"2016-06-15T09:47:05","guid":{"rendered":"https:\/\/walhalla.fi\/sv\/?page_id=1290"},"modified":"2021-09-22T13:51:12","modified_gmt":"2021-09-22T10:51:12","slug":"astons-presenter","status":"publish","type":"page","link":"https:\/\/walhalla.fi\/sv\/verksamhet\/bokbio2\/astons-presenter\/","title":{"rendered":"Astons presenter"},"content":{"rendered":"\n<style type=\"text\/css\" data-created_by=\"avia_inline_auto\" id=\"style-css-av-5rv3fe-8dd4648093f651c4cd0bbd63c526751b\">\n.flex_column.av-5rv3fe-8dd4648093f651c4cd0bbd63c526751b{\nborder-radius:0px 0px 0px 0px;\n-webkit-border-radius:0px 0px 0px 0px;\n-moz-border-radius:0px 0px 0px 0px;\n}\n<\/style>\n<div class='flex_column av-5rv3fe-8dd4648093f651c4cd0bbd63c526751b av_three_fifth  avia-builder-el-0  el_before_av_two_fifth  avia-builder-el-first  first flex_column_div av-zero-column-padding '   ><section  class='av_textblock_section av-kn8kwqp6-a57ea04060c78f4121aebfae32dfc73b'  itemscope=\"itemscope\" itemtype=\"https:\/\/schema.org\/CreativeWork\" ><div class='avia_textblock'  itemprop=\"text\" ><h2>Astons presenter<\/h2>\n<p>Aston fyller \u00e5r! Han f\u00e5r en cykel och med posten kommer det ett paket. Det \u00e4r en drake i paketet, en s\u00e5n man flyger med. Men idag regnar det ute. Aston kan varken prova cykeln eller draken. En film av Lotta och Uzi Geffenblad. L\u00e4ngd 9 min.<\/p>\n<h2>FILMHANDLEDNING<\/h2>\n<p>H\u00e4r kan du ladda ner filmhandledningen till Astons presenter:<\/p>\n<p><a href=\"https:\/\/walhalla.fi\/wp-content\/uploads\/2018\/04\/Astons-presenter-filmhandledning_BOKBIO.pdf\">Astons presenter filmhandledning_BOKBIO<\/a><\/p>\n<h2>L\u00d6SENORD<\/h2>\n<p>F\u00f6r att se\/visa filmen beh\u00f6ver du ett l\u00f6senord, som du ska best\u00e4lla av oss.<\/p>\n<p>Best\u00e4ll l\u00f6senord av oss via e-post. Meddela oss n\u00e4r och var du vill visa filmen.<\/p>\n<p>mikaela.westerlund(at)filmcentrum.fi, tel. 040-5486393<\/p>\n<h2>FILMEN<\/h2>\n<p>H\u00e4r nedan kan du se\/visa filmen. Skriv in det l\u00f6senord du f\u00e5tt fr\u00e5n oss\u00a0i rutan d\u00e4r det fr\u00e5gas efter \u201dpassword\u201d.<\/p>\n<p>Observera att <strong>l\u00f6senordet \u00e4r tidsbundet<\/strong>, s\u00e5 det \u00e4r viktigt att du meddelar oss n\u00e4r du vill se\/visa filmen.<\/p>\n<p>Anv\u00e4nd dig av ikonen l\u00e4ngst ner i h\u00f6gra h\u00f6rnet f\u00f6r att f\u00f6rstora bilden, s\u00e5 att den upptar hela sk\u00e4rmen.<\/p>\n<p>Testa att allt fungerar i god tid innan visningen. Kontakta oss, om du har fr\u00e5gor.<\/p>\n<p><a href=\"https:\/\/vimeo.com\/519074231\" target=\"_blank\" rel=\"noopener\">SE FILMEN &#8221;ASTONS PRESENTER&#8221;<\/a><br \/>\n(h\u00f6gerklicka och v\u00e4lj \u201d\u00d6ppna i ny flik\u201d, f\u00f6r att kunna se filmen i helsk\u00e4rm)<\/p>\n<\/div><\/section><\/div>\n<style type=\"text\/css\" data-created_by=\"avia_inline_auto\" id=\"style-css-av-4tilje-3c2f93ba4fa38157f8445dd36cbc766d\">\n.flex_column.av-4tilje-3c2f93ba4fa38157f8445dd36cbc766d{\nborder-radius:0px 0px 0px 0px;\n-webkit-border-radius:0px 0px 0px 0px;\n-moz-border-radius:0px 0px 0px 0px;\n}\n<\/style>\n<div class='flex_column av-4tilje-3c2f93ba4fa38157f8445dd36cbc766d av_two_fifth  avia-builder-el-2  el_after_av_three_fifth  avia-builder-el-last  flex_column_div av-zero-column-padding '   ><style type=\"text\/css\" data-created_by=\"avia_inline_auto\" id=\"style-css-av-2ca5e2-80405919a198952b166c72a31ef28be2\">\n.avia-image-container.av-2ca5e2-80405919a198952b166c72a31ef28be2 .av-image-caption-overlay-center{\ncolor:#ffffff;\n}\n<\/style>\n<div  class='avia-image-container av-2ca5e2-80405919a198952b166c72a31ef28be2 av-styling-no-styling avia-align-center  avia-builder-el-3  avia-builder-el-no-sibling '  itemprop=\"image\" itemscope=\"itemscope\" itemtype=\"https:\/\/schema.org\/ImageObject\" ><div class=\"avia-image-container-inner\"><div class=\"avia-image-overlay-wrap\"><img decoding=\"async\" class='wp-image-3850 avia-img-lazy-loading-not-3850 avia_image' src=\"https:\/\/walhalla.fi\/wp-content\/uploads\/2016\/06\/aston.png\" alt='' title='aston'  height=\"221\" width=\"234\"  itemprop=\"thumbnailUrl\"  \/><\/div><\/div><\/div><\/div><\/p>\n","protected":false},"excerpt":{"rendered":"","protected":false},"author":4,"featured_media":0,"parent":776,"menu_order":0,"comment_status":"closed","ping_status":"closed","template":"","meta":[],"acf":[],"yoast_head":"<!-- This site is optimized with the Yoast SEO plugin v20.6 - https:\/\/yoast.com\/wordpress\/plugins\/seo\/ -->\n<title>Astons presenter - Walhalla<\/title>\n<meta name=\"robots\" content=\"index, follow, max-snippet:-1, max-image-preview:large, max-video-preview:-1\" \/>\n<link rel=\"canonical\" href=\"https:\/\/walhalla.fi\/sv\/verksamhet\/bokbio2\/astons-presenter\/\" \/>\n<meta property=\"og:locale\" content=\"sv_SE\" \/>\n<meta property=\"og:type\" content=\"article\" \/>\n<meta property=\"og:title\" content=\"Astons presenter - Walhalla\" \/>\n<meta property=\"og:url\" content=\"https:\/\/walhalla.fi\/sv\/verksamhet\/bokbio2\/astons-presenter\/\" \/>\n<meta property=\"og:site_name\" content=\"Walhalla\" \/>\n<meta property=\"article:modified_time\" content=\"2021-09-22T10:51:12+00:00\" \/>\n<meta name=\"twitter:card\" content=\"summary_large_image\" \/>\n<meta name=\"twitter:label1\" content=\"Ber\u00e4knad l\u00e4stid\" \/>\n\t<meta name=\"twitter:data1\" content=\"2 minuter\" \/>\n<script type=\"application\/ld+json\" class=\"yoast-schema-graph\">{\"@context\":\"https:\/\/schema.org\",\"@graph\":[{\"@type\":\"WebPage\",\"@id\":\"https:\/\/walhalla.fi\/sv\/verksamhet\/bokbio2\/astons-presenter\/\",\"url\":\"https:\/\/walhalla.fi\/sv\/verksamhet\/bokbio2\/astons-presenter\/\",\"name\":\"Astons presenter - Walhalla\",\"isPartOf\":{\"@id\":\"https:\/\/159.223.20.60\/#website\"},\"datePublished\":\"2016-06-15T09:47:05+00:00\",\"dateModified\":\"2021-09-22T10:51:12+00:00\",\"breadcrumb\":{\"@id\":\"https:\/\/walhalla.fi\/sv\/verksamhet\/bokbio2\/astons-presenter\/#breadcrumb\"},\"inLanguage\":\"sv-SE\",\"potentialAction\":[{\"@type\":\"ReadAction\",\"target\":[\"https:\/\/walhalla.fi\/sv\/verksamhet\/bokbio2\/astons-presenter\/\"]}]},{\"@type\":\"BreadcrumbList\",\"@id\":\"https:\/\/walhalla.fi\/sv\/verksamhet\/bokbio2\/astons-presenter\/#breadcrumb\",\"itemListElement\":[{\"@type\":\"ListItem\",\"position\":1,\"name\":\"Home\",\"item\":\"https:\/\/walhalla.fi\/sv\/hemsida\/\"},{\"@type\":\"ListItem\",\"position\":2,\"name\":\"Verksamhet\",\"item\":\"https:\/\/walhalla.fi\/sv\/verksamhet\/\"},{\"@type\":\"ListItem\",\"position\":3,\"name\":\"Bokbio\",\"item\":\"https:\/\/walhalla.fi\/sv\/verksamhet\/bokbio2\/\"},{\"@type\":\"ListItem\",\"position\":4,\"name\":\"Astons presenter\"}]},{\"@type\":\"WebSite\",\"@id\":\"https:\/\/159.223.20.60\/#website\",\"url\":\"https:\/\/159.223.20.60\/\",\"name\":\"Walhalla\",\"description\":\"Nordisk filmbyr\u00e5\",\"potentialAction\":[{\"@type\":\"SearchAction\",\"target\":{\"@type\":\"EntryPoint\",\"urlTemplate\":\"https:\/\/159.223.20.60\/?s={search_term_string}\"},\"query-input\":\"required name=search_term_string\"}],\"inLanguage\":\"sv-SE\"}]}<\/script>\n<!-- \/ Yoast SEO plugin. -->","yoast_head_json":{"title":"Astons presenter - Walhalla","robots":{"index":"index","follow":"follow","max-snippet":"max-snippet:-1","max-image-preview":"max-image-preview:large","max-video-preview":"max-video-preview:-1"},"canonical":"https:\/\/walhalla.fi\/sv\/verksamhet\/bokbio2\/astons-presenter\/","og_locale":"sv_SE","og_type":"article","og_title":"Astons presenter - Walhalla","og_url":"https:\/\/walhalla.fi\/sv\/verksamhet\/bokbio2\/astons-presenter\/","og_site_name":"Walhalla","article_modified_time":"2021-09-22T10:51:12+00:00","twitter_card":"summary_large_image","twitter_misc":{"Ber\u00e4knad l\u00e4stid":"2 minuter"},"schema":{"@context":"https:\/\/schema.org","@graph":[{"@type":"WebPage","@id":"https:\/\/walhalla.fi\/sv\/verksamhet\/bokbio2\/astons-presenter\/","url":"https:\/\/walhalla.fi\/sv\/verksamhet\/bokbio2\/astons-presenter\/","name":"Astons presenter - Walhalla","isPartOf":{"@id":"https:\/\/159.223.20.60\/#website"},"datePublished":"2016-06-15T09:47:05+00:00","dateModified":"2021-09-22T10:51:12+00:00","breadcrumb":{"@id":"https:\/\/walhalla.fi\/sv\/verksamhet\/bokbio2\/astons-presenter\/#breadcrumb"},"inLanguage":"sv-SE","potentialAction":[{"@type":"ReadAction","target":["https:\/\/walhalla.fi\/sv\/verksamhet\/bokbio2\/astons-presenter\/"]}]},{"@type":"BreadcrumbList","@id":"https:\/\/walhalla.fi\/sv\/verksamhet\/bokbio2\/astons-presenter\/#breadcrumb","itemListElement":[{"@type":"ListItem","position":1,"name":"Home","item":"https:\/\/walhalla.fi\/sv\/hemsida\/"},{"@type":"ListItem","position":2,"name":"Verksamhet","item":"https:\/\/walhalla.fi\/sv\/verksamhet\/"},{"@type":"ListItem","position":3,"name":"Bokbio","item":"https:\/\/walhalla.fi\/sv\/verksamhet\/bokbio2\/"},{"@type":"ListItem","position":4,"name":"Astons presenter"}]},{"@type":"WebSite","@id":"https:\/\/159.223.20.60\/#website","url":"https:\/\/159.223.20.60\/","name":"Walhalla","description":"Nordisk filmbyr\u00e5","potentialAction":[{"@type":"SearchAction","target":{"@type":"EntryPoint","urlTemplate":"https:\/\/159.223.20.60\/?s={search_term_string}"},"query-input":"required name=search_term_string"}],"inLanguage":"sv-SE"}]}},"_links":{"self":[{"href":"https:\/\/walhalla.fi\/sv\/wp-json\/wp\/v2\/pages\/1290"}],"collection":[{"href":"https:\/\/walhalla.fi\/sv\/wp-json\/wp\/v2\/pages"}],"about":[{"href":"https:\/\/walhalla.fi\/sv\/wp-json\/wp\/v2\/types\/page"}],"author":[{"embeddable":true,"href":"https:\/\/walhalla.fi\/sv\/wp-json\/wp\/v2\/users\/4"}],"replies":[{"embeddable":true,"href":"https:\/\/walhalla.fi\/sv\/wp-json\/wp\/v2\/comments?post=1290"}],"version-history":[{"count":0,"href":"https:\/\/walhalla.fi\/sv\/wp-json\/wp\/v2\/pages\/1290\/revisions"}],"up":[{"embeddable":true,"href":"https:\/\/walhalla.fi\/sv\/wp-json\/wp\/v2\/pages\/776"}],"wp:attachment":[{"href":"https:\/\/walhalla.fi\/sv\/wp-json\/wp\/v2\/media?parent=1290"}],"curies":[{"name":"wp","href":"https:\/\/api.w.org\/{rel}","templated":true}]}}