{"id":1192,"date":"2016-01-22T11:52:54","date_gmt":"2016-01-22T11:52:54","guid":{"rendered":"https:\/\/walhalla.fi\/sv\/?page_id=1192"},"modified":"2022-11-10T14:25:54","modified_gmt":"2022-11-10T12:25:54","slug":"festivalsamarbete","status":"publish","type":"page","link":"https:\/\/walhalla.fi\/sv\/verksamhet\/festivalsamarbete\/","title":{"rendered":"Festivalsamarbete"},"content":{"rendered":"<div class='flex_column av-28c9ag-2bd44fd6d29d5cc37256b42c1c94d2b3 av_one_full  avia-builder-el-0  avia-builder-el-no-sibling  first flex_column_div '   ><section  class='av_textblock_section av-lab1ixwo-2f3b766f8ddf6ce23371a2fbca56dde6'  itemscope=\"itemscope\" itemtype=\"https:\/\/schema.org\/CreativeWork\" ><div class='avia_textblock'  itemprop=\"text\" ><h1>Festivalsamarbete<\/h1>\n<p>Walhalla samarbetar med ett flertal filmfestivaler runt om i landet f\u00f6r att p\u00e5 s\u00e5 s\u00e4tt bidra till att landsomfattande skapa fler m\u00f6jligheter f\u00f6r publiken att se nordisk film.<\/p>\n<p>Denna h\u00f6st samarbetar vi bl.a. med<\/p>\n<p>Kokkolan Kinojuhlat<\/p>\n<p>Blue Sea Film Festival i Raumo<\/p>\n<p>Yhdess\u00e4! Tillsammans! i Joensuu<\/p>\n<p>Laikku i Jyv\u00e4skyl\u00e4<\/p>\n<p>Arktisen upeeta i Jyv\u00e4skyl\u00e4<\/p>\n<p>Kemin uuden elokuvan viikonloppu<\/p>\n<p>Hang\u00f6 Filmfest<\/p>\n<\/div><\/section><\/div>\n","protected":false},"excerpt":{"rendered":"","protected":false},"author":4,"featured_media":3787,"parent":765,"menu_order":0,"comment_status":"closed","ping_status":"closed","template":"","meta":[],"acf":[],"yoast_head":"<!-- This site is optimized with the Yoast SEO plugin v20.6 - https:\/\/yoast.com\/wordpress\/plugins\/seo\/ -->\n<title>Festivalsamarbete - Walhalla<\/title>\n<meta name=\"robots\" content=\"index, follow, max-snippet:-1, max-image-preview:large, max-video-preview:-1\" \/>\n<link rel=\"canonical\" href=\"https:\/\/walhalla.fi\/sv\/verksamhet\/festivalsamarbete\/\" \/>\n<meta property=\"og:locale\" content=\"sv_SE\" \/>\n<meta property=\"og:type\" content=\"article\" \/>\n<meta property=\"og:title\" content=\"Festivalsamarbete - Walhalla\" \/>\n<meta property=\"og:url\" content=\"https:\/\/walhalla.fi\/sv\/verksamhet\/festivalsamarbete\/\" \/>\n<meta property=\"og:site_name\" content=\"Walhalla\" \/>\n<meta property=\"article:modified_time\" content=\"2022-11-10T12:25:54+00:00\" \/>\n<meta property=\"og:image\" content=\"https:\/\/159.223.20.60\/wp-content\/uploads\/2022\/11\/5.-CLARA-SOLA__Hobab__ResolveMedia__NeedProductions__PacificaGrey__LaidkaFilms__SophieWinqvist.jpeg\" \/>\n\t<meta property=\"og:image:width\" content=\"1500\" \/>\n\t<meta property=\"og:image:height\" content=\"627\" \/>\n\t<meta property=\"og:image:type\" content=\"image\/jpeg\" \/>\n<meta name=\"twitter:card\" content=\"summary_large_image\" \/>\n<meta name=\"twitter:label1\" content=\"Ber\u00e4knad l\u00e4stid\" \/>\n\t<meta name=\"twitter:data1\" content=\"2 minuter\" \/>\n<script type=\"application\/ld+json\" class=\"yoast-schema-graph\">{\"@context\":\"https:\/\/schema.org\",\"@graph\":[{\"@type\":\"WebPage\",\"@id\":\"https:\/\/walhalla.fi\/sv\/verksamhet\/festivalsamarbete\/\",\"url\":\"https:\/\/walhalla.fi\/sv\/verksamhet\/festivalsamarbete\/\",\"name\":\"Festivalsamarbete - Walhalla\",\"isPartOf\":{\"@id\":\"https:\/\/159.223.20.60\/#website\"},\"datePublished\":\"2016-01-22T11:52:54+00:00\",\"dateModified\":\"2022-11-10T12:25:54+00:00\",\"breadcrumb\":{\"@id\":\"https:\/\/walhalla.fi\/sv\/verksamhet\/festivalsamarbete\/#breadcrumb\"},\"inLanguage\":\"sv-SE\",\"potentialAction\":[{\"@type\":\"ReadAction\",\"target\":[\"https:\/\/walhalla.fi\/sv\/verksamhet\/festivalsamarbete\/\"]}]},{\"@type\":\"BreadcrumbList\",\"@id\":\"https:\/\/walhalla.fi\/sv\/verksamhet\/festivalsamarbete\/#breadcrumb\",\"itemListElement\":[{\"@type\":\"ListItem\",\"position\":1,\"name\":\"Home\",\"item\":\"https:\/\/walhalla.fi\/sv\/hemsida\/\"},{\"@type\":\"ListItem\",\"position\":2,\"name\":\"Verksamhet\",\"item\":\"https:\/\/walhalla.fi\/sv\/verksamhet\/\"},{\"@type\":\"ListItem\",\"position\":3,\"name\":\"Festivalsamarbete\"}]},{\"@type\":\"WebSite\",\"@id\":\"https:\/\/159.223.20.60\/#website\",\"url\":\"https:\/\/159.223.20.60\/\",\"name\":\"Walhalla\",\"description\":\"Nordisk filmbyr\u00e5\",\"potentialAction\":[{\"@type\":\"SearchAction\",\"target\":{\"@type\":\"EntryPoint\",\"urlTemplate\":\"https:\/\/159.223.20.60\/?s={search_term_string}\"},\"query-input\":\"required name=search_term_string\"}],\"inLanguage\":\"sv-SE\"}]}<\/script>\n<!-- \/ Yoast SEO plugin. -->","yoast_head_json":{"title":"Festivalsamarbete - Walhalla","robots":{"index":"index","follow":"follow","max-snippet":"max-snippet:-1","max-image-preview":"max-image-preview:large","max-video-preview":"max-video-preview:-1"},"canonical":"https:\/\/walhalla.fi\/sv\/verksamhet\/festivalsamarbete\/","og_locale":"sv_SE","og_type":"article","og_title":"Festivalsamarbete - Walhalla","og_url":"https:\/\/walhalla.fi\/sv\/verksamhet\/festivalsamarbete\/","og_site_name":"Walhalla","article_modified_time":"2022-11-10T12:25:54+00:00","og_image":[{"width":1500,"height":627,"url":"https:\/\/159.223.20.60\/wp-content\/uploads\/2022\/11\/5.-CLARA-SOLA__Hobab__ResolveMedia__NeedProductions__PacificaGrey__LaidkaFilms__SophieWinqvist.jpeg","type":"image\/jpeg"}],"twitter_card":"summary_large_image","twitter_misc":{"Ber\u00e4knad l\u00e4stid":"2 minuter"},"schema":{"@context":"https:\/\/schema.org","@graph":[{"@type":"WebPage","@id":"https:\/\/walhalla.fi\/sv\/verksamhet\/festivalsamarbete\/","url":"https:\/\/walhalla.fi\/sv\/verksamhet\/festivalsamarbete\/","name":"Festivalsamarbete - Walhalla","isPartOf":{"@id":"https:\/\/159.223.20.60\/#website"},"datePublished":"2016-01-22T11:52:54+00:00","dateModified":"2022-11-10T12:25:54+00:00","breadcrumb":{"@id":"https:\/\/walhalla.fi\/sv\/verksamhet\/festivalsamarbete\/#breadcrumb"},"inLanguage":"sv-SE","potentialAction":[{"@type":"ReadAction","target":["https:\/\/walhalla.fi\/sv\/verksamhet\/festivalsamarbete\/"]}]},{"@type":"BreadcrumbList","@id":"https:\/\/walhalla.fi\/sv\/verksamhet\/festivalsamarbete\/#breadcrumb","itemListElement":[{"@type":"ListItem","position":1,"name":"Home","item":"https:\/\/walhalla.fi\/sv\/hemsida\/"},{"@type":"ListItem","position":2,"name":"Verksamhet","item":"https:\/\/walhalla.fi\/sv\/verksamhet\/"},{"@type":"ListItem","position":3,"name":"Festivalsamarbete"}]},{"@type":"WebSite","@id":"https:\/\/159.223.20.60\/#website","url":"https:\/\/159.223.20.60\/","name":"Walhalla","description":"Nordisk filmbyr\u00e5","potentialAction":[{"@type":"SearchAction","target":{"@type":"EntryPoint","urlTemplate":"https:\/\/159.223.20.60\/?s={search_term_string}"},"query-input":"required name=search_term_string"}],"inLanguage":"sv-SE"}]}},"_links":{"self":[{"href":"https:\/\/walhalla.fi\/sv\/wp-json\/wp\/v2\/pages\/1192"}],"collection":[{"href":"https:\/\/walhalla.fi\/sv\/wp-json\/wp\/v2\/pages"}],"about":[{"href":"https:\/\/walhalla.fi\/sv\/wp-json\/wp\/v2\/types\/page"}],"author":[{"embeddable":true,"href":"https:\/\/walhalla.fi\/sv\/wp-json\/wp\/v2\/users\/4"}],"replies":[{"embeddable":true,"href":"https:\/\/walhalla.fi\/sv\/wp-json\/wp\/v2\/comments?post=1192"}],"version-history":[{"count":0,"href":"https:\/\/walhalla.fi\/sv\/wp-json\/wp\/v2\/pages\/1192\/revisions"}],"up":[{"embeddable":true,"href":"https:\/\/walhalla.fi\/sv\/wp-json\/wp\/v2\/pages\/765"}],"wp:featuredmedia":[{"embeddable":true,"href":"https:\/\/walhalla.fi\/sv\/wp-json\/wp\/v2\/media\/3787"}],"wp:attachment":[{"href":"https:\/\/walhalla.fi\/sv\/wp-json\/wp\/v2\/media?parent=1192"}],"curies":[{"name":"wp","href":"https:\/\/api.w.org\/{rel}","templated":true}]}}