{"id":1010,"date":"2016-01-18T10:22:39","date_gmt":"2016-01-18T10:22:39","guid":{"rendered":"https:\/\/walhalla.fi\/sv\/?page_id=1010"},"modified":"2016-01-22T10:36:41","modified_gmt":"2016-01-22T10:36:41","slug":"filmkamraten","status":"publish","type":"page","link":"https:\/\/walhalla.fi\/sv\/verksamhet\/filmkamraten\/","title":{"rendered":"Filmkamraten"},"content":{"rendered":"\n<style type=\"text\/css\" data-created_by=\"avia_inline_auto\" id=\"style-css-av-av_three_fifth-9497bbf8bff73ea4c6992cc17fa9ec36\">\n.flex_column.av-av_three_fifth-9497bbf8bff73ea4c6992cc17fa9ec36{\nborder-radius:0px 0px 0px 0px;\n-webkit-border-radius:0px 0px 0px 0px;\n-moz-border-radius:0px 0px 0px 0px;\n}\n<\/style>\n<div class='flex_column av-av_three_fifth-9497bbf8bff73ea4c6992cc17fa9ec36 av_three_fifth  avia-builder-el-0  el_before_av_two_fifth  avia-builder-el-first  first flex_column_div av-zero-column-padding '   ><section  class='av_textblock_section av-av_textblock-35972167d9f102c5ddaec0c531c98b9e'  itemscope=\"itemscope\" itemtype=\"https:\/\/schema.org\/CreativeWork\" ><div class='avia_textblock'  itemprop=\"text\" ><h2>FILMKAMRATEN<\/h2>\n<p><strong>Filmkamraten \u00e4r ett filmpedagogiskt verktyg<\/strong><\/p>\n<p>Filmkamraten erbjuder ett nytt, audiovisuellt verktyg f\u00f6r filmfostran att anv\u00e4ndas f\u00f6r \u00e5rskurs 1 till 6. Materialet finns fritt till f\u00f6rfogande p\u00e5 www.filmkamraten.fi. Tj\u00e4nsten riktar sig till svenskspr\u00e5kiga skolor och \u00e4r gjord ocks\u00e5\u00a0med spr\u00e5kbadselever i \u00e5tanke. Tj\u00e4nsten \u00e4r utarbetad och verkst\u00e4lls av Walhalla och Finlandssvenskt filmcentrum med st\u00f6d av Undervisnings- och kulturministeriet.<\/p>\n<p><a href=\"http:\/\/www.filmkamraten.fi\" target=\"_blank\" rel=\"noopener\">www.filmkamraten.fi<\/a><\/p>\n<\/div><\/section><\/div>\n<style type=\"text\/css\" data-created_by=\"avia_inline_auto\" id=\"style-css-av-av_two_fifth-9c1d454dc06f7247226bc4e8f931daae\">\n.flex_column.av-av_two_fifth-9c1d454dc06f7247226bc4e8f931daae{\nborder-radius:0px 0px 0px 0px;\n-webkit-border-radius:0px 0px 0px 0px;\n-moz-border-radius:0px 0px 0px 0px;\n}\n<\/style>\n<div class='flex_column av-av_two_fifth-9c1d454dc06f7247226bc4e8f931daae av_two_fifth  avia-builder-el-2  el_after_av_three_fifth  avia-builder-el-last  flex_column_div av-zero-column-padding '   ><style type=\"text\/css\" data-created_by=\"avia_inline_auto\" id=\"style-css-av-av_image-21fa75b9cdd03e985e2d1817db0d9ffd\">\n.avia-image-container.av-av_image-21fa75b9cdd03e985e2d1817db0d9ffd .av-image-caption-overlay-center{\ncolor:#ffffff;\n}\n<\/style>\n<div  class='avia-image-container av-av_image-21fa75b9cdd03e985e2d1817db0d9ffd av-styling-no-styling avia-align-center  avia-builder-el-3  avia-builder-el-no-sibling '  itemprop=\"image\" itemscope=\"itemscope\" itemtype=\"https:\/\/schema.org\/ImageObject\" ><div class=\"avia-image-container-inner\"><div class=\"avia-image-overlay-wrap\"><img decoding=\"async\" class='wp-image-3832 avia-img-lazy-loading-not-3832 avia_image' src=\"https:\/\/walhalla.fi\/wp-content\/uploads\/2016\/01\/Filmkamraten_logo_punainen_RGB-300x95.png\" alt='' title='Filmkamraten_logo_punainen_RGB'  height=\"95\" width=\"300\"  itemprop=\"thumbnailUrl\" srcset=\"https:\/\/walhalla.fi\/wp-content\/uploads\/2016\/01\/Filmkamraten_logo_punainen_RGB-300x95.png 300w, https:\/\/walhalla.fi\/wp-content\/uploads\/2016\/01\/Filmkamraten_logo_punainen_RGB-768x244.png 768w, https:\/\/walhalla.fi\/wp-content\/uploads\/2016\/01\/Filmkamraten_logo_punainen_RGB-705x224.png 705w, https:\/\/walhalla.fi\/wp-content\/uploads\/2016\/01\/Filmkamraten_logo_punainen_RGB-450x143.png 450w, https:\/\/walhalla.fi\/wp-content\/uploads\/2016\/01\/Filmkamraten_logo_punainen_RGB.png 983w\" sizes=\"(max-width: 300px) 100vw, 300px\" \/><\/div><\/div><\/div><\/div><\/p>\n","protected":false},"excerpt":{"rendered":"","protected":false},"author":4,"featured_media":0,"parent":765,"menu_order":0,"comment_status":"closed","ping_status":"closed","template":"","meta":[],"acf":[],"yoast_head":"<!-- This site is optimized with the Yoast SEO plugin v20.6 - https:\/\/yoast.com\/wordpress\/plugins\/seo\/ -->\n<title>Filmkamraten - Walhalla<\/title>\n<meta name=\"robots\" content=\"index, follow, max-snippet:-1, max-image-preview:large, max-video-preview:-1\" \/>\n<link rel=\"canonical\" href=\"https:\/\/walhalla.fi\/sv\/verksamhet\/filmkamraten\/\" \/>\n<meta property=\"og:locale\" content=\"sv_SE\" \/>\n<meta property=\"og:type\" content=\"article\" \/>\n<meta property=\"og:title\" content=\"Filmkamraten - Walhalla\" \/>\n<meta property=\"og:url\" content=\"https:\/\/walhalla.fi\/sv\/verksamhet\/filmkamraten\/\" \/>\n<meta property=\"og:site_name\" content=\"Walhalla\" \/>\n<meta property=\"article:modified_time\" content=\"2016-01-22T10:36:41+00:00\" \/>\n<meta name=\"twitter:card\" content=\"summary_large_image\" \/>\n<meta name=\"twitter:label1\" content=\"Ber\u00e4knad l\u00e4stid\" \/>\n\t<meta name=\"twitter:data1\" content=\"1 minut\" \/>\n<script type=\"application\/ld+json\" class=\"yoast-schema-graph\">{\"@context\":\"https:\/\/schema.org\",\"@graph\":[{\"@type\":\"WebPage\",\"@id\":\"https:\/\/walhalla.fi\/sv\/verksamhet\/filmkamraten\/\",\"url\":\"https:\/\/walhalla.fi\/sv\/verksamhet\/filmkamraten\/\",\"name\":\"Filmkamraten - Walhalla\",\"isPartOf\":{\"@id\":\"https:\/\/159.223.20.60\/#website\"},\"datePublished\":\"2016-01-18T10:22:39+00:00\",\"dateModified\":\"2016-01-22T10:36:41+00:00\",\"breadcrumb\":{\"@id\":\"https:\/\/walhalla.fi\/sv\/verksamhet\/filmkamraten\/#breadcrumb\"},\"inLanguage\":\"sv-SE\",\"potentialAction\":[{\"@type\":\"ReadAction\",\"target\":[\"https:\/\/walhalla.fi\/sv\/verksamhet\/filmkamraten\/\"]}]},{\"@type\":\"BreadcrumbList\",\"@id\":\"https:\/\/walhalla.fi\/sv\/verksamhet\/filmkamraten\/#breadcrumb\",\"itemListElement\":[{\"@type\":\"ListItem\",\"position\":1,\"name\":\"Home\",\"item\":\"https:\/\/walhalla.fi\/sv\/hemsida\/\"},{\"@type\":\"ListItem\",\"position\":2,\"name\":\"Verksamhet\",\"item\":\"https:\/\/walhalla.fi\/sv\/verksamhet\/\"},{\"@type\":\"ListItem\",\"position\":3,\"name\":\"Filmkamraten\"}]},{\"@type\":\"WebSite\",\"@id\":\"https:\/\/159.223.20.60\/#website\",\"url\":\"https:\/\/159.223.20.60\/\",\"name\":\"Walhalla\",\"description\":\"Nordisk filmbyr\u00e5\",\"potentialAction\":[{\"@type\":\"SearchAction\",\"target\":{\"@type\":\"EntryPoint\",\"urlTemplate\":\"https:\/\/159.223.20.60\/?s={search_term_string}\"},\"query-input\":\"required name=search_term_string\"}],\"inLanguage\":\"sv-SE\"}]}<\/script>\n<!-- \/ Yoast SEO plugin. -->","yoast_head_json":{"title":"Filmkamraten - Walhalla","robots":{"index":"index","follow":"follow","max-snippet":"max-snippet:-1","max-image-preview":"max-image-preview:large","max-video-preview":"max-video-preview:-1"},"canonical":"https:\/\/walhalla.fi\/sv\/verksamhet\/filmkamraten\/","og_locale":"sv_SE","og_type":"article","og_title":"Filmkamraten - Walhalla","og_url":"https:\/\/walhalla.fi\/sv\/verksamhet\/filmkamraten\/","og_site_name":"Walhalla","article_modified_time":"2016-01-22T10:36:41+00:00","twitter_card":"summary_large_image","twitter_misc":{"Ber\u00e4knad l\u00e4stid":"1 minut"},"schema":{"@context":"https:\/\/schema.org","@graph":[{"@type":"WebPage","@id":"https:\/\/walhalla.fi\/sv\/verksamhet\/filmkamraten\/","url":"https:\/\/walhalla.fi\/sv\/verksamhet\/filmkamraten\/","name":"Filmkamraten - Walhalla","isPartOf":{"@id":"https:\/\/159.223.20.60\/#website"},"datePublished":"2016-01-18T10:22:39+00:00","dateModified":"2016-01-22T10:36:41+00:00","breadcrumb":{"@id":"https:\/\/walhalla.fi\/sv\/verksamhet\/filmkamraten\/#breadcrumb"},"inLanguage":"sv-SE","potentialAction":[{"@type":"ReadAction","target":["https:\/\/walhalla.fi\/sv\/verksamhet\/filmkamraten\/"]}]},{"@type":"BreadcrumbList","@id":"https:\/\/walhalla.fi\/sv\/verksamhet\/filmkamraten\/#breadcrumb","itemListElement":[{"@type":"ListItem","position":1,"name":"Home","item":"https:\/\/walhalla.fi\/sv\/hemsida\/"},{"@type":"ListItem","position":2,"name":"Verksamhet","item":"https:\/\/walhalla.fi\/sv\/verksamhet\/"},{"@type":"ListItem","position":3,"name":"Filmkamraten"}]},{"@type":"WebSite","@id":"https:\/\/159.223.20.60\/#website","url":"https:\/\/159.223.20.60\/","name":"Walhalla","description":"Nordisk filmbyr\u00e5","potentialAction":[{"@type":"SearchAction","target":{"@type":"EntryPoint","urlTemplate":"https:\/\/159.223.20.60\/?s={search_term_string}"},"query-input":"required name=search_term_string"}],"inLanguage":"sv-SE"}]}},"_links":{"self":[{"href":"https:\/\/walhalla.fi\/sv\/wp-json\/wp\/v2\/pages\/1010"}],"collection":[{"href":"https:\/\/walhalla.fi\/sv\/wp-json\/wp\/v2\/pages"}],"about":[{"href":"https:\/\/walhalla.fi\/sv\/wp-json\/wp\/v2\/types\/page"}],"author":[{"embeddable":true,"href":"https:\/\/walhalla.fi\/sv\/wp-json\/wp\/v2\/users\/4"}],"replies":[{"embeddable":true,"href":"https:\/\/walhalla.fi\/sv\/wp-json\/wp\/v2\/comments?post=1010"}],"version-history":[{"count":0,"href":"https:\/\/walhalla.fi\/sv\/wp-json\/wp\/v2\/pages\/1010\/revisions"}],"up":[{"embeddable":true,"href":"https:\/\/walhalla.fi\/sv\/wp-json\/wp\/v2\/pages\/765"}],"wp:attachment":[{"href":"https:\/\/walhalla.fi\/sv\/wp-json\/wp\/v2\/media?parent=1010"}],"curies":[{"name":"wp","href":"https:\/\/api.w.org\/{rel}","templated":true}]}}